{"id":1022,"date":"2025-02-17T17:31:59","date_gmt":"2025-02-17T13:31:59","guid":{"rendered":"https:\/\/milliprint.az\/?post_type=product&#038;p=1022"},"modified":"2025-02-17T17:44:26","modified_gmt":"2025-02-17T13:44:26","slug":"plakat-poster-hazirlanmasi-plakat-poster-qiym%c9%99ti-v%c9%99-sifarisi","status":"publish","type":"product","link":"https:\/\/milliprint.az\/?product=plakat-poster-hazirlanmasi-plakat-poster-qiym%c9%99ti-v%c9%99-sifarisi","title":{"rendered":"Plakat (poster) haz\u0131rlanmas\u0131. Plakat (poster) qiym\u0259ti v\u0259 sifari\u015fi"},"content":{"rendered":"<div class=\"flex max-w-full flex-col flex-grow\">\n<div class=\"min-h-8 text-message flex w-full flex-col items-end gap-2 whitespace-normal break-words text-start [.text-message+&amp;]:mt-5\" dir=\"auto\" data-message-author-role=\"assistant\" data-message-id=\"98d38cc5-9248-4116-975b-6a34bf8c7fd1\" data-message-model-slug=\"gpt-4o\">\n<div class=\"flex w-full flex-col gap-1 empty:hidden first:pt-[3px]\">\n<div class=\"markdown prose w-full break-words dark:prose-invert dark\">\n<div class=\"flex max-w-full flex-col flex-grow\">\n<div class=\"min-h-8 text-message flex w-full flex-col items-end gap-2 whitespace-normal break-words text-start [.text-message+&amp;]:mt-5\" dir=\"auto\" data-message-author-role=\"assistant\" data-message-id=\"1906c6ea-43da-4f79-a36c-c894f652ccbe\" data-message-model-slug=\"gpt-4o\">\n<div class=\"flex w-full flex-col gap-1 empty:hidden first:pt-[3px]\">\n<div class=\"markdown prose w-full break-words dark:prose-invert dark\">\n<p data-start=\"0\" data-end=\"53\"><strong data-start=\"0\" data-end=\"51\">Plakat \u00c7ap Xidm\u0259ti \u2013 S\u00fcr\u0259tli v\u0259 Keyfiyy\u0259tli \u00c7ap<\/strong><\/p>\n<p data-start=\"55\" data-end=\"238\">Brendinizi v\u0259 elanlar\u0131n\u0131z\u0131 geni\u015f auditoriyaya \u00e7atd\u0131rmaq \u00fc\u00e7\u00fcn plakat (poster) sifari\u015f edin! Y\u00fcks\u0259k keyfiyy\u0259tli plakat \u00e7ap xidm\u0259ti il\u0259 ist\u0259nil\u0259n \u00f6l\u00e7\u00fc v\u0259 dizaynda sifari\u015f q\u0259bul edirik.<\/p>\n<p data-start=\"240\" data-end=\"331\">\u2705 Canl\u0131 r\u0259ngl\u0259r, keyfiyy\u0259tli ka\u011f\u0131z<br data-start=\"274\" data-end=\"277\" \/>\u2705 S\u00fcr\u0259tli \u00e7ap v\u0259 \u00e7atd\u0131r\u0131lma<br data-start=\"304\" data-end=\"307\" \/>\u2705 F\u0259rdi dizayn xidm\u0259ti<\/p>\n<p data-start=\"333\" data-end=\"535\">\ud83d\udcde <strong data-start=\"336\" data-end=\"378\">Qiym\u0259tl\u0259r \u00fc\u00e7\u00fcn biziml\u0259 \u0259laq\u0259 saxlay\u0131n:<\/strong> 055 292 99 33<br data-start=\"392\" data-end=\"395\" \/>Plakat\u0131n qiym\u0259ti sifari\u015fin say\u0131na, ka\u011f\u0131z\u0131n material\u0131na, qal\u0131nl\u0131\u011f\u0131na v\u0259 \u00f6l\u00e7\u00fcs\u00fcn\u0259 g\u00f6r\u0259 d\u0259yi\u015fir. \u018ftrafl\u0131 m\u0259lumat \u00fc\u00e7\u00fcn biziml\u0259 \u0259laq\u0259 saxlay\u0131n!<\/p>\n<hr data-start=\"537\" data-end=\"540\" \/>\n<h3 data-start=\"542\" data-end=\"592\"><strong data-start=\"546\" data-end=\"590\">Plakat \u00c7ap\u0131 \u2013 Effektiv Reklam Vasit\u0259niz!<\/strong><\/h3>\n<h4 data-start=\"594\" data-end=\"618\"><strong data-start=\"599\" data-end=\"616\">Plakat N\u0259dir?<\/strong><\/h4>\n<p data-start=\"619\" data-end=\"816\">Plakat (poster) \u2014 m\u0259hsul, xidm\u0259t v\u0259 ya t\u0259dbirl\u0259ri reklam etm\u0259k \u00fc\u00e7\u00fcn istifad\u0259 olunan vizual vasit\u0259dir. C\u0259lbedici dizayn\u0131 v\u0259 diqq\u0259t\u00e7\u0259k\u0259n mesajlar\u0131 il\u0259 geni\u015f auditoriyaya t\u0259sir etm\u0259y\u0259 imkan yarad\u0131r.<\/p>\n<h3 data-start=\"818\" data-end=\"872\"><strong data-start=\"822\" data-end=\"870\">Plakat Sifari\u015fi \u2013 N\u0259l\u0259r\u0259 Diqq\u0259t Etm\u0259lisiniz?<\/strong><\/h3>\n<p data-start=\"874\" data-end=\"1200\">\u2714 <strong data-start=\"876\" data-end=\"898\">Ayd\u0131n v\u0259 q\u0131sa m\u0259tn<\/strong> \u2013 Mesaj s\u00fcr\u0259tli v\u0259 anla\u015f\u0131ql\u0131 olmal\u0131d\u0131r.<br data-start=\"938\" data-end=\"941\" \/>\u2714 <strong data-start=\"943\" data-end=\"963\">C\u0259lbedici dizayn<\/strong> \u2013 R\u0259ngl\u0259r, qrafik elementl\u0259r v\u0259 \u015f\u0259kill\u0259r diqq\u0259t\u00e7\u0259k\u0259n olmal\u0131d\u0131r.<br data-start=\"1027\" data-end=\"1030\" \/>\u2714 <strong data-start=\"1032\" data-end=\"1057\">Y\u00fcks\u0259k \u00e7ap keyfiyy\u0259ti<\/strong> \u2013 Canl\u0131 r\u0259ngl\u0259r v\u0259 m\u00f6hk\u0259m material vizual t\u0259siri art\u0131r\u0131r.<br data-start=\"1115\" data-end=\"1118\" \/>\u2714 <strong data-start=\"1120\" data-end=\"1144\">Uy\u011fun \u00f6l\u00e7\u00fc v\u0259 format<\/strong> \u2013 \u0130stifad\u0259 m\u0259qs\u0259din\u0259 uy\u011fun plakat dizayn edilm\u0259lidir.<\/p>\n<h3 data-start=\"1202\" data-end=\"1249\"><strong data-start=\"1206\" data-end=\"1247\">Plakat Sifari\u015fi Kiml\u0259r \u00dc\u00e7\u00fcn Uy\u011fundur?<\/strong><\/h3>\n<p data-start=\"1251\" data-end=\"1621\">\ud83d\udccc <strong data-start=\"1254\" data-end=\"1277\">Biznes v\u0259 \u015firk\u0259tl\u0259r<\/strong> \u2013 Brend v\u0259 m\u0259hsullar\u0131n tan\u0131t\u0131m\u0131 \u00fc\u00e7\u00fcn.<br data-start=\"1315\" data-end=\"1318\" \/>\ud83d\udccc <strong data-start=\"1321\" data-end=\"1346\">T\u0259dbir t\u0259\u015fkilat\u00e7\u0131lar\u0131<\/strong> \u2013 Konsertl\u0259r, s\u0259rgil\u0259r v\u0259 kampaniyalar \u00fc\u00e7\u00fcn.<br data-start=\"1391\" data-end=\"1394\" \/>\ud83d\udccc <strong data-start=\"1397\" data-end=\"1420\">Restoran v\u0259 kafel\u0259r<\/strong> \u2013 Menyular, endiriml\u0259r v\u0259 x\u00fcsusi t\u0259klifl\u0259r \u00fc\u00e7\u00fcn.<br data-start=\"1469\" data-end=\"1472\" \/>\ud83d\udccc <strong data-start=\"1475\" data-end=\"1499\">S\u0259hiyy\u0259 v\u0259 kosmetika<\/strong> \u2013 Klinika v\u0259 g\u00f6z\u0259llik m\u0259rk\u0259zl\u0259rinin reklam\u0131 \u00fc\u00e7\u00fcn.<br data-start=\"1549\" data-end=\"1552\" \/>\ud83d\udccc <strong data-start=\"1555\" data-end=\"1572\">\u018fmlak sektoru<\/strong> \u2013 M\u0259nzil, ofis v\u0259 torpaq sat\u0131\u015f\u0131 elanlar\u0131 \u00fc\u00e7\u00fcn.<\/p>\n<hr data-start=\"1623\" data-end=\"1626\" \/>\n<h3 data-start=\"1628\" data-end=\"1670\"><strong data-start=\"1632\" data-end=\"1668\">Plakat \u00c7ap\u0131nda Keyfiyy\u0259tin \u00d6n\u0259mi<\/strong><\/h3>\n<p data-start=\"1672\" data-end=\"1830\">Plakat\u0131n\u0131z\u0131n effektiv olmas\u0131 \u00fc\u00e7\u00fcn h\u0259m dizayn, h\u0259m d\u0259 \u00e7ap keyfiyy\u0259ti vacibdir. Biz \u0259n son texnologiyalarla y\u00fcks\u0259k keyfiyy\u0259tli v\u0259 m\u00f6hk\u0259m plakatlar \u00e7ap edirik.<\/p>\n<p data-start=\"1832\" data-end=\"2044\">\ud83d\udcde <strong data-start=\"1835\" data-end=\"1877\">Qiym\u0259tl\u0259r \u00fc\u00e7\u00fcn biziml\u0259 \u0259laq\u0259 saxlay\u0131n:<\/strong> 055 292 99 33<br data-start=\"1891\" data-end=\"1894\" \/>Plakat\u0131n qiym\u0259ti sifari\u015fin say\u0131na, ka\u011f\u0131z\u0131n n\u00f6v\u00fcn\u0259, qal\u0131nl\u0131\u011f\u0131na v\u0259 \u00f6l\u00e7\u00fcs\u00fcn\u0259 g\u00f6r\u0259 d\u0259yi\u015fir. Daha \u0259trafl\u0131 m\u0259lumat \u00fc\u00e7\u00fcn biz\u0259 z\u0259ng edin v\u0259 ya mesaj yaz\u0131n!<\/p>\n<p data-start=\"2046\" data-end=\"2270\" data-is-last-node=\"\">\ud83d\udd0e <strong data-start=\"2049\" data-end=\"2270\" data-is-last-node=\"\">Plakat \u00e7ap\u0131, poster sifari\u015fi, ucuz plakat, keyfiyy\u0259tli plakat dizayn\u0131, poster \u00e7ap xidm\u0259ti, reklam plakat\u0131, \u0259n ucuz plakat \u00e7ap\u0131, f\u0259rdi poster dizayn\u0131, pe\u015f\u0259kar plakat sifari\u015fi, Bak\u0131da poster \u00e7ap\u0131 \u2013 Google-da bizi tap\u0131n!<\/strong><\/p>\n<\/div>\n<\/div>\n<\/div>\n<\/div>\n<\/div>\n<\/div>\n<\/div>\n<\/div>\n","protected":false},"excerpt":{"rendered":"<p data-start=\"0\" data-end=\"62\"><strong data-start=\"0\" data-end=\"60\">Plakat (Poster) \u00c7ap Xidm\u0259ti \u2013 S\u00fcr\u0259tli v\u0259 Keyfiyy\u0259tli \u00c7ap<\/strong><\/p>\n<p data-start=\"64\" data-end=\"186\">Reklam\u0131n\u0131z\u0131, t\u0259dbirl\u0259rinizi v\u0259 elanlar\u0131n\u0131z\u0131 geni\u015f auditoriyaya \u00e7atd\u0131rmaq \u00fc\u00e7\u00fcn y\u00fcks\u0259k keyfiyy\u0259tli plakatlar sifari\u015f edin!<\/p>\n<p data-start=\"188\" data-end=\"309\">\u2705 M\u00fcxt\u0259lif \u00f6l\u00e7\u00fc v\u0259 dizayn se\u00e7iml\u0259ri<br data-start=\"223\" data-end=\"226\" \/>\u2705 Canl\u0131 r\u0259ngl\u0259r v\u0259 keyfiyy\u0259tli \u00e7ap<br data-start=\"260\" data-end=\"263\" \/>\u2705 S\u00fcr\u0259tli \u00e7atd\u0131r\u0131lma v\u0259 f\u0259rdi dizayn xidm\u0259ti<\/p>\n<h3 data-start=\"311\" data-end=\"342\"><strong data-start=\"315\" data-end=\"340\">Plakat (Poster) \u00c7ap\u0131:<\/strong><\/h3>\n<ul data-start=\"343\" data-end=\"515\">\n<li data-start=\"343\" data-end=\"371\"><strong data-start=\"345\" data-end=\"361\">Minimum say:<\/strong> 50 \u0259d\u0259d<\/li>\n<li data-start=\"372\" data-end=\"411\"><strong data-start=\"374\" data-end=\"389\">Ka\u011f\u0131z n\u00f6v\u00fc:<\/strong> Parlaq v\u0259 mat ka\u011f\u0131z<\/li>\n<li data-start=\"412\" data-end=\"458\"><strong data-start=\"414\" data-end=\"427\">Qal\u0131nl\u0131q:<\/strong> 90 qr, 130 qr, 170 qr ka\u011f\u0131z<\/li>\n<li data-start=\"459\" data-end=\"481\"><strong data-start=\"461\" data-end=\"472\">Dizayn:<\/strong> 40 AZN<\/li>\n<li data-start=\"482\" data-end=\"515\"><strong data-start=\"484\" data-end=\"503\">T\u0259hvil verilm\u0259:<\/strong> 1 i\u015f g\u00fcn\u00fc<\/li>\n<\/ul>\n<p data-start=\"517\" data-end=\"729\" data-is-last-node=\"\">\ud83d\udcde <strong data-start=\"520\" data-end=\"574\">Plakat \u00e7ap qiym\u0259tl\u0259ri \u00fc\u00e7\u00fcn biziml\u0259 \u0259laq\u0259 saxlay\u0131n:<\/strong> 055 292 99 33<br data-start=\"588\" data-end=\"591\" \/>Plakat\u0131n qiym\u0259ti sifari\u015fin say\u0131na, ka\u011f\u0131z\u0131n material\u0131na, qal\u0131nl\u0131\u011f\u0131na v\u0259 \u00f6l\u00e7\u00fcs\u00fcn\u0259 g\u00f6r\u0259 d\u0259yi\u015fir. \u018ftrafl\u0131 m\u0259lumat \u00fc\u00e7\u00fcn biziml\u0259 \u0259laq\u0259 saxlay\u0131n!<\/p>\n","protected":false},"featured_media":1023,"comment_status":"open","ping_status":"closed","template":"","meta":{"om_disable_all_campaigns":false,"_monsterinsights_skip_tracking":false,"_monsterinsights_sitenote_active":false,"_monsterinsights_sitenote_note":"","_monsterinsights_sitenote_category":0,"site-sidebar-layout":"default","site-content-layout":"","ast-site-content-layout":"default","site-content-style":"default","site-sidebar-style":"default","ast-global-header-display":"","ast-banner-title-visibility":"","ast-main-header-display":"","ast-hfb-above-header-display":"","ast-hfb-below-header-display":"","ast-hfb-mobile-header-display":"","site-post-title":"","ast-breadcrumbs-content":"","ast-featured-img":"","footer-sml-layout":"","theme-transparent-header-meta":"default","adv-header-id-meta":"","stick-header-meta":"","header-above-stick-meta":"","header-main-stick-meta":"","header-below-stick-meta":"","astra-migrate-meta-layouts":"set","ast-page-background-enabled":"default","ast-page-background-meta":{"desktop":{"background-color":"","background-image":"","background-repeat":"repeat","background-position":"center center","background-size":"auto","background-attachment":"scroll","background-type":"","background-media":"","overlay-type":"","overlay-color":"","overlay-opacity":"","overlay-gradient":""},"tablet":{"background-color":"","background-image":"","background-repeat":"repeat","background-position":"center center","background-size":"auto","background-attachment":"scroll","background-type":"","background-media":"","overlay-type":"","overlay-color":"","overlay-opacity":"","overlay-gradient":""},"mobile":{"background-color":"","background-image":"","background-repeat":"repeat","background-position":"center center","background-size":"auto","background-attachment":"scroll","background-type":"","background-media":"","overlay-type":"","overlay-color":"","overlay-opacity":"","overlay-gradient":""}},"ast-content-background-meta":{"desktop":{"background-color":"var(--ast-global-color-5)","background-image":"","background-repeat":"repeat","background-position":"center center","background-size":"auto","background-attachment":"scroll","background-type":"","background-media":"","overlay-type":"","overlay-color":"","overlay-opacity":"","overlay-gradient":""},"tablet":{"background-color":"var(--ast-global-color-5)","background-image":"","background-repeat":"repeat","background-position":"center center","background-size":"auto","background-attachment":"scroll","background-type":"","background-media":"","overlay-type":"","overlay-color":"","overlay-opacity":"","overlay-gradient":""},"mobile":{"background-color":"var(--ast-global-color-5)","background-image":"","background-repeat":"repeat","background-position":"center center","background-size":"auto","background-attachment":"scroll","background-type":"","background-media":"","overlay-type":"","overlay-color":"","overlay-opacity":"","overlay-gradient":""}}},"product_brand":[],"product_cat":[24],"product_tag":[27],"class_list":{"0":"post-1022","1":"product","2":"type-product","3":"status-publish","4":"has-post-thumbnail","6":"product_cat-cap-mhsullari","7":"product_tag-plakat-poster","8":"desktop-align-left","9":"tablet-align-left","10":"mobile-align-left","12":"first","13":"instock","14":"shipping-taxable","15":"product-type-simple"},"aioseo_notices":[],"_links":{"self":[{"href":"https:\/\/milliprint.az\/index.php?rest_route=\/wp\/v2\/product\/1022","targetHints":{"allow":["GET"]}}],"collection":[{"href":"https:\/\/milliprint.az\/index.php?rest_route=\/wp\/v2\/product"}],"about":[{"href":"https:\/\/milliprint.az\/index.php?rest_route=\/wp\/v2\/types\/product"}],"replies":[{"embeddable":true,"href":"https:\/\/milliprint.az\/index.php?rest_route=%2Fwp%2Fv2%2Fcomments&post=1022"}],"wp:featuredmedia":[{"embeddable":true,"href":"https:\/\/milliprint.az\/index.php?rest_route=\/wp\/v2\/media\/1023"}],"wp:attachment":[{"href":"https:\/\/milliprint.az\/index.php?rest_route=%2Fwp%2Fv2%2Fmedia&parent=1022"}],"wp:term":[{"taxonomy":"product_brand","embeddable":true,"href":"https:\/\/milliprint.az\/index.php?rest_route=%2Fwp%2Fv2%2Fproduct_brand&post=1022"},{"taxonomy":"product_cat","embeddable":true,"href":"https:\/\/milliprint.az\/index.php?rest_route=%2Fwp%2Fv2%2Fproduct_cat&post=1022"},{"taxonomy":"product_tag","embeddable":true,"href":"https:\/\/milliprint.az\/index.php?rest_route=%2Fwp%2Fv2%2Fproduct_tag&post=1022"}],"curies":[{"name":"wp","href":"https:\/\/api.w.org\/{rel}","templated":true}]}}