{"id":1026,"date":"2025-02-18T14:01:46","date_gmt":"2025-02-18T10:01:46","guid":{"rendered":"https:\/\/milliprint.az\/?post_type=product&#038;p=1026"},"modified":"2025-02-18T14:18:21","modified_gmt":"2025-02-18T10:18:21","slug":"katoloqlarin-hazirlanmasi-katoloqlarin-qiym%c9%99ti-v%c9%99-sifarisi","status":"publish","type":"product","link":"https:\/\/milliprint.az\/?product=katoloqlarin-hazirlanmasi-katoloqlarin-qiym%c9%99ti-v%c9%99-sifarisi","title":{"rendered":"Katoloqlar\u0131n haz\u0131rlanmas\u0131. Katoloqlar\u0131n qiym\u0259ti v\u0259 sifari\u015fi"},"content":{"rendered":"<div class=\"flex max-w-full flex-col flex-grow\">\n<div class=\"min-h-8 text-message flex w-full flex-col items-end gap-2 whitespace-normal break-words text-start [.text-message+&amp;]:mt-5\" dir=\"auto\" data-message-author-role=\"assistant\" data-message-id=\"98d38cc5-9248-4116-975b-6a34bf8c7fd1\" data-message-model-slug=\"gpt-4o\">\n<div class=\"flex w-full flex-col gap-1 empty:hidden first:pt-[3px]\">\n<div class=\"markdown prose w-full break-words dark:prose-invert dark\">\n<div class=\"flex max-w-full flex-col flex-grow\">\n<div class=\"min-h-8 text-message flex w-full flex-col items-end gap-2 whitespace-normal break-words text-start [.text-message+&amp;]:mt-5\" dir=\"auto\" data-message-author-role=\"assistant\" data-message-id=\"1906c6ea-43da-4f79-a36c-c894f652ccbe\" data-message-model-slug=\"gpt-4o\">\n<div class=\"flex w-full flex-col gap-1 empty:hidden first:pt-[3px]\">\n<div class=\"markdown prose w-full break-words dark:prose-invert dark\">\n<article class=\"w-full text-token-text-primary focus-visible:outline-2 focus-visible:outline-offset-[-4px]\" dir=\"auto\" data-testid=\"conversation-turn-19\" data-scroll-anchor=\"false\">\n<div class=\"m-auto text-base py-[18px] px-6\">\n<div class=\"mx-auto flex flex-1 text-base gap-4 md:gap-5 lg:gap-6 md:max-w-3xl lg:max-w-[40rem] xl:max-w-[48rem]\">\n<div class=\"group\/conversation-turn relative flex w-full min-w-0 flex-col agent-turn @xs\/thread:px-0 @sm\/thread:px-1.5 @md\/thread:px-4\">\n<div class=\"flex-col gap-1 md:gap-3\">\n<div class=\"flex max-w-full flex-col flex-grow\">\n<div class=\"min-h-8 text-message flex w-full flex-col items-end gap-2 whitespace-normal break-words text-start [.text-message+&amp;]:mt-5\" dir=\"auto\" data-message-author-role=\"assistant\" data-message-id=\"6aa2d671-2b10-4054-aba2-2cd8b179785e\" data-message-model-slug=\"gpt-4o-mini\">\n<div class=\"flex w-full flex-col gap-1 empty:hidden first:pt-[3px]\">\n<div class=\"markdown prose w-full break-words dark:prose-invert dark\">\n<p data-start=\"0\" data-end=\"60\"><strong data-start=\"0\" data-end=\"58\">Brend Kataloq \u00c7ap Xidm\u0259ti \u2013 Pe\u015f\u0259kar v\u0259 Keyfiyy\u0259tli \u00c7ap<\/strong><\/p>\n<p data-start=\"62\" data-end=\"279\">\u015eirk\u0259tinizin m\u0259hsul v\u0259 xidm\u0259tl\u0259rini geni\u015f auditoriyaya tan\u0131tmaq \u00fc\u00e7\u00fcn <strong data-start=\"131\" data-end=\"148\">brend kataloq<\/strong> \u00e7ap etdirin! Biz y\u00fcks\u0259k keyfiyy\u0259tli kataloq \u00e7ap xidm\u0259ti t\u0259qdim edirik. \u0130st\u0259nil\u0259n \u00f6l\u00e7\u00fc v\u0259 dizaynda kataloq sifari\u015fi q\u0259bul edirik.<\/p>\n<p data-start=\"281\" data-end=\"372\">\u2705 Canl\u0131 r\u0259ngl\u0259r, keyfiyy\u0259tli ka\u011f\u0131z<br data-start=\"315\" data-end=\"318\" \/>\u2705 S\u00fcr\u0259tli \u00e7ap v\u0259 \u00e7atd\u0131r\u0131lma<br data-start=\"345\" data-end=\"348\" \/>\u2705 F\u0259rdi dizayn xidm\u0259ti<\/p>\n<p data-start=\"374\" data-end=\"580\">\ud83d\udcde <strong data-start=\"377\" data-end=\"419\">Qiym\u0259tl\u0259r \u00fc\u00e7\u00fcn biziml\u0259 \u0259laq\u0259 saxlay\u0131n:<\/strong> 055 292 99 33<br data-start=\"433\" data-end=\"436\" \/>Kataloqun qiym\u0259ti sifari\u015fin say\u0131na, ka\u011f\u0131z\u0131n material\u0131na, s\u0259hif\u0259 say\u0131na v\u0259 dizayn\u0131na g\u00f6r\u0259 d\u0259yi\u015fir. \u018ftrafl\u0131 m\u0259lumat \u00fc\u00e7\u00fcn biziml\u0259 \u0259laq\u0259 saxlay\u0131n!<\/p>\n<hr data-start=\"582\" data-end=\"587\" \/>\n<h3 data-start=\"589\" data-end=\"644\"><strong data-start=\"593\" data-end=\"642\">Brend Kataloq \u2013 \u015eirk\u0259tinizin Vizual Tan\u0131t\u0131m\u0131!<\/strong><\/h3>\n<h4 data-start=\"646\" data-end=\"677\"><strong data-start=\"651\" data-end=\"675\">Brend Kataloq N\u0259dir?<\/strong><\/h4>\n<p data-start=\"678\" data-end=\"946\">Brend kataloq \u2013 m\u0259hsul v\u0259 xidm\u0259tl\u0259rinizi m\u00fc\u015ft\u0259ril\u0259r\u0259 detall\u0131 v\u0259 c\u0259lbedici \u015f\u0259kild\u0259 t\u0259qdim ed\u0259n <strong data-start=\"772\" data-end=\"794\">reklam vasit\u0259sidir<\/strong>. Flayer v\u0259 bukletl\u0259rd\u0259n f\u0259rqli olaraq, kataloqlar <strong data-start=\"845\" data-end=\"873\">geni\u015f v\u0259 \u0259trafl\u0131 m\u0259lumat<\/strong> verir, pe\u015f\u0259kar imic formala\u015fd\u0131r\u0131r v\u0259 m\u00fc\u015ft\u0259ril\u0259rin diqq\u0259tini c\u0259lb edir.<\/p>\n<h3 data-start=\"948\" data-end=\"1003\"><strong data-start=\"952\" data-end=\"1001\">Kataloq Sifari\u015fi \u2013 N\u0259l\u0259r\u0259 Diqq\u0259t Etm\u0259lisiniz?<\/strong><\/h3>\n<p data-start=\"1004\" data-end=\"1414\">\u2714 <strong data-start=\"1006\" data-end=\"1045\">Ayd\u0131n v\u0259 strukturla\u015fd\u0131r\u0131lm\u0131\u015f m\u0259zmun<\/strong> \u2013 M\u0259hsul v\u0259 xidm\u0259tl\u0259riniz m\u00fc\u015ft\u0259ri \u00fc\u00e7\u00fcn asan oxunaql\u0131 olmal\u0131d\u0131r.<br data-start=\"1109\" data-end=\"1112\" \/>\u2714 <strong data-start=\"1114\" data-end=\"1134\">C\u0259lbedici dizayn<\/strong> \u2013 R\u0259ngl\u0259r, \u015f\u0259kill\u0259r v\u0259 qrafik elementl\u0259r m\u00fc\u015ft\u0259ril\u0259rin diqq\u0259tini \u00e7\u0259km\u0259lidir.<br data-start=\"1210\" data-end=\"1213\" \/>\u2714 <strong data-start=\"1215\" data-end=\"1240\">Y\u00fcks\u0259k \u00e7ap keyfiyy\u0259ti<\/strong> \u2013 Parlaq v\u0259 ya mat ka\u011f\u0131z variantlar\u0131 il\u0259 m\u00fck\u0259mm\u0259l \u00e7ap keyfiyy\u0259ti t\u0259min edilir.<br data-start=\"1319\" data-end=\"1322\" \/>\u2714 <strong data-start=\"1324\" data-end=\"1353\">Uy\u011fun \u00f6l\u00e7\u00fc v\u0259 s\u0259hif\u0259 say\u0131<\/strong> \u2013 Biznes ehtiyaclar\u0131n\u0131za uy\u011fun kataloq dizayn edilm\u0259lidir.<\/p>\n<h3 data-start=\"1416\" data-end=\"1461\"><strong data-start=\"1420\" data-end=\"1459\">Brend Kataloq Kiml\u0259r \u00dc\u00e7\u00fcn Uy\u011fundur?<\/strong><\/h3>\n<p data-start=\"1463\" data-end=\"1857\">\ud83d\udccc <strong data-start=\"1466\" data-end=\"1489\">Biznes v\u0259 \u015firk\u0259tl\u0259r<\/strong> \u2013 M\u0259hsul v\u0259 xidm\u0259tl\u0259rin t\u0259qdimat\u0131 \u00fc\u00e7\u00fcn.<br data-start=\"1529\" data-end=\"1532\" \/>\ud83d\udccc <strong data-start=\"1535\" data-end=\"1571\">\u0130stehsal\u00e7\u0131lar v\u0259 distribyutorlar<\/strong> \u2013 M\u0259hsul \u00e7e\u015fidl\u0259rinin tan\u0131t\u0131m\u0131 \u00fc\u00e7\u00fcn.<br data-start=\"1608\" data-end=\"1611\" \/>\ud83d\udccc <strong data-start=\"1614\" data-end=\"1650\">Reklam v\u0259 marketinq agentlikl\u0259ri<\/strong> \u2013 Portfel v\u0259 xidm\u0259tl\u0259rin reklam\u0131 \u00fc\u00e7\u00fcn.<br data-start=\"1689\" data-end=\"1692\" \/>\ud83d\udccc <strong data-start=\"1695\" data-end=\"1721\">Otel v\u0259 turizm sektoru<\/strong> \u2013 Xidm\u0259tl\u0259rin v\u0259 turlar\u0131n \u0259trafl\u0131 t\u0259qdimat\u0131 \u00fc\u00e7\u00fcn.<br data-start=\"1771\" data-end=\"1774\" \/>\ud83d\udccc <strong data-start=\"1777\" data-end=\"1805\">Moda v\u0259 g\u00f6z\u0259llik sektoru<\/strong> \u2013 Brendl\u0259rin v\u0259 m\u0259hsullar\u0131n vizual tan\u0131t\u0131m\u0131 \u00fc\u00e7\u00fcn.<\/p>\n<h3 data-start=\"1859\" data-end=\"1908\"><strong data-start=\"1863\" data-end=\"1906\">Brend Kataloq \u00c7ap\u0131nda Keyfiyy\u0259tin \u00d6n\u0259mi<\/strong><\/h3>\n<p data-start=\"1909\" data-end=\"2075\">Pe\u015f\u0259kar kataloq <strong data-start=\"1925\" data-end=\"1956\">\u015firk\u0259tinizin vizit kart\u0131d\u0131r<\/strong>. Dizayn q\u0259d\u0259r \u00e7ap\u0131n keyfiyy\u0259ti d\u0259 m\u00fc\u015ft\u0259ril\u0259rin diqq\u0259tini c\u0259lb etm\u0259y\u0259 v\u0259 brendinizin prestijini art\u0131rma\u011fa k\u00f6m\u0259k edir.<\/p>\n<p data-start=\"2077\" data-end=\"2310\">\ud83d\udcde <strong data-start=\"2080\" data-end=\"2141\">Qiym\u0259tl\u0259r v\u0259 \u0259trafl\u0131 m\u0259lumat \u00fc\u00e7\u00fcn biziml\u0259 \u0259laq\u0259 saxlay\u0131n:<\/strong> 055 292 99 33<br data-start=\"2155\" data-end=\"2158\" \/>Kataloqun qiym\u0259ti sifari\u015fin say\u0131na, s\u0259hif\u0259 say\u0131na, ka\u011f\u0131z n\u00f6v\u00fcn\u0259 v\u0259 dizayn\u0131na g\u00f6r\u0259 d\u0259yi\u015fir. Daha \u0259trafl\u0131 m\u0259lumat \u00fc\u00e7\u00fcn biz\u0259 z\u0259ng edin v\u0259 ya mesaj yaz\u0131n!<\/p>\n<p data-start=\"2312\" data-end=\"2483\" data-is-last-node=\"\">\ud83d\udd0e <strong data-start=\"2315\" data-end=\"2483\" data-is-last-node=\"\">Kataloq \u00e7ap\u0131, brend kataloq sifari\u015fi, premium kataloq, korporativ kataloq dizayn\u0131, Bak\u0131da kataloq \u00e7ap\u0131, biznes kataloq, \u0259n ucuz kataloq \u00e7ap\u0131 \u2013 Google-da bizi tap\u0131n!<\/strong><\/p>\n<\/div>\n<\/div>\n<\/div>\n<\/div>\n<\/div>\n<\/div>\n<\/div>\n<\/div>\n<\/article>\n<\/div>\n<\/div>\n<\/div>\n<\/div>\n<\/div>\n<\/div>\n<\/div>\n<\/div>\n","protected":false},"excerpt":{"rendered":"<div class=\"flex max-w-full flex-col flex-grow\">\n<div class=\"min-h-8 text-message flex w-full flex-col items-end gap-2 whitespace-normal break-words text-start [.text-message+&amp;]:mt-5\" dir=\"auto\" data-message-author-role=\"assistant\" data-message-id=\"98d38cc5-9248-4116-975b-6a34bf8c7fd1\" data-message-model-slug=\"gpt-4o\">\n<div class=\"flex w-full flex-col gap-1 empty:hidden first:pt-[3px]\">\n<div class=\"markdown prose w-full break-words dark:prose-invert dark\">\n<div class=\"flex max-w-full flex-col flex-grow\">\n<div class=\"min-h-8 text-message flex w-full flex-col items-end gap-2 whitespace-normal break-words text-start [.text-message+&amp;]:mt-5\" dir=\"auto\" data-message-author-role=\"assistant\" data-message-id=\"1906c6ea-43da-4f79-a36c-c894f652ccbe\" data-message-model-slug=\"gpt-4o\">\n<div class=\"flex w-full flex-col gap-1 empty:hidden first:pt-[3px]\">\n<div class=\"markdown prose w-full break-words dark:prose-invert dark\">\n<article class=\"w-full text-token-text-primary focus-visible:outline-2 focus-visible:outline-offset-[-4px]\" dir=\"auto\" data-testid=\"conversation-turn-19\" data-scroll-anchor=\"false\">\n<div class=\"m-auto text-base py-[18px] px-6\">\n<div class=\"mx-auto flex flex-1 text-base gap-4 md:gap-5 lg:gap-6 md:max-w-3xl lg:max-w-[40rem] xl:max-w-[48rem]\">\n<div class=\"group\/conversation-turn relative flex w-full min-w-0 flex-col agent-turn @xs\/thread:px-0 @sm\/thread:px-1.5 @md\/thread:px-4\">\n<div class=\"flex-col gap-1 md:gap-3\">\n<div class=\"flex max-w-full flex-col flex-grow\">\n<div class=\"min-h-8 text-message flex w-full flex-col items-end gap-2 whitespace-normal break-words text-start [.text-message+&amp;]:mt-5\" dir=\"auto\" data-message-author-role=\"assistant\" data-message-id=\"6aa2d671-2b10-4054-aba2-2cd8b179785e\" data-message-model-slug=\"gpt-4o-mini\">\n<div class=\"flex w-full flex-col gap-1 empty:hidden first:pt-[3px]\">\n<div class=\"markdown prose w-full break-words dark:prose-invert dark\">\n<p data-start=\"0\" data-end=\"60\"><strong data-start=\"0\" data-end=\"58\">Brend Kataloq \u00c7ap Xidm\u0259ti \u2013 Pe\u015f\u0259kar v\u0259 Keyfiyy\u0259tli \u00c7ap<\/strong><\/p>\n<p data-start=\"62\" data-end=\"274\">Biznesinizi v\u0259 m\u0259hsullar\u0131n\u0131z\u0131 \u0259n yax\u015f\u0131 \u015f\u0259kild\u0259 t\u0259qdim etm\u0259k \u00fc\u00e7\u00fcn y\u00fcks\u0259k keyfiyy\u0259tli <strong data-start=\"146\" data-end=\"167\">brend kataloqlar\u0131<\/strong> sifari\u015f edin! M\u00fc\u015ft\u0259ril\u0259riniz\u0259 pe\u015f\u0259kar v\u0259 c\u0259lbedici kataloqlar t\u0259qdim ed\u0259r\u0259k brend imiciniz\u0259 d\u0259y\u0259r qat\u0131n.<\/p>\n<p data-start=\"276\" data-end=\"395\">\u2705 M\u00fcxt\u0259lif \u00f6l\u00e7\u00fc v\u0259 s\u0259hif\u0259 se\u00e7iml\u0259ri<br data-start=\"311\" data-end=\"314\" \/>\u2705 Canl\u0131 r\u0259ngl\u0259r v\u0259 y\u00fcks\u0259k \u00e7ap keyfiyy\u0259ti<br data-start=\"354\" data-end=\"357\" \/>\u2705 F\u0259rdi dizayn v\u0259 s\u00fcr\u0259tli \u00e7atd\u0131r\u0131lma<\/p>\n<h3 data-start=\"397\" data-end=\"426\"><strong data-start=\"401\" data-end=\"424\">Brend Kataloq \u00c7ap\u0131:<\/strong><\/h3>\n<ul data-start=\"427\" data-end=\"599\">\n<li data-start=\"427\" data-end=\"455\"><strong data-start=\"429\" data-end=\"445\">Minimum say:<\/strong> 10 \u0259d\u0259d<\/li>\n<li data-start=\"456\" data-end=\"495\"><strong data-start=\"458\" data-end=\"473\">Ka\u011f\u0131z n\u00f6v\u00fc:<\/strong> Parlaq v\u0259 mat ka\u011f\u0131z<\/li>\n<li data-start=\"496\" data-end=\"542\"><strong data-start=\"498\" data-end=\"511\">Qal\u0131nl\u0131q:<\/strong> 130 qr, 170 qr, 250 qr ka\u011f\u0131z<\/li>\n<li data-start=\"543\" data-end=\"565\"><strong data-start=\"545\" data-end=\"556\">Dizayn:<\/strong> 80 AZN<\/li>\n<li data-start=\"566\" data-end=\"599\"><strong data-start=\"568\" data-end=\"587\">T\u0259hvil verilm\u0259:<\/strong> 3 i\u015f g\u00fcn\u00fc<\/li>\n<\/ul>\n<p data-start=\"601\" data-end=\"820\" data-is-last-node=\"\">\ud83d\udcde <strong data-start=\"604\" data-end=\"665\">Brend kataloq \u00e7ap qiym\u0259tl\u0259ri \u00fc\u00e7\u00fcn biziml\u0259 \u0259laq\u0259 saxlay\u0131n:<\/strong> 055 292 99 33<br data-start=\"679\" data-end=\"682\" \/>Kataloqun qiym\u0259ti sifari\u015fin say\u0131na, s\u0259hif\u0259 say\u0131na, ka\u011f\u0131z material\u0131na v\u0259 dizayna g\u00f6r\u0259 d\u0259yi\u015fir. \u018ftrafl\u0131 m\u0259lumat \u00fc\u00e7\u00fcn biziml\u0259 \u0259laq\u0259 saxlay\u0131n<\/p>\n<\/div>\n<\/div>\n<\/div>\n<\/div>\n<\/div>\n<\/div>\n<\/div>\n<\/div>\n<\/article>\n<\/div>\n<\/div>\n<\/div>\n<\/div>\n<\/div>\n<\/div>\n<\/div>\n<\/div>\n","protected":false},"featured_media":1027,"comment_status":"open","ping_status":"closed","template":"","meta":{"om_disable_all_campaigns":false,"_monsterinsights_skip_tracking":false,"_monsterinsights_sitenote_active":false,"_monsterinsights_sitenote_note":"","_monsterinsights_sitenote_category":0,"site-sidebar-layout":"default","site-content-layout":"","ast-site-content-layout":"default","site-content-style":"default","site-sidebar-style":"default","ast-global-header-display":"","ast-banner-title-visibility":"","ast-main-header-display":"","ast-hfb-above-header-display":"","ast-hfb-below-header-display":"","ast-hfb-mobile-header-display":"","site-post-title":"","ast-breadcrumbs-content":"","ast-featured-img":"","footer-sml-layout":"","theme-transparent-header-meta":"default","adv-header-id-meta":"","stick-header-meta":"","header-above-stick-meta":"","header-main-stick-meta":"","header-below-stick-meta":"","astra-migrate-meta-layouts":"set","ast-page-background-enabled":"default","ast-page-background-meta":{"desktop":{"background-color":"","background-image":"","background-repeat":"repeat","background-position":"center center","background-size":"auto","background-attachment":"scroll","background-type":"","background-media":"","overlay-type":"","overlay-color":"","overlay-opacity":"","overlay-gradient":""},"tablet":{"background-color":"","background-image":"","background-repeat":"repeat","background-position":"center center","background-size":"auto","background-attachment":"scroll","background-type":"","background-media":"","overlay-type":"","overlay-color":"","overlay-opacity":"","overlay-gradient":""},"mobile":{"background-color":"","background-image":"","background-repeat":"repeat","background-position":"center center","background-size":"auto","background-attachment":"scroll","background-type":"","background-media":"","overlay-type":"","overlay-color":"","overlay-opacity":"","overlay-gradient":""}},"ast-content-background-meta":{"desktop":{"background-color":"var(--ast-global-color-5)","background-image":"","background-repeat":"repeat","background-position":"center center","background-size":"auto","background-attachment":"scroll","background-type":"","background-media":"","overlay-type":"","overlay-color":"","overlay-opacity":"","overlay-gradient":""},"tablet":{"background-color":"var(--ast-global-color-5)","background-image":"","background-repeat":"repeat","background-position":"center center","background-size":"auto","background-attachment":"scroll","background-type":"","background-media":"","overlay-type":"","overlay-color":"","overlay-opacity":"","overlay-gradient":""},"mobile":{"background-color":"var(--ast-global-color-5)","background-image":"","background-repeat":"repeat","background-position":"center center","background-size":"auto","background-attachment":"scroll","background-type":"","background-media":"","overlay-type":"","overlay-color":"","overlay-opacity":"","overlay-gradient":""}}},"product_brand":[],"product_cat":[24],"product_tag":[29],"class_list":{"0":"post-1026","1":"product","2":"type-product","3":"status-publish","4":"has-post-thumbnail","6":"product_cat-cap-mhsullari","7":"product_tag-katoloqlar","8":"desktop-align-left","9":"tablet-align-left","10":"mobile-align-left","12":"first","13":"instock","14":"shipping-taxable","15":"product-type-simple"},"aioseo_notices":[],"_links":{"self":[{"href":"https:\/\/milliprint.az\/index.php?rest_route=\/wp\/v2\/product\/1026","targetHints":{"allow":["GET"]}}],"collection":[{"href":"https:\/\/milliprint.az\/index.php?rest_route=\/wp\/v2\/product"}],"about":[{"href":"https:\/\/milliprint.az\/index.php?rest_route=\/wp\/v2\/types\/product"}],"replies":[{"embeddable":true,"href":"https:\/\/milliprint.az\/index.php?rest_route=%2Fwp%2Fv2%2Fcomments&post=1026"}],"wp:featuredmedia":[{"embeddable":true,"href":"https:\/\/milliprint.az\/index.php?rest_route=\/wp\/v2\/media\/1027"}],"wp:attachment":[{"href":"https:\/\/milliprint.az\/index.php?rest_route=%2Fwp%2Fv2%2Fmedia&parent=1026"}],"wp:term":[{"taxonomy":"product_brand","embeddable":true,"href":"https:\/\/milliprint.az\/index.php?rest_route=%2Fwp%2Fv2%2Fproduct_brand&post=1026"},{"taxonomy":"product_cat","embeddable":true,"href":"https:\/\/milliprint.az\/index.php?rest_route=%2Fwp%2Fv2%2Fproduct_cat&post=1026"},{"taxonomy":"product_tag","embeddable":true,"href":"https:\/\/milliprint.az\/index.php?rest_route=%2Fwp%2Fv2%2Fproduct_tag&post=1026"}],"curies":[{"name":"wp","href":"https:\/\/api.w.org\/{rel}","templated":true}]}}