{"id":1034,"date":"2025-02-18T14:45:01","date_gmt":"2025-02-18T10:45:01","guid":{"rendered":"https:\/\/milliprint.az\/?post_type=product&#038;p=1034"},"modified":"2025-02-18T14:51:58","modified_gmt":"2025-02-18T10:51:58","slug":"d%c9%99v%c9%99tnam%c9%99l%c9%99r-v%c9%99-aciqcalarin-hazirlanmasi-d%c9%99v%c9%99tnam%c9%99l%c9%99r-v%c9%99-aciqcalarin-qiym%c9%99ti-v%c9%99-sifarisi","status":"publish","type":"product","link":"https:\/\/milliprint.az\/?product=d%c9%99v%c9%99tnam%c9%99l%c9%99r-v%c9%99-aciqcalarin-hazirlanmasi-d%c9%99v%c9%99tnam%c9%99l%c9%99r-v%c9%99-aciqcalarin-qiym%c9%99ti-v%c9%99-sifarisi","title":{"rendered":"D\u0259v\u0259tnam\u0259l\u0259r v\u0259 a\u00e7\u0131q\u00e7alar\u0131n haz\u0131rlanmas\u0131. D\u0259v\u0259tnam\u0259l\u0259r v\u0259 a\u00e7\u0131q\u00e7alar\u0131n qiym\u0259ti v\u0259 sifari\u015fi"},"content":{"rendered":"<div class=\"flex max-w-full flex-col flex-grow\">\n<div class=\"min-h-8 text-message flex w-full flex-col items-end gap-2 whitespace-normal break-words text-start [.text-message+&amp;]:mt-5\" dir=\"auto\" data-message-author-role=\"assistant\" data-message-id=\"98d38cc5-9248-4116-975b-6a34bf8c7fd1\" data-message-model-slug=\"gpt-4o\">\n<div class=\"flex w-full flex-col gap-1 empty:hidden first:pt-[3px]\">\n<div class=\"markdown prose w-full break-words dark:prose-invert dark\">\n<div class=\"flex max-w-full flex-col flex-grow\">\n<div class=\"min-h-8 text-message flex w-full flex-col items-end gap-2 whitespace-normal break-words text-start [.text-message+&amp;]:mt-5\" dir=\"auto\" data-message-author-role=\"assistant\" data-message-id=\"1906c6ea-43da-4f79-a36c-c894f652ccbe\" data-message-model-slug=\"gpt-4o\">\n<div class=\"flex w-full flex-col gap-1 empty:hidden first:pt-[3px]\">\n<div class=\"markdown prose w-full break-words dark:prose-invert dark\">\n<article class=\"w-full text-token-text-primary focus-visible:outline-2 focus-visible:outline-offset-[-4px]\" dir=\"auto\" data-testid=\"conversation-turn-19\" data-scroll-anchor=\"false\">\n<div class=\"m-auto text-base py-[18px] px-6\">\n<div class=\"mx-auto flex flex-1 text-base gap-4 md:gap-5 lg:gap-6 md:max-w-3xl lg:max-w-[40rem] xl:max-w-[48rem]\">\n<div class=\"group\/conversation-turn relative flex w-full min-w-0 flex-col agent-turn @xs\/thread:px-0 @sm\/thread:px-1.5 @md\/thread:px-4\">\n<div class=\"flex-col gap-1 md:gap-3\">\n<div class=\"flex max-w-full flex-col flex-grow\">\n<div class=\"min-h-8 text-message flex w-full flex-col items-end gap-2 whitespace-normal break-words text-start [.text-message+&amp;]:mt-5\" dir=\"auto\" data-message-author-role=\"assistant\" data-message-id=\"6aa2d671-2b10-4054-aba2-2cd8b179785e\" data-message-model-slug=\"gpt-4o-mini\">\n<div class=\"flex w-full flex-col gap-1 empty:hidden first:pt-[3px]\">\n<div class=\"markdown prose w-full break-words dark:prose-invert dark\">\n<h3 data-start=\"91\" data-end=\"169\"><strong data-start=\"95\" data-end=\"169\">D\u0259v\u0259tnam\u0259 v\u0259 A\u00e7\u0131q\u00e7alar \u00c7ap Xidm\u0259ti \u2013 X\u00fcsusi Anlar\u0131n\u0131z \u00dc\u00e7\u00fcn Pe\u015f\u0259kar \u00c7ap<\/strong><\/h3>\n<p data-start=\"171\" data-end=\"411\">\u018fn \u00f6n\u0259mli anlar\u0131n\u0131z\u0131 qeyd etm\u0259k \u00fc\u00e7\u00fcn d\u0259v\u0259tnam\u0259 v\u0259 a\u00e7\u0131q\u00e7alar \u00e7ap xidm\u0259tl\u0259rimizd\u0259n yararlan\u0131n! Biz y\u00fcks\u0259k keyfiyy\u0259tli d\u0259v\u0259tnam\u0259 v\u0259 a\u00e7\u0131q\u00e7alar \u00e7ap xidm\u0259ti t\u0259qdim edirik. \u0130st\u0259diyiniz \u00f6l\u00e7\u00fc v\u0259 dizaynda d\u0259v\u0259tnam\u0259 v\u0259 a\u00e7\u0131q\u00e7alar sifari\u015fi q\u0259bul edirik.<\/p>\n<h4 data-start=\"413\" data-end=\"479\">Niy\u0259 Bizim D\u0259v\u0259tnam\u0259 v\u0259 A\u00e7\u0131q\u00e7alar \u00c7ap Xidm\u0259tini Se\u00e7m\u0259lisiniz?<\/h4>\n<ul data-start=\"480\" data-end=\"646\">\n<li data-start=\"480\" data-end=\"524\">\u2705 <strong data-start=\"484\" data-end=\"522\">Canl\u0131 r\u0259ngl\u0259r v\u0259 keyfiyy\u0259tli ka\u011f\u0131z<\/strong><\/li>\n<li data-start=\"525\" data-end=\"560\">\u2705 <strong data-start=\"529\" data-end=\"558\">S\u00fcr\u0259tli \u00e7ap v\u0259 \u00e7atd\u0131r\u0131lma<\/strong><\/li>\n<li data-start=\"561\" data-end=\"591\">\u2705 <strong data-start=\"565\" data-end=\"589\">F\u0259rdi dizayn xidm\u0259ti<\/strong><\/li>\n<li data-start=\"592\" data-end=\"646\">\u2705 <strong data-start=\"596\" data-end=\"646\">X\u00fcsusi t\u0259dbirl\u0259r \u00fc\u00e7\u00fcn m\u00fck\u0259mm\u0259l uy\u011fun dizaynlar<\/strong><\/li>\n<\/ul>\n<p data-start=\"648\" data-end=\"850\">\ud83d\udcde <strong data-start=\"651\" data-end=\"693\">Qiym\u0259tl\u0259r \u00fc\u00e7\u00fcn biziml\u0259 \u0259laq\u0259 saxlay\u0131n:<\/strong> 055 292 99 33<br data-start=\"707\" data-end=\"710\" \/>D\u0259v\u0259tnam\u0259 v\u0259 a\u00e7\u0131q\u00e7alar\u0131n qiym\u0259ti sifari\u015fin say\u0131na, materiala, dizayna v\u0259 \u00f6l\u00e7\u00fcs\u00fcn\u0259 g\u00f6r\u0259 d\u0259yi\u015fir. \u018ftrafl\u0131 m\u0259lumat \u00fc\u00e7\u00fcn biziml\u0259 \u0259laq\u0259 saxlay\u0131n!<\/p>\n<hr data-start=\"852\" data-end=\"855\" \/>\n<h3 data-start=\"857\" data-end=\"925\"><strong data-start=\"861\" data-end=\"925\">D\u0259v\u0259tnam\u0259 v\u0259 A\u00e7\u0131q\u00e7alar \u2013 X\u00fcsusi Anlar\u0131n\u0131z\u0131n Vizual Tan\u0131t\u0131m\u0131!<\/strong><\/h3>\n<h4 data-start=\"927\" data-end=\"963\">D\u0259v\u0259tnam\u0259 v\u0259 A\u00e7\u0131q\u00e7alar N\u0259dir?<\/h4>\n<p data-start=\"964\" data-end=\"1200\">D\u0259v\u0259tnam\u0259 v\u0259 a\u00e7\u0131q\u00e7alar, vacib t\u0259dbirl\u0259r \u00fc\u00e7\u00fcn qonaqlar\u0131n\u0131z\u0131 d\u0259v\u0259t etm\u0259k v\u0259 ya onlara t\u0259brik mesajlar\u0131 g\u00f6nd\u0259rm\u0259k \u00fc\u00e7\u00fcn ideal vasit\u0259l\u0259rdir. Onlar, x\u00fcsusi t\u0259dbirl\u0259rinizi qeyd etm\u0259yiniz\u0259 v\u0259 \u0259lam\u0259tdar anlar\u0131n\u0131za diqq\u0259t \u00e7\u0259k\u0259n bir toxunu\u015f qat\u0131r.<\/p>\n<h4 data-start=\"1202\" data-end=\"1267\">D\u0259v\u0259tnam\u0259 v\u0259 A\u00e7\u0131q\u00e7alar Sifari\u015fi \u2013 N\u0259l\u0259r\u0259 Diqq\u0259t Etm\u0259lisiniz?<\/h4>\n<p data-start=\"1268\" data-end=\"1703\">\u2714 <strong data-start=\"1270\" data-end=\"1304\">\u018fsas m\u0259lumat\u0131n d\u0259qiq verilm\u0259si<\/strong> \u2013 T\u0259dbir haqq\u0131nda vacib m\u0259lumatlar\u0131 a\u00e7\u0131q \u015f\u0259kild\u0259 t\u0259qdim edin.<br data-start=\"1366\" data-end=\"1369\" \/>\u2714 <strong data-start=\"1371\" data-end=\"1391\">C\u0259lbedici dizayn<\/strong> \u2013 T\u0259dbir\u0259 uy\u011fun dizaynlar, r\u0259ngl\u0259r v\u0259 \u015f\u0259kill\u0259r il\u0259 a\u00e7\u0131q\u00e7alar v\u0259 d\u0259v\u0259tnam\u0259 haz\u0131rlanmal\u0131d\u0131r.<br data-start=\"1482\" data-end=\"1485\" \/>\u2714 <strong data-start=\"1487\" data-end=\"1512\">Y\u00fcks\u0259k \u00e7ap keyfiyy\u0259ti<\/strong> \u2013 Ka\u011f\u0131z\u0131n qal\u0131nl\u0131\u011f\u0131 v\u0259 r\u0259ngl\u0259r, t\u0259brikl\u0259rinizi v\u0259 d\u0259v\u0259tnam\u0259l\u0259rinizi daha cazib\u0259dar edir.<br data-start=\"1601\" data-end=\"1604\" \/>\u2714 <strong data-start=\"1606\" data-end=\"1629\">Uy\u011fun \u00f6l\u00e7\u00fc v\u0259 forma<\/strong> \u2013 T\u0259dbiriniz\u0259 v\u0259 m\u00f6vzuya uy\u011fun d\u0259v\u0259tnam\u0259 v\u0259 a\u00e7\u0131q\u00e7alar dizayn edilm\u0259lidir.<\/p>\n<hr data-start=\"1705\" data-end=\"1708\" \/>\n<h3 data-start=\"1710\" data-end=\"1762\"><strong data-start=\"1714\" data-end=\"1762\">D\u0259v\u0259tnam\u0259 v\u0259 A\u00e7\u0131q\u00e7alar Kiml\u0259r \u00dc\u00e7\u00fcn Uy\u011fundur?<\/strong><\/h3>\n<p data-start=\"1764\" data-end=\"2249\">D\u0259v\u0259tnam\u0259 v\u0259 a\u00e7\u0131q\u00e7alar m\u00fcxt\u0259lif sah\u0259l\u0259rd\u0259 istifad\u0259 oluna bil\u0259r: \ud83d\udccc <strong data-start=\"1831\" data-end=\"1862\">Toylar v\u0259 ni\u015fan m\u0259rasiml\u0259ri<\/strong> \u2013 Sevdikl\u0259riniz\u0259 d\u0259v\u0259t g\u00f6nd\u0259rm\u0259k \u00fc\u00e7\u00fcn.<br data-start=\"1901\" data-end=\"1904\" \/>\ud83d\udccc <strong data-start=\"1907\" data-end=\"1943\">Do\u011fum g\u00fcn\u00fc v\u0259 ad g\u00fcn\u00fc t\u0259dbirl\u0259ri<\/strong> \u2013 X\u00fcsusi t\u0259brikl\u0259r v\u0259 d\u0259v\u0259tl\u0259r \u00fc\u00e7\u00fcn.<br data-start=\"1980\" data-end=\"1983\" \/>\ud83d\udccc <strong data-start=\"1986\" data-end=\"2022\">\u015eirk\u0259t t\u0259dbirl\u0259ri v\u0259 y\u0131\u011f\u0131ncaqlar<\/strong> \u2013 \u0130\u015fg\u00fczar t\u0259dbirl\u0259r v\u0259 y\u0131\u011f\u0131ncaqlar \u00fc\u00e7\u00fcn d\u0259v\u0259tnam\u0259.<br data-start=\"2073\" data-end=\"2076\" \/>\ud83d\udccc <strong data-start=\"2079\" data-end=\"2102\">Bayram v\u0259 t\u0259brikl\u0259r<\/strong> \u2013 \u0130llik bayramlar v\u0259 f\u0259rdi t\u0259brikl\u0259r \u00fc\u00e7\u00fcn a\u00e7\u0131q\u00e7alar.<br data-start=\"2155\" data-end=\"2158\" \/>\ud83d\udccc <strong data-start=\"2161\" data-end=\"2194\">Yeni i\u015f ba\u015flamaq v\u0259 t\u0259brikl\u0259r<\/strong> \u2013 Yeni i\u015f\u0259 ba\u015flama v\u0259 t\u0259brikl\u0259r \u00fc\u00e7\u00fcn x\u00fcsusi dizaynlar.<\/p>\n<hr data-start=\"2251\" data-end=\"2254\" \/>\n<h3 data-start=\"2256\" data-end=\"2312\"><strong data-start=\"2260\" data-end=\"2312\">D\u0259v\u0259tnam\u0259 v\u0259 A\u00e7\u0131q\u00e7alar \u00c7ap\u0131nda Keyfiyy\u0259tin \u00d6n\u0259mi<\/strong><\/h3>\n<p data-start=\"2314\" data-end=\"2532\">D\u0259v\u0259tnam\u0259 v\u0259 a\u00e7\u0131q\u00e7alar, t\u0259dbirinizin ilk t\u0259sirini yarad\u0131r v\u0259 i\u015ftirak\u00e7\u0131lara sizinl\u0259 \u0259laq\u0259 qurmalar\u0131 \u00fc\u00e7\u00fcn ilham verir. \u00c7ap keyfiyy\u0259ti, t\u0259dbirinizin imicini g\u00fccl\u0259ndirir v\u0259 qonaqlar\u0131n\u0131za \u0259h\u0259miyy\u0259t verdiyinizi hiss etdirir.<\/p>\n<p data-start=\"2534\" data-end=\"2770\">\ud83d\udcde <strong data-start=\"2537\" data-end=\"2598\">Qiym\u0259tl\u0259r v\u0259 \u0259trafl\u0131 m\u0259lumat \u00fc\u00e7\u00fcn biziml\u0259 \u0259laq\u0259 saxlay\u0131n:<\/strong> 055 292 99 33<br data-start=\"2612\" data-end=\"2615\" \/>D\u0259v\u0259tnam\u0259 v\u0259 a\u00e7\u0131q\u00e7alar\u0131n qiym\u0259ti sifari\u015fin say\u0131na, materiala, dizayna v\u0259 \u00f6l\u00e7\u00fcs\u00fcn\u0259 g\u00f6r\u0259 d\u0259yi\u015fir. Daha \u0259trafl\u0131 m\u0259lumat \u00fc\u00e7\u00fcn biz\u0259 z\u0259ng edin v\u0259 ya mesaj yaz\u0131n!<\/p>\n<p data-start=\"2772\" data-end=\"2944\">\ud83d\udd0e <strong data-start=\"2775\" data-end=\"2793\">D\u0259v\u0259tnam\u0259 \u00e7ap\u0131<\/strong>, <strong data-start=\"2795\" data-end=\"2817\">a\u00e7\u0131q\u00e7alar sifari\u015fi<\/strong>, <strong data-start=\"2819\" data-end=\"2847\">x\u00fcsusi d\u0259v\u0259tnam\u0259 dizayn\u0131<\/strong>, <strong data-start=\"2849\" data-end=\"2874\">do\u011fum g\u00fcn\u00fc a\u00e7\u0131q\u00e7alar\u0131<\/strong>, <strong data-start=\"2876\" data-end=\"2897\">toy d\u0259v\u0259tnam\u0259l\u0259ri<\/strong>, <strong data-start=\"2899\" data-end=\"2920\">t\u0259brik kart\u0131 \u00e7ap\u0131<\/strong> \u2013 Google-da bizi tap\u0131n!<\/p>\n<\/div>\n<\/div>\n<\/div>\n<\/div>\n<\/div>\n<\/div>\n<\/div>\n<\/div>\n<\/article>\n<\/div>\n<\/div>\n<\/div>\n<\/div>\n<\/div>\n<\/div>\n<\/div>\n<\/div>\n","protected":false},"excerpt":{"rendered":"<div class=\"flex max-w-full flex-col flex-grow\">\n<div class=\"min-h-8 text-message flex w-full flex-col items-end gap-2 whitespace-normal break-words text-start [.text-message+&amp;]:mt-5\" dir=\"auto\" data-message-author-role=\"assistant\" data-message-id=\"98d38cc5-9248-4116-975b-6a34bf8c7fd1\" data-message-model-slug=\"gpt-4o\">\n<div class=\"flex w-full flex-col gap-1 empty:hidden first:pt-[3px]\">\n<div class=\"markdown prose w-full break-words dark:prose-invert dark\">\n<div class=\"flex max-w-full flex-col flex-grow\">\n<div class=\"min-h-8 text-message flex w-full flex-col items-end gap-2 whitespace-normal break-words text-start [.text-message+&amp;]:mt-5\" dir=\"auto\" data-message-author-role=\"assistant\" data-message-id=\"1906c6ea-43da-4f79-a36c-c894f652ccbe\" data-message-model-slug=\"gpt-4o\">\n<div class=\"flex w-full flex-col gap-1 empty:hidden first:pt-[3px]\">\n<div class=\"markdown prose w-full break-words dark:prose-invert dark\">\n<article class=\"w-full text-token-text-primary focus-visible:outline-2 focus-visible:outline-offset-[-4px]\" dir=\"auto\" data-testid=\"conversation-turn-19\" data-scroll-anchor=\"false\">\n<div class=\"m-auto text-base py-[18px] px-6\">\n<div class=\"mx-auto flex flex-1 text-base gap-4 md:gap-5 lg:gap-6 md:max-w-3xl lg:max-w-[40rem] xl:max-w-[48rem]\">\n<div class=\"group\/conversation-turn relative flex w-full min-w-0 flex-col agent-turn @xs\/thread:px-0 @sm\/thread:px-1.5 @md\/thread:px-4\">\n<div class=\"flex-col gap-1 md:gap-3\">\n<div class=\"flex max-w-full flex-col flex-grow\">\n<div class=\"min-h-8 text-message flex w-full flex-col items-end gap-2 whitespace-normal break-words text-start [.text-message+&amp;]:mt-5\" dir=\"auto\" data-message-author-role=\"assistant\" data-message-id=\"6aa2d671-2b10-4054-aba2-2cd8b179785e\" data-message-model-slug=\"gpt-4o-mini\">\n<div class=\"flex w-full flex-col gap-1 empty:hidden first:pt-[3px]\">\n<div class=\"markdown prose w-full break-words dark:prose-invert dark\">\n<div class=\"flex max-w-full flex-col flex-grow\">\n<div class=\"min-h-8 text-message flex w-full flex-col items-end gap-2 whitespace-normal break-words text-start [.text-message+&amp;]:mt-5\" dir=\"auto\" data-message-author-role=\"assistant\" data-message-id=\"195dffcc-249f-4cce-be96-62f8cdd1629a\" data-message-model-slug=\"gpt-4o-mini\">\n<div class=\"flex w-full flex-col gap-1 empty:hidden first:pt-[3px]\">\n<div class=\"markdown prose w-full break-words dark:prose-invert dark\">\n<h3 data-start=\"57\" data-end=\"157\"><strong data-start=\"61\" data-end=\"157\">D\u0259v\u0259tnam\u0259l\u0259r v\u0259 A\u00e7\u0131q\u00e7alar \u00c7ap Xidm\u0259ti \u2013 X\u00fcsusi T\u0259dbirl\u0259riniz \u00dc\u00e7\u00fcn Pe\u015f\u0259kar v\u0259 Keyfiyy\u0259tli \u00c7ap<\/strong><\/h3>\n<p data-start=\"159\" data-end=\"337\">X\u00fcsusi t\u0259dbirl\u0259riniz \u00fc\u00e7\u00fcn y\u00fcks\u0259k keyfiyy\u0259tli d\u0259v\u0259tnam\u0259l\u0259r v\u0259 a\u00e7\u0131q\u00e7alar \u00e7ap etdirin! M\u00fcxt\u0259lif \u00f6l\u00e7\u00fc v\u0259 dizaynlarda d\u0259v\u0259tnam\u0259l\u0259r v\u0259 a\u00e7\u0131q\u00e7alar haz\u0131rlayaraq sevdikl\u0259rinizi d\u0259v\u0259t edin.<\/p>\n<p data-start=\"339\" data-end=\"433\">\u2705 Canl\u0131 r\u0259ngl\u0259r v\u0259 keyfiyy\u0259tli \u00e7ap<br data-start=\"373\" data-end=\"376\" \/>\u2705 F\u0259rdi dizayn xidm\u0259tl\u0259ri<br data-start=\"401\" data-end=\"404\" \/>\u2705 S\u00fcr\u0259tli \u00e7ap v\u0259 \u00e7atd\u0131r\u0131lma<\/p>\n<p data-start=\"435\" data-end=\"473\">\ud83d\udccc <strong data-start=\"438\" data-end=\"473\">D\u0259v\u0259tnam\u0259l\u0259r v\u0259 A\u00e7\u0131q\u00e7alar \u00c7ap\u0131:<\/strong><\/p>\n<ul data-start=\"475\" data-end=\"613\">\n<li data-start=\"475\" data-end=\"499\">Minimum say: 50 \u0259d\u0259d<\/li>\n<li data-start=\"500\" data-end=\"535\">Ka\u011f\u0131z n\u00f6v\u00fc: Parlaq v\u0259 mat ka\u011f\u0131z<\/li>\n<li data-start=\"536\" data-end=\"564\">Qal\u0131nl\u0131q: 120 qr, 160 qr<\/li>\n<li data-start=\"565\" data-end=\"583\">Dizayn: 30 AZN<\/li>\n<li data-start=\"584\" data-end=\"613\">T\u0259hvil verilm\u0259: 2 i\u015f g\u00fcn\u00fc<\/li>\n<\/ul>\n<p data-start=\"615\" data-end=\"849\">\ud83d\udcde D\u0259v\u0259tnam\u0259 v\u0259 a\u00e7\u0131q\u00e7alar \u00e7ap qiym\u0259tl\u0259ri \u00fc\u00e7\u00fcn biziml\u0259 \u0259laq\u0259 saxlay\u0131n: 055 292 99 33<br data-start=\"698\" data-end=\"701\" \/>D\u0259v\u0259tnam\u0259 v\u0259 a\u00e7\u0131q\u00e7alar\u0131n qiym\u0259ti sifari\u015fin say\u0131na, ka\u011f\u0131z\u0131n n\u00f6v\u00fcn\u0259, qal\u0131nl\u0131\u011f\u0131na v\u0259 dizayna g\u00f6r\u0259 d\u0259yi\u015fir. \u018ftrafl\u0131 m\u0259lumat \u00fc\u00e7\u00fcn biziml\u0259 \u0259laq\u0259 saxlay\u0131n!<\/p>\n<\/div>\n<\/div>\n<\/div>\n<\/div>\n<\/div>\n<\/div>\n<\/div>\n<\/div>\n<\/div>\n<\/div>\n<\/div>\n<\/div>\n<\/article>\n<\/div>\n<\/div>\n<\/div>\n<\/div>\n<\/div>\n<\/div>\n<\/div>\n<\/div>\n","protected":false},"featured_media":1035,"comment_status":"open","ping_status":"closed","template":"","meta":{"om_disable_all_campaigns":false,"_monsterinsights_skip_tracking":false,"_monsterinsights_sitenote_active":false,"_monsterinsights_sitenote_note":"","_monsterinsights_sitenote_category":0,"site-sidebar-layout":"default","site-content-layout":"","ast-site-content-layout":"default","site-content-style":"default","site-sidebar-style":"default","ast-global-header-display":"","ast-banner-title-visibility":"","ast-main-header-display":"","ast-hfb-above-header-display":"","ast-hfb-below-header-display":"","ast-hfb-mobile-header-display":"","site-post-title":"","ast-breadcrumbs-content":"","ast-featured-img":"","footer-sml-layout":"","theme-transparent-header-meta":"default","adv-header-id-meta":"","stick-header-meta":"","header-above-stick-meta":"","header-main-stick-meta":"","header-below-stick-meta":"","astra-migrate-meta-layouts":"set","ast-page-background-enabled":"default","ast-page-background-meta":{"desktop":{"background-color":"","background-image":"","background-repeat":"repeat","background-position":"center center","background-size":"auto","background-attachment":"scroll","background-type":"","background-media":"","overlay-type":"","overlay-color":"","overlay-opacity":"","overlay-gradient":""},"tablet":{"background-color":"","background-image":"","background-repeat":"repeat","background-position":"center center","background-size":"auto","background-attachment":"scroll","background-type":"","background-media":"","overlay-type":"","overlay-color":"","overlay-opacity":"","overlay-gradient":""},"mobile":{"background-color":"","background-image":"","background-repeat":"repeat","background-position":"center center","background-size":"auto","background-attachment":"scroll","background-type":"","background-media":"","overlay-type":"","overlay-color":"","overlay-opacity":"","overlay-gradient":""}},"ast-content-background-meta":{"desktop":{"background-color":"var(--ast-global-color-5)","background-image":"","background-repeat":"repeat","background-position":"center center","background-size":"auto","background-attachment":"scroll","background-type":"","background-media":"","overlay-type":"","overlay-color":"","overlay-opacity":"","overlay-gradient":""},"tablet":{"background-color":"var(--ast-global-color-5)","background-image":"","background-repeat":"repeat","background-position":"center center","background-size":"auto","background-attachment":"scroll","background-type":"","background-media":"","overlay-type":"","overlay-color":"","overlay-opacity":"","overlay-gradient":""},"mobile":{"background-color":"var(--ast-global-color-5)","background-image":"","background-repeat":"repeat","background-position":"center center","background-size":"auto","background-attachment":"scroll","background-type":"","background-media":"","overlay-type":"","overlay-color":"","overlay-opacity":"","overlay-gradient":""}}},"product_brand":[],"product_cat":[24],"product_tag":[31],"class_list":{"0":"post-1034","1":"product","2":"type-product","3":"status-publish","4":"has-post-thumbnail","6":"product_cat-cap-mhsullari","7":"product_tag-dvtnamlr-v-aciqcalar","8":"desktop-align-left","9":"tablet-align-left","10":"mobile-align-left","12":"first","13":"instock","14":"shipping-taxable","15":"product-type-simple"},"aioseo_notices":[],"_links":{"self":[{"href":"https:\/\/milliprint.az\/index.php?rest_route=\/wp\/v2\/product\/1034","targetHints":{"allow":["GET"]}}],"collection":[{"href":"https:\/\/milliprint.az\/index.php?rest_route=\/wp\/v2\/product"}],"about":[{"href":"https:\/\/milliprint.az\/index.php?rest_route=\/wp\/v2\/types\/product"}],"replies":[{"embeddable":true,"href":"https:\/\/milliprint.az\/index.php?rest_route=%2Fwp%2Fv2%2Fcomments&post=1034"}],"wp:featuredmedia":[{"embeddable":true,"href":"https:\/\/milliprint.az\/index.php?rest_route=\/wp\/v2\/media\/1035"}],"wp:attachment":[{"href":"https:\/\/milliprint.az\/index.php?rest_route=%2Fwp%2Fv2%2Fmedia&parent=1034"}],"wp:term":[{"taxonomy":"product_brand","embeddable":true,"href":"https:\/\/milliprint.az\/index.php?rest_route=%2Fwp%2Fv2%2Fproduct_brand&post=1034"},{"taxonomy":"product_cat","embeddable":true,"href":"https:\/\/milliprint.az\/index.php?rest_route=%2Fwp%2Fv2%2Fproduct_cat&post=1034"},{"taxonomy":"product_tag","embeddable":true,"href":"https:\/\/milliprint.az\/index.php?rest_route=%2Fwp%2Fv2%2Fproduct_tag&post=1034"}],"curies":[{"name":"wp","href":"https:\/\/api.w.org\/{rel}","templated":true}]}}