{"id":1036,"date":"2025-02-18T14:55:36","date_gmt":"2025-02-18T10:55:36","guid":{"rendered":"https:\/\/milliprint.az\/?post_type=product&#038;p=1036"},"modified":"2025-02-18T15:00:53","modified_gmt":"2025-02-18T11:00:53","slug":"qovluqlarin-hazirlanmasi-qovluqlarin-capi-qiym%c9%99ti-v%c9%99-sifarisi","status":"publish","type":"product","link":"https:\/\/milliprint.az\/?product=qovluqlarin-hazirlanmasi-qovluqlarin-capi-qiym%c9%99ti-v%c9%99-sifarisi","title":{"rendered":"Qovluqlar\u0131n haz\u0131rlanmas\u0131. Qovluqlar\u0131n \u00e7ap\u0131 qiym\u0259ti v\u0259 sifari\u015fi"},"content":{"rendered":"<div class=\"flex max-w-full flex-col flex-grow\">\n<div class=\"min-h-8 text-message flex w-full flex-col items-end gap-2 whitespace-normal break-words text-start [.text-message+&amp;]:mt-5\" dir=\"auto\" data-message-author-role=\"assistant\" data-message-id=\"98d38cc5-9248-4116-975b-6a34bf8c7fd1\" data-message-model-slug=\"gpt-4o\">\n<div class=\"flex w-full flex-col gap-1 empty:hidden first:pt-[3px]\">\n<div class=\"markdown prose w-full break-words dark:prose-invert dark\">\n<div class=\"flex max-w-full flex-col flex-grow\">\n<div class=\"min-h-8 text-message flex w-full flex-col items-end gap-2 whitespace-normal break-words text-start [.text-message+&amp;]:mt-5\" dir=\"auto\" data-message-author-role=\"assistant\" data-message-id=\"1906c6ea-43da-4f79-a36c-c894f652ccbe\" data-message-model-slug=\"gpt-4o\">\n<div class=\"flex w-full flex-col gap-1 empty:hidden first:pt-[3px]\">\n<div class=\"markdown prose w-full break-words dark:prose-invert dark\">\n<article class=\"w-full text-token-text-primary focus-visible:outline-2 focus-visible:outline-offset-[-4px]\" dir=\"auto\" data-testid=\"conversation-turn-19\" data-scroll-anchor=\"false\">\n<div class=\"m-auto text-base py-[18px] px-6\">\n<div class=\"mx-auto flex flex-1 text-base gap-4 md:gap-5 lg:gap-6 md:max-w-3xl lg:max-w-[40rem] xl:max-w-[48rem]\">\n<div class=\"group\/conversation-turn relative flex w-full min-w-0 flex-col agent-turn @xs\/thread:px-0 @sm\/thread:px-1.5 @md\/thread:px-4\">\n<div class=\"flex-col gap-1 md:gap-3\">\n<div class=\"flex max-w-full flex-col flex-grow\">\n<div class=\"min-h-8 text-message flex w-full flex-col items-end gap-2 whitespace-normal break-words text-start [.text-message+&amp;]:mt-5\" dir=\"auto\" data-message-author-role=\"assistant\" data-message-id=\"6aa2d671-2b10-4054-aba2-2cd8b179785e\" data-message-model-slug=\"gpt-4o-mini\">\n<div class=\"flex w-full flex-col gap-1 empty:hidden first:pt-[3px]\">\n<div class=\"markdown prose w-full break-words dark:prose-invert dark\">\n<div class=\"flex max-w-full flex-col flex-grow\">\n<div class=\"min-h-8 text-message flex w-full flex-col items-end gap-2 whitespace-normal break-words text-start [.text-message+&amp;]:mt-5\" dir=\"auto\" data-message-author-role=\"assistant\" data-message-id=\"98d38cc5-9248-4116-975b-6a34bf8c7fd1\" data-message-model-slug=\"gpt-4o\">\n<div class=\"flex w-full flex-col gap-1 empty:hidden first:pt-[3px]\">\n<div class=\"markdown prose w-full break-words dark:prose-invert dark\">\n<div class=\"flex max-w-full flex-col flex-grow\">\n<div class=\"min-h-8 text-message flex w-full flex-col items-end gap-2 whitespace-normal break-words text-start [.text-message+&amp;]:mt-5\" dir=\"auto\" data-message-author-role=\"assistant\" data-message-id=\"1906c6ea-43da-4f79-a36c-c894f652ccbe\" data-message-model-slug=\"gpt-4o\">\n<div class=\"flex w-full flex-col gap-1 empty:hidden first:pt-[3px]\">\n<div class=\"markdown prose w-full break-words dark:prose-invert dark\">\n<article class=\"w-full text-token-text-primary focus-visible:outline-2 focus-visible:outline-offset-[-4px]\" dir=\"auto\" data-testid=\"conversation-turn-19\" data-scroll-anchor=\"false\">\n<div class=\"m-auto text-base py-[18px] px-6\">\n<div class=\"mx-auto flex flex-1 text-base gap-4 md:gap-5 lg:gap-6 md:max-w-3xl lg:max-w-[40rem] xl:max-w-[48rem]\">\n<div class=\"group\/conversation-turn relative flex w-full min-w-0 flex-col agent-turn @xs\/thread:px-0 @sm\/thread:px-1.5 @md\/thread:px-4\">\n<div class=\"flex-col gap-1 md:gap-3\">\n<div class=\"flex max-w-full flex-col flex-grow\">\n<div class=\"min-h-8 text-message flex w-full flex-col items-end gap-2 whitespace-normal break-words text-start [.text-message+&amp;]:mt-5\" dir=\"auto\" data-message-author-role=\"assistant\" data-message-id=\"6aa2d671-2b10-4054-aba2-2cd8b179785e\" data-message-model-slug=\"gpt-4o-mini\">\n<div class=\"flex w-full flex-col gap-1 empty:hidden first:pt-[3px]\">\n<div class=\"markdown prose w-full break-words dark:prose-invert dark\">\n<div class=\"flex max-w-full flex-col flex-grow\">\n<div class=\"min-h-8 text-message flex w-full flex-col items-end gap-2 whitespace-normal break-words text-start [.text-message+&amp;]:mt-5\" dir=\"auto\" data-message-author-role=\"assistant\" data-message-id=\"98d38cc5-9248-4116-975b-6a34bf8c7fd1\" data-message-model-slug=\"gpt-4o\">\n<div class=\"flex w-full flex-col gap-1 empty:hidden first:pt-[3px]\">\n<div class=\"markdown prose w-full break-words dark:prose-invert dark\">\n<div class=\"flex max-w-full flex-col flex-grow\">\n<div class=\"min-h-8 text-message flex w-full flex-col items-end gap-2 whitespace-normal break-words text-start [.text-message+&amp;]:mt-5\" dir=\"auto\" data-message-author-role=\"assistant\" data-message-id=\"1906c6ea-43da-4f79-a36c-c894f652ccbe\" data-message-model-slug=\"gpt-4o\">\n<div class=\"flex w-full flex-col gap-1 empty:hidden first:pt-[3px]\">\n<div class=\"markdown prose w-full break-words dark:prose-invert dark\">\n<article class=\"w-full text-token-text-primary focus-visible:outline-2 focus-visible:outline-offset-[-4px]\" dir=\"auto\" data-testid=\"conversation-turn-19\" data-scroll-anchor=\"false\">\n<div class=\"m-auto text-base py-[18px] px-6\">\n<div class=\"mx-auto flex flex-1 text-base gap-4 md:gap-5 lg:gap-6 md:max-w-3xl lg:max-w-[40rem] xl:max-w-[48rem]\">\n<div class=\"group\/conversation-turn relative flex w-full min-w-0 flex-col agent-turn @xs\/thread:px-0 @sm\/thread:px-1.5 @md\/thread:px-4\">\n<div class=\"flex-col gap-1 md:gap-3\">\n<div class=\"flex max-w-full flex-col flex-grow\">\n<div class=\"min-h-8 text-message flex w-full flex-col items-end gap-2 whitespace-normal break-words text-start [.text-message+&amp;]:mt-5\" dir=\"auto\" data-message-author-role=\"assistant\" data-message-id=\"6aa2d671-2b10-4054-aba2-2cd8b179785e\" data-message-model-slug=\"gpt-4o-mini\">\n<div class=\"flex w-full flex-col gap-1 empty:hidden first:pt-[3px]\">\n<div class=\"markdown prose w-full break-words dark:prose-invert dark\">\n<h3 data-start=\"768\" data-end=\"823\"><strong data-start=\"772\" data-end=\"823\">Qovluq \u2013 T\u0259\u015fkilat\u00e7\u0131l\u0131\u011f\u0131n\u0131z \u00dc\u00e7\u00fcn \u018fn Yax\u015f\u0131 Se\u00e7im!<\/strong><\/h3>\n<p data-start=\"825\" data-end=\"1003\">Qovluqlar, s\u0259n\u0259dl\u0259rinizi t\u0259\u015fkil etm\u0259k v\u0259 t\u0259qdim etm\u0259k \u00fc\u00e7\u00fcn m\u00fck\u0259mm\u0259l vasit\u0259dir. M\u00fcxt\u0259lif \u00f6l\u00e7\u00fc v\u0259 dizaynlarda haz\u0131rlayaca\u011f\u0131n\u0131z qovluqlar, \u015firk\u0259tinizin pe\u015f\u0259kar g\u00f6r\u00fcn\u00fc\u015f\u00fcn\u00fc art\u0131racaq.<\/p>\n<h4 data-start=\"1005\" data-end=\"1058\"><strong data-start=\"1010\" data-end=\"1058\">Qovluq Sifari\u015fi \u2013 N\u0259l\u0259r\u0259 Diqq\u0259t Etm\u0259lisiniz?<\/strong><\/h4>\n<p data-start=\"1059\" data-end=\"1335\">\u2714 <strong data-start=\"1061\" data-end=\"1094\">F\u0259rdi dizayn v\u0259 brend m\u00f6vzusu<\/strong> \u2013 \u015eirk\u0259tinizin r\u0259ng v\u0259 loqosuna uy\u011fun dizayn.<br data-start=\"1140\" data-end=\"1143\" \/>\u2714 <strong data-start=\"1145\" data-end=\"1170\">Y\u00fcks\u0259k \u00e7ap keyfiyy\u0259ti<\/strong> \u2013 \u0130stifad\u0259 etdiyimiz ka\u011f\u0131z v\u0259 \u00e7ap texnologiyas\u0131 il\u0259 vizual t\u0259sir yaratmaq.<br data-start=\"1245\" data-end=\"1248\" \/>\u2714 <strong data-start=\"1250\" data-end=\"1273\">\u018flav\u0259 x\u00fcsusiyy\u0259tl\u0259r<\/strong> \u2013 Ka\u011f\u0131z\u0131n qal\u0131nl\u0131\u011f\u0131, dizayn\u0131n \u0259trafl\u0131l\u0131\u011f\u0131 v\u0259 x\u00fcsusi \u0259lav\u0259l\u0259r.<\/p>\n<hr data-start=\"1337\" data-end=\"1340\" \/>\n<h3 data-start=\"1342\" data-end=\"1378\"><strong data-start=\"1346\" data-end=\"1378\">Qovluq Kiml\u0259r \u00dc\u00e7\u00fcn Uy\u011fundur?<\/strong><\/h3>\n<p data-start=\"1380\" data-end=\"1863\">Qovluqlar m\u00fcxt\u0259lif sah\u0259l\u0259rd\u0259 istifad\u0259 edil\u0259 bil\u0259r: \ud83d\udccc <strong data-start=\"1434\" data-end=\"1457\">Biznes v\u0259 \u015firk\u0259tl\u0259r<\/strong> \u2013 \u015eirk\u0259t t\u0259qdimatlar\u0131, layih\u0259 s\u0259n\u0259dl\u0259ri v\u0259 m\u00fcqavil\u0259l\u0259r \u00fc\u00e7\u00fcn.<br data-start=\"1518\" data-end=\"1521\" \/>\ud83d\udccc <strong data-start=\"1524\" data-end=\"1548\">Korporativ t\u0259dbirl\u0259r<\/strong> \u2013 Seminarlar, konfranslar v\u0259 s\u0259rgil\u0259r \u00fc\u00e7\u00fcn t\u0259qdimat materiallar\u0131.<br data-start=\"1614\" data-end=\"1617\" \/>\ud83d\udccc <strong data-start=\"1620\" data-end=\"1650\">T\u0259hsil v\u0259 t\u0259dqiqat sektoru<\/strong> \u2013 T\u0259dqiqat materiallar\u0131, layih\u0259l\u0259r v\u0259 t\u0259qdimatlar \u00fc\u00e7\u00fcn.<br data-start=\"1706\" data-end=\"1709\" \/>\ud83d\udccc <strong data-start=\"1712\" data-end=\"1740\">H\u00fcquq v\u0259 maliyy\u0259 sektoru<\/strong> \u2013 M\u00fcqavil\u0259l\u0259r v\u0259 r\u0259smi s\u0259n\u0259dl\u0259r \u00fc\u00e7\u00fcn.<br data-start=\"1778\" data-end=\"1781\" \/>\ud83d\udccc <strong data-start=\"1784\" data-end=\"1820\">Reklam v\u0259 marketinq agentlikl\u0259ri<\/strong> \u2013 \u015eirk\u0259t portfell\u0259ri v\u0259 t\u0259qdimatlar\u0131 \u00fc\u00e7\u00fcn.<\/p>\n<hr data-start=\"1865\" data-end=\"1868\" \/>\n<h3 data-start=\"1870\" data-end=\"1910\"><strong data-start=\"1874\" data-end=\"1910\">Qovluq \u00c7ap\u0131nda Keyfiyy\u0259tin \u00d6n\u0259mi<\/strong><\/h3>\n<p data-start=\"1912\" data-end=\"2111\">Qovluqlar yaln\u0131z t\u0259\u015fkilat\u00e7\u0131l\u0131\u011f\u0131 deyil, h\u0259m d\u0259 biznesinizin prestijini g\u00f6st\u0259rir. Y\u00fcks\u0259k keyfiyy\u0259tli \u00e7ap v\u0259 unikal dizaynla haz\u0131rlad\u0131\u011f\u0131n\u0131z qovluqlar m\u00fc\u015ft\u0259ril\u0259rinizin g\u00f6z\u00fcnd\u0259 pe\u015f\u0259kar bir imic yaratacaq.<\/p>\n<p data-start=\"2113\" data-end=\"2342\">\ud83d\udcde <strong data-start=\"2116\" data-end=\"2177\">Qiym\u0259tl\u0259r v\u0259 \u0259trafl\u0131 m\u0259lumat \u00fc\u00e7\u00fcn biziml\u0259 \u0259laq\u0259 saxlay\u0131n:<\/strong> 055 292 99 33<br data-start=\"2191\" data-end=\"2194\" \/>Qovluq qiym\u0259tl\u0259ri sifari\u015fin say\u0131na, ka\u011f\u0131z\u0131n n\u00f6v\u00fcn\u0259, qal\u0131nl\u0131\u011f\u0131na v\u0259 dizayna g\u00f6r\u0259 d\u0259yi\u015fir. Daha \u0259trafl\u0131 m\u0259lumat \u00fc\u00e7\u00fcn biz\u0259 z\u0259ng edin v\u0259 ya mesaj yaz\u0131n!<\/p>\n<p data-start=\"2344\" data-end=\"2490\">\ud83d\udd0e <strong data-start=\"2347\" data-end=\"2362\">Qovluq \u00e7ap\u0131<\/strong>, <strong data-start=\"2364\" data-end=\"2385\">\u015firk\u0259t qovluqlar\u0131<\/strong>, <strong data-start=\"2387\" data-end=\"2413\">pe\u015f\u0259kar qovluq dizayn\u0131<\/strong>, <strong data-start=\"2415\" data-end=\"2442\">keyfiyy\u0259tli qovluq \u00e7ap\u0131<\/strong>, <strong data-start=\"2444\" data-end=\"2466\">bak\u0131da qovluq \u00e7ap\u0131<\/strong> \u2013 Google-da bizi tap\u0131n!<\/p>\n<\/div>\n<\/div>\n<\/div>\n<\/div>\n<\/div>\n<\/div>\n<\/div>\n<\/div>\n<\/article>\n<\/div>\n<\/div>\n<\/div>\n<\/div>\n<\/div>\n<\/div>\n<\/div>\n<\/div>\n<\/div>\n<\/div>\n<\/div>\n<\/div>\n<\/div>\n<\/div>\n<\/div>\n<\/div>\n<\/article>\n<\/div>\n<\/div>\n<\/div>\n<\/div>\n<\/div>\n<\/div>\n<\/div>\n<\/div>\n<\/div>\n<\/div>\n<\/div>\n<\/div>\n<\/div>\n<\/div>\n<\/div>\n<\/div>\n<\/article>\n<\/div>\n<\/div>\n<\/div>\n<\/div>\n<\/div>\n<\/div>\n<\/div>\n<\/div>\n","protected":false},"excerpt":{"rendered":"<div class=\"flex max-w-full flex-col flex-grow\">\n<div class=\"min-h-8 text-message flex w-full flex-col items-end gap-2 whitespace-normal break-words text-start [.text-message+&amp;]:mt-5\" dir=\"auto\" data-message-author-role=\"assistant\" data-message-id=\"98d38cc5-9248-4116-975b-6a34bf8c7fd1\" data-message-model-slug=\"gpt-4o\">\n<div class=\"flex w-full flex-col gap-1 empty:hidden first:pt-[3px]\">\n<div class=\"markdown prose w-full break-words dark:prose-invert dark\">\n<div class=\"flex max-w-full flex-col flex-grow\">\n<div class=\"min-h-8 text-message flex w-full flex-col items-end gap-2 whitespace-normal break-words text-start [.text-message+&amp;]:mt-5\" dir=\"auto\" data-message-author-role=\"assistant\" data-message-id=\"1906c6ea-43da-4f79-a36c-c894f652ccbe\" data-message-model-slug=\"gpt-4o\">\n<div class=\"flex w-full flex-col gap-1 empty:hidden first:pt-[3px]\">\n<div class=\"markdown prose w-full break-words dark:prose-invert dark\">\n<article class=\"w-full text-token-text-primary focus-visible:outline-2 focus-visible:outline-offset-[-4px]\" dir=\"auto\" data-testid=\"conversation-turn-19\" data-scroll-anchor=\"false\">\n<div class=\"m-auto text-base py-[18px] px-6\">\n<div class=\"mx-auto flex flex-1 text-base gap-4 md:gap-5 lg:gap-6 md:max-w-3xl lg:max-w-[40rem] xl:max-w-[48rem]\">\n<div class=\"group\/conversation-turn relative flex w-full min-w-0 flex-col agent-turn @xs\/thread:px-0 @sm\/thread:px-1.5 @md\/thread:px-4\">\n<div class=\"flex-col gap-1 md:gap-3\">\n<div class=\"flex max-w-full flex-col flex-grow\">\n<div class=\"min-h-8 text-message flex w-full flex-col items-end gap-2 whitespace-normal break-words text-start [.text-message+&amp;]:mt-5\" dir=\"auto\" data-message-author-role=\"assistant\" data-message-id=\"6aa2d671-2b10-4054-aba2-2cd8b179785e\" data-message-model-slug=\"gpt-4o-mini\">\n<div class=\"flex w-full flex-col gap-1 empty:hidden first:pt-[3px]\">\n<div class=\"markdown prose w-full break-words dark:prose-invert dark\">\n<div class=\"flex max-w-full flex-col flex-grow\">\n<div class=\"min-h-8 text-message flex w-full flex-col items-end gap-2 whitespace-normal break-words text-start [.text-message+&amp;]:mt-5\" dir=\"auto\" data-message-author-role=\"assistant\" data-message-id=\"195dffcc-249f-4cce-be96-62f8cdd1629a\" data-message-model-slug=\"gpt-4o-mini\">\n<div class=\"flex w-full flex-col gap-1 empty:hidden first:pt-[3px]\">\n<div class=\"markdown prose w-full break-words dark:prose-invert dark\">\n<h3 data-start=\"39\" data-end=\"94\"><strong data-start=\"43\" data-end=\"94\">Qovluq \u00c7ap Xidm\u0259ti \u2013 Pe\u015f\u0259kar v\u0259 Keyfiyy\u0259tli \u00c7ap<\/strong><\/h3>\n<p data-start=\"96\" data-end=\"301\">\u015eirk\u0259tinizin t\u0259\u015fkilat\u00e7\u0131l\u0131\u011f\u0131n\u0131 v\u0259 pe\u015f\u0259kar imicini art\u0131rmaq \u00fc\u00e7\u00fcn y\u00fcks\u0259k keyfiyy\u0259tli qovluqlar \u00e7ap etdirin! M\u00fcxt\u0259lif \u00f6l\u00e7\u00fc v\u0259 dizaynlarda qovluqlar haz\u0131rlayaraq i\u015fl\u0259rinizi daha nizaml\u0131 v\u0259 effektiv t\u0259qdim edin.<\/p>\n<p data-start=\"303\" data-end=\"397\">\u2705 Canl\u0131 r\u0259ngl\u0259r v\u0259 keyfiyy\u0259tli \u00e7ap<br data-start=\"337\" data-end=\"340\" \/>\u2705 F\u0259rdi dizayn xidm\u0259tl\u0259ri<br data-start=\"365\" data-end=\"368\" \/>\u2705 S\u00fcr\u0259tli \u00e7ap v\u0259 \u00e7atd\u0131r\u0131lma<\/p>\n<p data-start=\"399\" data-end=\"418\">\ud83d\udccc <strong data-start=\"402\" data-end=\"418\">Qovluq \u00c7ap\u0131:<\/strong><\/p>\n<ul data-start=\"420\" data-end=\"559\">\n<li data-start=\"420\" data-end=\"445\">Minimum say: 100 \u0259d\u0259d<\/li>\n<li data-start=\"446\" data-end=\"481\">Ka\u011f\u0131z n\u00f6v\u00fc: Parlaq v\u0259 mat ka\u011f\u0131z<\/li>\n<li data-start=\"482\" data-end=\"510\">Qal\u0131nl\u0131q: 250 qr, 300 qr<\/li>\n<li data-start=\"511\" data-end=\"529\">Dizayn: 30 AZN<\/li>\n<li data-start=\"530\" data-end=\"559\">T\u0259hvil verilm\u0259: 2 i\u015f g\u00fcn\u00fc<\/li>\n<\/ul>\n<p data-start=\"561\" data-end=\"761\">\ud83d\udcde Qovluq \u00e7ap qiym\u0259tl\u0259ri \u00fc\u00e7\u00fcn biziml\u0259 \u0259laq\u0259 saxlay\u0131n: 055 292 99 33<br data-start=\"628\" data-end=\"631\" \/>Qovluq qiym\u0259ti sifari\u015fin say\u0131na, ka\u011f\u0131z\u0131n n\u00f6v\u00fcn\u0259, qal\u0131nl\u0131\u011f\u0131na v\u0259 dizayna g\u00f6r\u0259 d\u0259yi\u015fir. \u018ftrafl\u0131 m\u0259lumat \u00fc\u00e7\u00fcn biziml\u0259 \u0259laq\u0259 saxlay\u0131n!<\/p>\n<\/div>\n<\/div>\n<\/div>\n<\/div>\n<\/div>\n<\/div>\n<\/div>\n<\/div>\n<\/div>\n<\/div>\n<\/div>\n<\/div>\n<\/article>\n<\/div>\n<\/div>\n<\/div>\n<\/div>\n<\/div>\n<\/div>\n<\/div>\n<\/div>\n","protected":false},"featured_media":1037,"comment_status":"open","ping_status":"closed","template":"","meta":{"om_disable_all_campaigns":false,"_monsterinsights_skip_tracking":false,"_monsterinsights_sitenote_active":false,"_monsterinsights_sitenote_note":"","_monsterinsights_sitenote_category":0,"site-sidebar-layout":"default","site-content-layout":"","ast-site-content-layout":"default","site-content-style":"default","site-sidebar-style":"default","ast-global-header-display":"","ast-banner-title-visibility":"","ast-main-header-display":"","ast-hfb-above-header-display":"","ast-hfb-below-header-display":"","ast-hfb-mobile-header-display":"","site-post-title":"","ast-breadcrumbs-content":"","ast-featured-img":"","footer-sml-layout":"","theme-transparent-header-meta":"default","adv-header-id-meta":"","stick-header-meta":"","header-above-stick-meta":"","header-main-stick-meta":"","header-below-stick-meta":"","astra-migrate-meta-layouts":"set","ast-page-background-enabled":"default","ast-page-background-meta":{"desktop":{"background-color":"","background-image":"","background-repeat":"repeat","background-position":"center center","background-size":"auto","background-attachment":"scroll","background-type":"","background-media":"","overlay-type":"","overlay-color":"","overlay-opacity":"","overlay-gradient":""},"tablet":{"background-color":"","background-image":"","background-repeat":"repeat","background-position":"center center","background-size":"auto","background-attachment":"scroll","background-type":"","background-media":"","overlay-type":"","overlay-color":"","overlay-opacity":"","overlay-gradient":""},"mobile":{"background-color":"","background-image":"","background-repeat":"repeat","background-position":"center center","background-size":"auto","background-attachment":"scroll","background-type":"","background-media":"","overlay-type":"","overlay-color":"","overlay-opacity":"","overlay-gradient":""}},"ast-content-background-meta":{"desktop":{"background-color":"var(--ast-global-color-5)","background-image":"","background-repeat":"repeat","background-position":"center center","background-size":"auto","background-attachment":"scroll","background-type":"","background-media":"","overlay-type":"","overlay-color":"","overlay-opacity":"","overlay-gradient":""},"tablet":{"background-color":"var(--ast-global-color-5)","background-image":"","background-repeat":"repeat","background-position":"center center","background-size":"auto","background-attachment":"scroll","background-type":"","background-media":"","overlay-type":"","overlay-color":"","overlay-opacity":"","overlay-gradient":""},"mobile":{"background-color":"var(--ast-global-color-5)","background-image":"","background-repeat":"repeat","background-position":"center center","background-size":"auto","background-attachment":"scroll","background-type":"","background-media":"","overlay-type":"","overlay-color":"","overlay-opacity":"","overlay-gradient":""}}},"product_brand":[],"product_cat":[24],"product_tag":[32],"class_list":{"0":"post-1036","1":"product","2":"type-product","3":"status-publish","4":"has-post-thumbnail","6":"product_cat-cap-mhsullari","7":"product_tag-qovluqlar","8":"desktop-align-left","9":"tablet-align-left","10":"mobile-align-left","12":"first","13":"instock","14":"shipping-taxable","15":"product-type-simple"},"aioseo_notices":[],"_links":{"self":[{"href":"https:\/\/milliprint.az\/index.php?rest_route=\/wp\/v2\/product\/1036","targetHints":{"allow":["GET"]}}],"collection":[{"href":"https:\/\/milliprint.az\/index.php?rest_route=\/wp\/v2\/product"}],"about":[{"href":"https:\/\/milliprint.az\/index.php?rest_route=\/wp\/v2\/types\/product"}],"replies":[{"embeddable":true,"href":"https:\/\/milliprint.az\/index.php?rest_route=%2Fwp%2Fv2%2Fcomments&post=1036"}],"wp:featuredmedia":[{"embeddable":true,"href":"https:\/\/milliprint.az\/index.php?rest_route=\/wp\/v2\/media\/1037"}],"wp:attachment":[{"href":"https:\/\/milliprint.az\/index.php?rest_route=%2Fwp%2Fv2%2Fmedia&parent=1036"}],"wp:term":[{"taxonomy":"product_brand","embeddable":true,"href":"https:\/\/milliprint.az\/index.php?rest_route=%2Fwp%2Fv2%2Fproduct_brand&post=1036"},{"taxonomy":"product_cat","embeddable":true,"href":"https:\/\/milliprint.az\/index.php?rest_route=%2Fwp%2Fv2%2Fproduct_cat&post=1036"},{"taxonomy":"product_tag","embeddable":true,"href":"https:\/\/milliprint.az\/index.php?rest_route=%2Fwp%2Fv2%2Fproduct_tag&post=1036"}],"curies":[{"name":"wp","href":"https:\/\/api.w.org\/{rel}","templated":true}]}}