{"id":1044,"date":"2025-02-18T15:16:42","date_gmt":"2025-02-18T11:16:42","guid":{"rendered":"https:\/\/milliprint.az\/?post_type=product&#038;p=1044"},"modified":"2025-02-18T15:28:44","modified_gmt":"2025-02-18T11:28:44","slug":"m%c9%99hsul-qutularinin-hazirlanmasi-m%c9%99hsul-qutularinin-qiym%c9%99ti-v%c9%99-sifarisi","status":"publish","type":"product","link":"https:\/\/milliprint.az\/?product=m%c9%99hsul-qutularinin-hazirlanmasi-m%c9%99hsul-qutularinin-qiym%c9%99ti-v%c9%99-sifarisi","title":{"rendered":"\u015e\u00fc\u015f\u0259 v\u0259 plastik qablar \u00fc\u00e7\u00fcn etiketl\u0259rin haz\u0131rlanmas\u0131. \u015e\u00fc\u015f\u0259 v\u0259 plastik qablar \u00fc\u00e7\u00fcn etiketl\u0259rin qiym\u0259ti v\u0259 sifari\u015fi"},"content":{"rendered":"<div class=\"flex max-w-full flex-col flex-grow\">\n<div class=\"min-h-8 text-message flex w-full flex-col items-end gap-2 whitespace-normal break-words text-start [.text-message+&amp;]:mt-5\" dir=\"auto\" data-message-author-role=\"assistant\" data-message-id=\"98d38cc5-9248-4116-975b-6a34bf8c7fd1\" data-message-model-slug=\"gpt-4o\">\n<div class=\"flex w-full flex-col gap-1 empty:hidden first:pt-[3px]\">\n<div class=\"markdown prose w-full break-words dark:prose-invert dark\">\n<div class=\"flex max-w-full flex-col flex-grow\">\n<div class=\"min-h-8 text-message flex w-full flex-col items-end gap-2 whitespace-normal break-words text-start [.text-message+&amp;]:mt-5\" dir=\"auto\" data-message-author-role=\"assistant\" data-message-id=\"1906c6ea-43da-4f79-a36c-c894f652ccbe\" data-message-model-slug=\"gpt-4o\">\n<div class=\"flex w-full flex-col gap-1 empty:hidden first:pt-[3px]\">\n<div class=\"markdown prose w-full break-words dark:prose-invert dark\">\n<article class=\"w-full text-token-text-primary focus-visible:outline-2 focus-visible:outline-offset-[-4px]\" dir=\"auto\" data-testid=\"conversation-turn-19\" data-scroll-anchor=\"false\">\n<div class=\"m-auto text-base py-[18px] px-6\">\n<div class=\"mx-auto flex flex-1 text-base gap-4 md:gap-5 lg:gap-6 md:max-w-3xl lg:max-w-[40rem] xl:max-w-[48rem]\">\n<div class=\"group\/conversation-turn relative flex w-full min-w-0 flex-col agent-turn @xs\/thread:px-0 @sm\/thread:px-1.5 @md\/thread:px-4\">\n<div class=\"flex-col gap-1 md:gap-3\">\n<div class=\"flex max-w-full flex-col flex-grow\">\n<div class=\"min-h-8 text-message flex w-full flex-col items-end gap-2 whitespace-normal break-words text-start [.text-message+&amp;]:mt-5\" dir=\"auto\" data-message-author-role=\"assistant\" data-message-id=\"6aa2d671-2b10-4054-aba2-2cd8b179785e\" data-message-model-slug=\"gpt-4o-mini\">\n<div class=\"flex w-full flex-col gap-1 empty:hidden first:pt-[3px]\">\n<div class=\"markdown prose w-full break-words dark:prose-invert dark\">\n<div class=\"flex max-w-full flex-col flex-grow\">\n<div class=\"min-h-8 text-message flex w-full flex-col items-end gap-2 whitespace-normal break-words text-start [.text-message+&amp;]:mt-5\" dir=\"auto\" data-message-author-role=\"assistant\" data-message-id=\"98d38cc5-9248-4116-975b-6a34bf8c7fd1\" data-message-model-slug=\"gpt-4o\">\n<div class=\"flex w-full flex-col gap-1 empty:hidden first:pt-[3px]\">\n<div class=\"markdown prose w-full break-words dark:prose-invert dark\">\n<div class=\"flex max-w-full flex-col flex-grow\">\n<div class=\"min-h-8 text-message flex w-full flex-col items-end gap-2 whitespace-normal break-words text-start [.text-message+&amp;]:mt-5\" dir=\"auto\" data-message-author-role=\"assistant\" data-message-id=\"1906c6ea-43da-4f79-a36c-c894f652ccbe\" data-message-model-slug=\"gpt-4o\">\n<div class=\"flex w-full flex-col gap-1 empty:hidden first:pt-[3px]\">\n<div class=\"markdown prose w-full break-words dark:prose-invert dark\">\n<article class=\"w-full text-token-text-primary focus-visible:outline-2 focus-visible:outline-offset-[-4px]\" dir=\"auto\" data-testid=\"conversation-turn-19\" data-scroll-anchor=\"false\">\n<div class=\"m-auto text-base py-[18px] px-6\">\n<div class=\"mx-auto flex flex-1 text-base gap-4 md:gap-5 lg:gap-6 md:max-w-3xl lg:max-w-[40rem] xl:max-w-[48rem]\">\n<div class=\"group\/conversation-turn relative flex w-full min-w-0 flex-col agent-turn @xs\/thread:px-0 @sm\/thread:px-1.5 @md\/thread:px-4\">\n<div class=\"flex-col gap-1 md:gap-3\">\n<div class=\"flex max-w-full flex-col flex-grow\">\n<div class=\"min-h-8 text-message flex w-full flex-col items-end gap-2 whitespace-normal break-words text-start [.text-message+&amp;]:mt-5\" dir=\"auto\" data-message-author-role=\"assistant\" data-message-id=\"6aa2d671-2b10-4054-aba2-2cd8b179785e\" data-message-model-slug=\"gpt-4o-mini\">\n<div class=\"flex w-full flex-col gap-1 empty:hidden first:pt-[3px]\">\n<div class=\"markdown prose w-full break-words dark:prose-invert dark\">\n<div class=\"flex max-w-full flex-col flex-grow\">\n<div class=\"min-h-8 text-message flex w-full flex-col items-end gap-2 whitespace-normal break-words text-start [.text-message+&amp;]:mt-5\" dir=\"auto\" data-message-author-role=\"assistant\" data-message-id=\"98d38cc5-9248-4116-975b-6a34bf8c7fd1\" data-message-model-slug=\"gpt-4o\">\n<div class=\"flex w-full flex-col gap-1 empty:hidden first:pt-[3px]\">\n<div class=\"markdown prose w-full break-words dark:prose-invert dark\">\n<div class=\"flex max-w-full flex-col flex-grow\">\n<div class=\"min-h-8 text-message flex w-full flex-col items-end gap-2 whitespace-normal break-words text-start [.text-message+&amp;]:mt-5\" dir=\"auto\" data-message-author-role=\"assistant\" data-message-id=\"1906c6ea-43da-4f79-a36c-c894f652ccbe\" data-message-model-slug=\"gpt-4o\">\n<div class=\"flex w-full flex-col gap-1 empty:hidden first:pt-[3px]\">\n<div class=\"markdown prose w-full break-words dark:prose-invert dark\">\n<article class=\"w-full text-token-text-primary focus-visible:outline-2 focus-visible:outline-offset-[-4px]\" dir=\"auto\" data-testid=\"conversation-turn-19\" data-scroll-anchor=\"false\">\n<div class=\"m-auto text-base py-[18px] px-6\">\n<div class=\"mx-auto flex flex-1 text-base gap-4 md:gap-5 lg:gap-6 md:max-w-3xl lg:max-w-[40rem] xl:max-w-[48rem]\">\n<div class=\"group\/conversation-turn relative flex w-full min-w-0 flex-col agent-turn @xs\/thread:px-0 @sm\/thread:px-1.5 @md\/thread:px-4\">\n<div class=\"flex-col gap-1 md:gap-3\">\n<div class=\"flex max-w-full flex-col flex-grow\">\n<div class=\"min-h-8 text-message flex w-full flex-col items-end gap-2 whitespace-normal break-words text-start [.text-message+&amp;]:mt-5\" dir=\"auto\" data-message-author-role=\"assistant\" data-message-id=\"6aa2d671-2b10-4054-aba2-2cd8b179785e\" data-message-model-slug=\"gpt-4o-mini\">\n<div class=\"flex w-full flex-col gap-1 empty:hidden first:pt-[3px]\">\n<div class=\"markdown prose w-full break-words dark:prose-invert dark\">\n<h3 data-start=\"0\" data-end=\"90\"><strong data-start=\"4\" data-end=\"88\">\u015e\u00fc\u015f\u0259 v\u0259 Plastik Qablar \u00dc\u00e7\u00fcn Etiket \u00c7ap Xidm\u0259ti \u2013 Brendinizi Pe\u015f\u0259kar T\u0259qdim Edin!<\/strong><\/h3>\n<p data-start=\"92\" data-end=\"345\">M\u0259hsulunuzun bazarda <strong data-start=\"113\" data-end=\"146\">f\u0259rql\u0259nm\u0259si v\u0259 diqq\u0259t \u00e7\u0259km\u0259si<\/strong> \u00fc\u00e7\u00fcn y\u00fcks\u0259k keyfiyy\u0259tli v\u0259 c\u0259lbedici etiketl\u0259r sifari\u015f edin! \u015e\u00fc\u015f\u0259 v\u0259 plastik qablar \u00fc\u00e7\u00fcn etiketl\u0259r m\u0259hsulunuzun tan\u0131nmas\u0131na, brendinizin m\u00f6hk\u0259ml\u0259nm\u0259sin\u0259 v\u0259 m\u00fc\u015ft\u0259ri etibar\u0131n\u0131n artmas\u0131na k\u00f6m\u0259k edir.<\/p>\n<p data-start=\"347\" data-end=\"496\">Biz <strong data-start=\"351\" data-end=\"389\">suya, istiliy\u0259 v\u0259 r\u00fctub\u0259t\u0259 davaml\u0131<\/strong> materiallarla etiketl\u0259rin \u00e7ap\u0131n\u0131 h\u0259yata ke\u00e7iririk ki, m\u0259hsulunuz h\u0259r zaman <strong data-start=\"465\" data-end=\"487\">m\u00fck\u0259mm\u0259l g\u00f6r\u00fcn\u00fc\u015fd\u0259<\/strong> olsun!<\/p>\n<hr data-start=\"498\" data-end=\"503\" \/>\n<h3 data-start=\"505\" data-end=\"567\"><strong data-start=\"509\" data-end=\"565\">\u015e\u00fc\u015f\u0259 v\u0259 Plastik Qablar \u00dc\u00e7\u00fcn Etiketl\u0259rin \u00dcst\u00fcnl\u00fckl\u0259ri<\/strong><\/h3>\n<p data-start=\"569\" data-end=\"1237\">\u2705 <strong data-start=\"571\" data-end=\"598\">Suya v\u0259 n\u0259m\u0259 davaml\u0131l\u0131q<\/strong> \u2013 \u015e\u00fc\u015f\u0259 v\u0259 plastik qablar \u00fc\u00e7\u00fcn x\u00fcsusi materiallar istifad\u0259 olunur ki, etiketl\u0259r uzun m\u00fcdd\u0259t deformasiya olmas\u0131n.<br data-start=\"710\" data-end=\"713\" \/>\u2705 <strong data-start=\"715\" data-end=\"740\">Y\u00fcks\u0259k \u00e7ap keyfiyy\u0259ti<\/strong> \u2013 Parlaq v\u0259 mat laminasiya, q\u0131z\u0131l\u0131 v\u0259 g\u00fcm\u00fc\u015f\u00fc folqa, UV \u00e7ap se\u00e7imi il\u0259 premium g\u00f6r\u00fcn\u00fc\u015f.<br data-start=\"827\" data-end=\"830\" \/>\u2705 <strong data-start=\"832\" data-end=\"862\">\u00d6l\u00e7\u00fc v\u0259 forma m\u00fcxt\u0259lifliyi<\/strong> \u2013 M\u00fcxt\u0259lif diametr v\u0259 \u00f6l\u00e7\u00fcd\u0259 etiketl\u0259r haz\u0131rlay\u0131r\u0131q.<br data-start=\"915\" data-end=\"918\" \/>\u2705 <strong data-start=\"920\" data-end=\"949\">G\u00fccl\u00fc yap\u0131\u015fqanl\u0131 material<\/strong> \u2013 Etiketl\u0259r qablardan soyulmur v\u0259 uzun\u00f6m\u00fcrl\u00fcd\u00fcr.<br data-start=\"998\" data-end=\"1001\" \/>\u2705 <strong data-start=\"1003\" data-end=\"1031\">Ekoloji t\u0259miz variantlar<\/strong> \u2013 \u00c7evr\u0259 dostu materiallardan istifad\u0259 ed\u0259r\u0259k, t\u0259bi\u0259t\u0259 z\u0259r\u0259r verm\u0259d\u0259n m\u0259hsulunuzu qabla\u015fd\u0131r\u0131n.<br data-start=\"1125\" data-end=\"1128\" \/>\u2705 <strong data-start=\"1130\" data-end=\"1154\">F\u0259rdi dizayn xidm\u0259ti<\/strong> \u2013 Brendiniz\u0259 uy\u011fun r\u0259ngl\u0259r, loqo v\u0259 m\u0259lumatlarla tam f\u0259rdil\u0259\u015fdirilmi\u015f etiketl\u0259r.<\/p>\n<hr data-start=\"1239\" data-end=\"1244\" \/>\n<h3 data-start=\"1246\" data-end=\"1296\"><strong data-start=\"1250\" data-end=\"1294\">Etiketl\u0259r Hans\u0131 M\u0259hsullar \u00dc\u00e7\u00fcn Uy\u011fundur?<\/strong><\/h3>\n<p data-start=\"1298\" data-end=\"1921\">\ud83d\udccc <strong data-start=\"1301\" data-end=\"1335\">Qida v\u0259 i\u00e7kil\u0259r \u00fc\u00e7\u00fcn etiketl\u0259r<\/strong> \u2013 \u015eir\u0259l\u0259r, qazl\u0131 i\u00e7kil\u0259r, su, s\u00fcd m\u0259hsullar\u0131, souslar v\u0259 dig\u0259r \u0259rzaq m\u0259hsullar\u0131 \u00fc\u00e7\u00fcn.<br data-start=\"1421\" data-end=\"1424\" \/>\ud83d\udccc <strong data-start=\"1427\" data-end=\"1478\">Kosmetika v\u0259 gigiyena m\u0259hsullar\u0131 \u00fc\u00e7\u00fcn etiketl\u0259r<\/strong> \u2013 \u015eampun, sabun, kreml\u0259r, \u0259tirl\u0259r v\u0259 dig\u0259r g\u00f6z\u0259llik m\u0259hsullar\u0131 \u00fc\u00e7\u00fcn.<br data-start=\"1547\" data-end=\"1550\" \/>\ud83d\udccc <strong data-start=\"1553\" data-end=\"1597\">M\u0259i\u015f\u0259t kimyas\u0131 m\u0259hsullar\u0131 \u00fc\u00e7\u00fcn etiketl\u0259r<\/strong> \u2013 T\u0259mizlik vasit\u0259l\u0259ri, yuyucu tozlar, maye sabunlar v\u0259 dezinfeksiyaedici madd\u0259l\u0259r \u00fc\u00e7\u00fcn.<br data-start=\"1685\" data-end=\"1688\" \/>\ud83d\udccc <strong data-start=\"1691\" data-end=\"1736\">D\u0259rman v\u0259 bioloji \u0259lav\u0259l\u0259r \u00fc\u00e7\u00fcn etiketl\u0259r<\/strong> \u2013 Vitaminl\u0259r, siruplar v\u0259 dig\u0259r tibbi m\u0259hsullar \u00fc\u00e7\u00fcn.<br data-start=\"1790\" data-end=\"1793\" \/>\ud83d\udccc <strong data-start=\"1796\" data-end=\"1843\">H\u0259diyy\u0259 v\u0259 premium m\u0259hsullar \u00fc\u00e7\u00fcn etiketl\u0259r<\/strong> \u2013 \u015e\u0259rab, bal, x\u00fcsusi qabla\u015fd\u0131r\u0131lm\u0131\u015f m\u0259hsullar \u00fc\u00e7\u00fcn l\u00fcks dizaynl\u0131 etiketl\u0259r.<\/p>\n<\/div>\n<\/div>\n<\/div>\n<\/div>\n<\/div>\n<\/div>\n<\/div>\n<\/div>\n<\/article>\n<\/div>\n<\/div>\n<\/div>\n<\/div>\n<\/div>\n<\/div>\n<\/div>\n<\/div>\n<\/div>\n<\/div>\n<\/div>\n<\/div>\n<\/div>\n<\/div>\n<\/div>\n<\/div>\n<\/article>\n<\/div>\n<\/div>\n<\/div>\n<\/div>\n<\/div>\n<\/div>\n<\/div>\n<\/div>\n<\/div>\n<\/div>\n<\/div>\n<\/div>\n<\/div>\n<\/div>\n<\/div>\n<\/div>\n<\/article>\n<\/div>\n<\/div>\n<\/div>\n<\/div>\n<\/div>\n<\/div>\n<\/div>\n<\/div>\n","protected":false},"excerpt":{"rendered":"<div class=\"flex max-w-full flex-col flex-grow\">\n<div class=\"min-h-8 text-message flex w-full flex-col items-end gap-2 whitespace-normal break-words text-start [.text-message+&amp;]:mt-5\" dir=\"auto\" data-message-author-role=\"assistant\" data-message-id=\"98d38cc5-9248-4116-975b-6a34bf8c7fd1\" data-message-model-slug=\"gpt-4o\">\n<div class=\"flex w-full flex-col gap-1 empty:hidden first:pt-[3px]\">\n<div class=\"markdown prose w-full break-words dark:prose-invert dark\">\n<div class=\"flex max-w-full flex-col flex-grow\">\n<div class=\"min-h-8 text-message flex w-full flex-col items-end gap-2 whitespace-normal break-words text-start [.text-message+&amp;]:mt-5\" dir=\"auto\" data-message-author-role=\"assistant\" data-message-id=\"1906c6ea-43da-4f79-a36c-c894f652ccbe\" data-message-model-slug=\"gpt-4o\">\n<div class=\"flex w-full flex-col gap-1 empty:hidden first:pt-[3px]\">\n<div class=\"markdown prose w-full break-words dark:prose-invert dark\">\n<article class=\"w-full text-token-text-primary focus-visible:outline-2 focus-visible:outline-offset-[-4px]\" dir=\"auto\" data-testid=\"conversation-turn-19\" data-scroll-anchor=\"false\">\n<div class=\"m-auto text-base py-[18px] px-6\">\n<div class=\"mx-auto flex flex-1 text-base gap-4 md:gap-5 lg:gap-6 md:max-w-3xl lg:max-w-[40rem] xl:max-w-[48rem]\">\n<div class=\"group\/conversation-turn relative flex w-full min-w-0 flex-col agent-turn @xs\/thread:px-0 @sm\/thread:px-1.5 @md\/thread:px-4\">\n<div class=\"flex-col gap-1 md:gap-3\">\n<div class=\"flex max-w-full flex-col flex-grow\">\n<div class=\"min-h-8 text-message flex w-full flex-col items-end gap-2 whitespace-normal break-words text-start [.text-message+&amp;]:mt-5\" dir=\"auto\" data-message-author-role=\"assistant\" data-message-id=\"6aa2d671-2b10-4054-aba2-2cd8b179785e\" data-message-model-slug=\"gpt-4o-mini\">\n<div class=\"flex w-full flex-col gap-1 empty:hidden first:pt-[3px]\">\n<div class=\"markdown prose w-full break-words dark:prose-invert dark\">\n<div class=\"flex max-w-full flex-col flex-grow\">\n<div class=\"min-h-8 text-message flex w-full flex-col items-end gap-2 whitespace-normal break-words text-start [.text-message+&amp;]:mt-5\" dir=\"auto\" data-message-author-role=\"assistant\" data-message-id=\"195dffcc-249f-4cce-be96-62f8cdd1629a\" data-message-model-slug=\"gpt-4o-mini\">\n<div class=\"flex w-full flex-col gap-1 empty:hidden first:pt-[3px]\">\n<div class=\"markdown prose w-full break-words dark:prose-invert dark\">\n<h3 data-start=\"1930\" data-end=\"1987\"><strong data-start=\"1934\" data-end=\"1985\">Etiket Sifari\u015fi \u2013 Keyfiyy\u0259tli v\u0259 S\u00fcr\u0259tli Xidm\u0259t<\/strong><\/h3>\n<p data-start=\"1989\" data-end=\"2361\">\ud83d\udccc <strong data-start=\"1992\" data-end=\"2016\">Minimum sifari\u015f say\u0131<\/strong>: 100 \u0259d\u0259d<br data-start=\"2026\" data-end=\"2029\" \/>\ud83d\udccc <strong data-start=\"2032\" data-end=\"2052\">Material n\u00f6vl\u0259ri<\/strong>: Suya davaml\u0131 ka\u011f\u0131z, plastik v\u0259 yap\u0131\u015fqanl\u0131 vinil<br data-start=\"2101\" data-end=\"2104\" \/>\ud83d\udccc <strong data-start=\"2107\" data-end=\"2124\">\u00d6l\u00e7\u00fc v\u0259 forma<\/strong>: Dair\u0259vi, kvadrat, d\u00fczbucaql\u0131 v\u0259 x\u00fcsusi formal\u0131 k\u0259siml\u0259r<br data-start=\"2181\" data-end=\"2184\" \/>\ud83d\udccc <strong data-start=\"2187\" data-end=\"2205\">\u00c7ap keyfiyy\u0259ti<\/strong>: R\u0259ngli v\u0259 ya metal folqa effektli \u00e7ap, UV lak se\u00e7imi<br data-start=\"2259\" data-end=\"2262\" \/>\ud83d\udccc <strong data-start=\"2265\" data-end=\"2283\">Dizayn xidm\u0259ti<\/strong>: 80 AZN (loqo v\u0259 brend \u00fcslubuna uy\u011fun)<br data-start=\"2322\" data-end=\"2325\" \/>\ud83d\udccc <strong data-start=\"2328\" data-end=\"2348\">\u0130stehsal m\u00fcdd\u0259ti<\/strong>: 3 i\u015f g\u00fcn\u00fc<\/p>\n<p data-start=\"2363\" data-end=\"2426\">\ud83d\udd39 <strong data-start=\"2366\" data-end=\"2424\">M\u0259hsulunuzun qabla\u015fd\u0131rmas\u0131n\u0131 f\u0259rqli v\u0259 c\u0259lbedici edin!<\/strong><\/p>\n<p data-start=\"2428\" data-end=\"2527\">\ud83d\udcde <strong data-start=\"2431\" data-end=\"2506\">\u015e\u00fc\u015f\u0259 v\u0259 plastik qablar \u00fc\u00e7\u00fcn etiket sifari\u015fi \u00fc\u00e7\u00fcn biziml\u0259 \u0259laq\u0259 saxlay\u0131n<\/strong>: <strong data-start=\"2508\" data-end=\"2525\">055 292 99 33<\/strong><\/p>\n<p data-start=\"2529\" data-end=\"2643\" data-is-last-node=\"\">M\u0259hsulunuzu bazarda <strong data-start=\"2549\" data-end=\"2582\">r\u0259qibl\u0259rinizd\u0259n f\u0259rql\u0259ndirm\u0259k<\/strong> v\u0259 <strong data-start=\"2586\" data-end=\"2615\">brend d\u0259y\u0259rinizi art\u0131rmaq<\/strong> \u00fc\u00e7\u00fcn biz\u0259 m\u00fcraci\u0259t edin! \ud83d\ude80<\/p>\n<\/div>\n<\/div>\n<\/div>\n<\/div>\n<\/div>\n<\/div>\n<\/div>\n<\/div>\n<\/div>\n<\/div>\n<\/div>\n<\/div>\n<\/article>\n<\/div>\n<\/div>\n<\/div>\n<\/div>\n<\/div>\n<\/div>\n<\/div>\n<\/div>\n","protected":false},"featured_media":1047,"comment_status":"open","ping_status":"closed","template":"","meta":{"om_disable_all_campaigns":false,"_monsterinsights_skip_tracking":false,"_monsterinsights_sitenote_active":false,"_monsterinsights_sitenote_note":"","_monsterinsights_sitenote_category":0,"site-sidebar-layout":"default","site-content-layout":"","ast-site-content-layout":"default","site-content-style":"default","site-sidebar-style":"default","ast-global-header-display":"","ast-banner-title-visibility":"","ast-main-header-display":"","ast-hfb-above-header-display":"","ast-hfb-below-header-display":"","ast-hfb-mobile-header-display":"","site-post-title":"","ast-breadcrumbs-content":"","ast-featured-img":"","footer-sml-layout":"","theme-transparent-header-meta":"default","adv-header-id-meta":"","stick-header-meta":"","header-above-stick-meta":"","header-main-stick-meta":"","header-below-stick-meta":"","astra-migrate-meta-layouts":"set","ast-page-background-enabled":"default","ast-page-background-meta":{"desktop":{"background-color":"","background-image":"","background-repeat":"repeat","background-position":"center center","background-size":"auto","background-attachment":"scroll","background-type":"","background-media":"","overlay-type":"","overlay-color":"","overlay-opacity":"","overlay-gradient":""},"tablet":{"background-color":"","background-image":"","background-repeat":"repeat","background-position":"center center","background-size":"auto","background-attachment":"scroll","background-type":"","background-media":"","overlay-type":"","overlay-color":"","overlay-opacity":"","overlay-gradient":""},"mobile":{"background-color":"","background-image":"","background-repeat":"repeat","background-position":"center center","background-size":"auto","background-attachment":"scroll","background-type":"","background-media":"","overlay-type":"","overlay-color":"","overlay-opacity":"","overlay-gradient":""}},"ast-content-background-meta":{"desktop":{"background-color":"var(--ast-global-color-5)","background-image":"","background-repeat":"repeat","background-position":"center center","background-size":"auto","background-attachment":"scroll","background-type":"","background-media":"","overlay-type":"","overlay-color":"","overlay-opacity":"","overlay-gradient":""},"tablet":{"background-color":"var(--ast-global-color-5)","background-image":"","background-repeat":"repeat","background-position":"center center","background-size":"auto","background-attachment":"scroll","background-type":"","background-media":"","overlay-type":"","overlay-color":"","overlay-opacity":"","overlay-gradient":""},"mobile":{"background-color":"var(--ast-global-color-5)","background-image":"","background-repeat":"repeat","background-position":"center center","background-size":"auto","background-attachment":"scroll","background-type":"","background-media":"","overlay-type":"","overlay-color":"","overlay-opacity":"","overlay-gradient":""}}},"product_brand":[],"product_cat":[24],"product_tag":[38],"class_list":{"0":"post-1044","1":"product","2":"type-product","3":"status-publish","4":"has-post-thumbnail","6":"product_cat-cap-mhsullari","7":"product_tag-sus-v-plastik-qablar-ucun-etiketlr","8":"desktop-align-left","9":"tablet-align-left","10":"mobile-align-left","12":"first","13":"instock","14":"shipping-taxable","15":"product-type-simple"},"aioseo_notices":[],"_links":{"self":[{"href":"https:\/\/milliprint.az\/index.php?rest_route=\/wp\/v2\/product\/1044","targetHints":{"allow":["GET"]}}],"collection":[{"href":"https:\/\/milliprint.az\/index.php?rest_route=\/wp\/v2\/product"}],"about":[{"href":"https:\/\/milliprint.az\/index.php?rest_route=\/wp\/v2\/types\/product"}],"replies":[{"embeddable":true,"href":"https:\/\/milliprint.az\/index.php?rest_route=%2Fwp%2Fv2%2Fcomments&post=1044"}],"wp:featuredmedia":[{"embeddable":true,"href":"https:\/\/milliprint.az\/index.php?rest_route=\/wp\/v2\/media\/1047"}],"wp:attachment":[{"href":"https:\/\/milliprint.az\/index.php?rest_route=%2Fwp%2Fv2%2Fmedia&parent=1044"}],"wp:term":[{"taxonomy":"product_brand","embeddable":true,"href":"https:\/\/milliprint.az\/index.php?rest_route=%2Fwp%2Fv2%2Fproduct_brand&post=1044"},{"taxonomy":"product_cat","embeddable":true,"href":"https:\/\/milliprint.az\/index.php?rest_route=%2Fwp%2Fv2%2Fproduct_cat&post=1044"},{"taxonomy":"product_tag","embeddable":true,"href":"https:\/\/milliprint.az\/index.php?rest_route=%2Fwp%2Fv2%2Fproduct_tag&post=1044"}],"curies":[{"name":"wp","href":"https:\/\/api.w.org\/{rel}","templated":true}]}}