{"id":1048,"date":"2025-02-18T15:29:14","date_gmt":"2025-02-18T11:29:14","guid":{"rendered":"https:\/\/milliprint.az\/?post_type=product&#038;p=1048"},"modified":"2025-02-18T15:51:29","modified_gmt":"2025-02-18T11:51:29","slug":"jurnallarin-hazirlanmasi-jurnallarin-qiym%c9%99ti-v%c9%99-sifarisi","status":"publish","type":"product","link":"https:\/\/milliprint.az\/?product=jurnallarin-hazirlanmasi-jurnallarin-qiym%c9%99ti-v%c9%99-sifarisi","title":{"rendered":"Jurnallar\u0131n haz\u0131rlanmas\u0131. Jurnallar\u0131n qiym\u0259ti v\u0259 sifari\u015fi"},"content":{"rendered":"<div class=\"flex max-w-full flex-col flex-grow\">\n<div class=\"min-h-8 text-message flex w-full flex-col items-end gap-2 whitespace-normal break-words text-start [.text-message+&amp;]:mt-5\" dir=\"auto\" data-message-author-role=\"assistant\" data-message-id=\"98d38cc5-9248-4116-975b-6a34bf8c7fd1\" data-message-model-slug=\"gpt-4o\">\n<div class=\"flex w-full flex-col gap-1 empty:hidden first:pt-[3px]\">\n<div class=\"markdown prose w-full break-words dark:prose-invert dark\">\n<div class=\"flex max-w-full flex-col flex-grow\">\n<div class=\"min-h-8 text-message flex w-full flex-col items-end gap-2 whitespace-normal break-words text-start [.text-message+&amp;]:mt-5\" dir=\"auto\" data-message-author-role=\"assistant\" data-message-id=\"1906c6ea-43da-4f79-a36c-c894f652ccbe\" data-message-model-slug=\"gpt-4o\">\n<div class=\"flex w-full flex-col gap-1 empty:hidden first:pt-[3px]\">\n<div class=\"markdown prose w-full break-words dark:prose-invert dark\">\n<article class=\"w-full text-token-text-primary focus-visible:outline-2 focus-visible:outline-offset-[-4px]\" dir=\"auto\" data-testid=\"conversation-turn-19\" data-scroll-anchor=\"false\">\n<div class=\"m-auto text-base py-[18px] px-6\">\n<div class=\"mx-auto flex flex-1 text-base gap-4 md:gap-5 lg:gap-6 md:max-w-3xl lg:max-w-[40rem] xl:max-w-[48rem]\">\n<div class=\"group\/conversation-turn relative flex w-full min-w-0 flex-col agent-turn @xs\/thread:px-0 @sm\/thread:px-1.5 @md\/thread:px-4\">\n<div class=\"flex-col gap-1 md:gap-3\">\n<div class=\"flex max-w-full flex-col flex-grow\">\n<div class=\"min-h-8 text-message flex w-full flex-col items-end gap-2 whitespace-normal break-words text-start [.text-message+&amp;]:mt-5\" dir=\"auto\" data-message-author-role=\"assistant\" data-message-id=\"6aa2d671-2b10-4054-aba2-2cd8b179785e\" data-message-model-slug=\"gpt-4o-mini\">\n<div class=\"flex w-full flex-col gap-1 empty:hidden first:pt-[3px]\">\n<div class=\"markdown prose w-full break-words dark:prose-invert dark\">\n<div class=\"flex max-w-full flex-col flex-grow\">\n<div class=\"min-h-8 text-message flex w-full flex-col items-end gap-2 whitespace-normal break-words text-start [.text-message+&amp;]:mt-5\" dir=\"auto\" data-message-author-role=\"assistant\" data-message-id=\"98d38cc5-9248-4116-975b-6a34bf8c7fd1\" data-message-model-slug=\"gpt-4o\">\n<div class=\"flex w-full flex-col gap-1 empty:hidden first:pt-[3px]\">\n<div class=\"markdown prose w-full break-words dark:prose-invert dark\">\n<div class=\"flex max-w-full flex-col flex-grow\">\n<div class=\"min-h-8 text-message flex w-full flex-col items-end gap-2 whitespace-normal break-words text-start [.text-message+&amp;]:mt-5\" dir=\"auto\" data-message-author-role=\"assistant\" data-message-id=\"1906c6ea-43da-4f79-a36c-c894f652ccbe\" data-message-model-slug=\"gpt-4o\">\n<div class=\"flex w-full flex-col gap-1 empty:hidden first:pt-[3px]\">\n<div class=\"markdown prose w-full break-words dark:prose-invert dark\">\n<article class=\"w-full text-token-text-primary focus-visible:outline-2 focus-visible:outline-offset-[-4px]\" dir=\"auto\" data-testid=\"conversation-turn-19\" data-scroll-anchor=\"false\">\n<div class=\"m-auto text-base py-[18px] px-6\">\n<div class=\"mx-auto flex flex-1 text-base gap-4 md:gap-5 lg:gap-6 md:max-w-3xl lg:max-w-[40rem] xl:max-w-[48rem]\">\n<div class=\"group\/conversation-turn relative flex w-full min-w-0 flex-col agent-turn @xs\/thread:px-0 @sm\/thread:px-1.5 @md\/thread:px-4\">\n<div class=\"flex-col gap-1 md:gap-3\">\n<div class=\"flex max-w-full flex-col flex-grow\">\n<div class=\"min-h-8 text-message flex w-full flex-col items-end gap-2 whitespace-normal break-words text-start [.text-message+&amp;]:mt-5\" dir=\"auto\" data-message-author-role=\"assistant\" data-message-id=\"6aa2d671-2b10-4054-aba2-2cd8b179785e\" data-message-model-slug=\"gpt-4o-mini\">\n<div class=\"flex w-full flex-col gap-1 empty:hidden first:pt-[3px]\">\n<div class=\"markdown prose w-full break-words dark:prose-invert dark\">\n<div class=\"flex max-w-full flex-col flex-grow\">\n<div class=\"min-h-8 text-message flex w-full flex-col items-end gap-2 whitespace-normal break-words text-start [.text-message+&amp;]:mt-5\" dir=\"auto\" data-message-author-role=\"assistant\" data-message-id=\"98d38cc5-9248-4116-975b-6a34bf8c7fd1\" data-message-model-slug=\"gpt-4o\">\n<div class=\"flex w-full flex-col gap-1 empty:hidden first:pt-[3px]\">\n<div class=\"markdown prose w-full break-words dark:prose-invert dark\">\n<div class=\"flex max-w-full flex-col flex-grow\">\n<div class=\"min-h-8 text-message flex w-full flex-col items-end gap-2 whitespace-normal break-words text-start [.text-message+&amp;]:mt-5\" dir=\"auto\" data-message-author-role=\"assistant\" data-message-id=\"1906c6ea-43da-4f79-a36c-c894f652ccbe\" data-message-model-slug=\"gpt-4o\">\n<div class=\"flex w-full flex-col gap-1 empty:hidden first:pt-[3px]\">\n<div class=\"markdown prose w-full break-words dark:prose-invert dark\">\n<article class=\"w-full text-token-text-primary focus-visible:outline-2 focus-visible:outline-offset-[-4px]\" dir=\"auto\" data-testid=\"conversation-turn-19\" data-scroll-anchor=\"false\">\n<div class=\"m-auto text-base py-[18px] px-6\">\n<div class=\"mx-auto flex flex-1 text-base gap-4 md:gap-5 lg:gap-6 md:max-w-3xl lg:max-w-[40rem] xl:max-w-[48rem]\">\n<div class=\"group\/conversation-turn relative flex w-full min-w-0 flex-col agent-turn @xs\/thread:px-0 @sm\/thread:px-1.5 @md\/thread:px-4\">\n<div class=\"flex-col gap-1 md:gap-3\">\n<div class=\"flex max-w-full flex-col flex-grow\">\n<div class=\"min-h-8 text-message flex w-full flex-col items-end gap-2 whitespace-normal break-words text-start [.text-message+&amp;]:mt-5\" dir=\"auto\" data-message-author-role=\"assistant\" data-message-id=\"6aa2d671-2b10-4054-aba2-2cd8b179785e\" data-message-model-slug=\"gpt-4o-mini\">\n<div class=\"flex w-full flex-col gap-1 empty:hidden first:pt-[3px]\">\n<div class=\"markdown prose w-full break-words dark:prose-invert dark\">\n<h3 data-start=\"0\" data-end=\"64\"><strong data-start=\"4\" data-end=\"62\">Jurnal \u00c7ap Xidm\u0259ti \u2013 Pe\u015f\u0259kar v\u0259 Y\u00fcks\u0259k Keyfiyy\u0259tli \u00c7ap<\/strong><\/h3>\n<p data-start=\"66\" data-end=\"429\">Jurnallar\u0131n\u0131z\u0131n n\u0259\u015fri \u00fc\u00e7\u00fcn <strong data-start=\"93\" data-end=\"141\">pe\u015f\u0259kar v\u0259 y\u00fcks\u0259k keyfiyy\u0259tli \u00e7ap xidm\u0259tl\u0259ri<\/strong> t\u0259qdim edirik! \u0130st\u0259r <strong data-start=\"163\" data-end=\"171\">moda<\/strong>, ist\u0259r <strong data-start=\"179\" data-end=\"189\">biznes<\/strong>, ist\u0259rs\u0259 d\u0259 <strong data-start=\"202\" data-end=\"232\">s\u0259hiyy\u0259 v\u0259 dig\u0259r sah\u0259l\u0259rd\u0259<\/strong> f\u0259aliyy\u0259t g\u00f6st\u0259r\u0259n jurnallar \u00fc\u00e7\u00fcn <strong data-start=\"267\" data-end=\"284\">unikal dizayn<\/strong> v\u0259 <strong data-start=\"288\" data-end=\"303\">premium \u00e7ap<\/strong> se\u00e7iml\u0259ri il\u0259 xidm\u0259tinizd\u0259yik. Oxucular\u0131n\u0131z\u0131 c\u0259lb ed\u0259c\u0259k <strong data-start=\"361\" data-end=\"392\">m\u00fck\u0259mm\u0259l dizaynl\u0131 jurnallar<\/strong> \u00e7ap etm\u0259k \u00fc\u00e7\u00fcn do\u011fru \u00fcnvandas\u0131n\u0131z!<\/p>\n<hr data-start=\"431\" data-end=\"436\" \/>\n<h3 data-start=\"438\" data-end=\"472\"><strong data-start=\"442\" data-end=\"470\">Jurnal \u00c7ap\u0131 \u00dcst\u00fcnl\u00fckl\u0259ri<\/strong><\/h3>\n<p data-start=\"474\" data-end=\"1097\">\u2705 <strong data-start=\"476\" data-end=\"501\">Y\u00fcks\u0259k \u00e7ap keyfiyy\u0259ti<\/strong> \u2013 <strong data-start=\"504\" data-end=\"522\">Parlaq r\u0259ngl\u0259r<\/strong>, <strong data-start=\"524\" data-end=\"543\">canl\u0131 t\u0259svirl\u0259r<\/strong> v\u0259 m\u00fck\u0259mm\u0259l \u00e7ap texnologiyas\u0131 il\u0259.<br data-start=\"578\" data-end=\"581\" \/>\u2705 <strong data-start=\"583\" data-end=\"623\">Dayan\u0131ql\u0131 v\u0259 keyfiyy\u0259tli materiallar<\/strong> \u2013 \u0130st\u0259nil\u0259n n\u00f6v ka\u011f\u0131z n\u00f6v\u00fc il\u0259 \u00e7ap (matt, parlaq, yum\u015faq toxunu\u015flu).<br data-start=\"692\" data-end=\"695\" \/>\u2705 <strong data-start=\"697\" data-end=\"715\">S\u0259rf\u0259li qiym\u0259t<\/strong> \u2013 B\u00fct\u00fcn b\u00fcdc\u0259l\u0259r \u00fc\u00e7\u00fcn uy\u011fun qiym\u0259tl\u0259r.<br data-start=\"754\" data-end=\"757\" \/>\u2705 <strong data-start=\"759\" data-end=\"786\">F\u0259rdi dizayn xidm\u0259tl\u0259ri<\/strong> \u2013 Jurnal\u0131n m\u00f6vzusuna v\u0259 h\u0259d\u0259f auditoriyas\u0131na uy\u011fun <strong data-start=\"838\" data-end=\"874\">yenilik\u00e7i v\u0259 c\u0259lbedici dizaynlar<\/strong>.<br data-start=\"875\" data-end=\"878\" \/>\u2705 <strong data-start=\"880\" data-end=\"908\">F\u0259rqli \u00f6l\u00e7\u00fc v\u0259 formatlar<\/strong> \u2013 <strong data-start=\"911\" data-end=\"917\">A4<\/strong>, <strong data-start=\"919\" data-end=\"925\">A5<\/strong>, <strong data-start=\"927\" data-end=\"939\">saat \u00fcz\u00fc<\/strong> v\u0259 ya x\u00fcsusi \u00f6l\u00e7\u00fcl\u0259rd\u0259 jurnal \u00e7ap\u0131.<br data-start=\"975\" data-end=\"978\" \/>\u2705 <strong data-start=\"980\" data-end=\"1009\">S\u00fcr\u0259tli \u00e7ap v\u0259 \u00e7atd\u0131r\u0131lma<\/strong> \u2013 <strong data-start=\"1012\" data-end=\"1036\">M\u00fcxt\u0259lif \u00e7ap n\u00f6vl\u0259ri<\/strong> v\u0259 sifari\u015f say\u0131na uy\u011fun <strong data-start=\"1061\" data-end=\"1094\">tez t\u0259hvil verilm\u0259 m\u00fcdd\u0259tl\u0259ri<\/strong>.<\/p>\n<hr data-start=\"1099\" data-end=\"1104\" \/>\n<h3 data-start=\"1106\" data-end=\"1149\"><strong data-start=\"1110\" data-end=\"1147\">Jurnal \u00c7ap\u0131 Kiml\u0259r \u00dc\u00e7\u00fcn Uy\u011fundur?<\/strong><\/h3>\n<p data-start=\"1151\" data-end=\"1825\">\ud83d\udccc <strong data-start=\"1154\" data-end=\"1175\">Biznes jurnallar\u0131<\/strong> \u2013 \u015eirk\u0259tinizin, m\u0259hsul v\u0259 xidm\u0259tl\u0259rinizin tan\u0131t\u0131m\u0131 \u00fc\u00e7\u00fcn.<br data-start=\"1232\" data-end=\"1235\" \/>\ud83d\udccc <strong data-start=\"1238\" data-end=\"1272\">Moda v\u0259 h\u0259yat t\u0259rzi jurnallar\u0131<\/strong> \u2013 Yenilikl\u0259ri, trend v\u0259 t\u0259rzi g\u00f6st\u0259rm\u0259k \u00fc\u00e7\u00fcn.<br data-start=\"1318\" data-end=\"1321\" \/>\ud83d\udccc <strong data-start=\"1324\" data-end=\"1354\">S\u0259hiyy\u0259 v\u0259 tibbi jurnallar<\/strong> \u2013 Sa\u011flaml\u0131q, qidalanma, d\u0259rman v\u0259 tibbi m\u0259lumatlar \u00fc\u00e7\u00fcn.<br data-start=\"1411\" data-end=\"1414\" \/>\ud83d\udccc <strong data-start=\"1417\" data-end=\"1448\">Sosial v\u0259 ictimai jurnallar<\/strong> \u2013 C\u0259miyy\u0259t v\u0259 sosial m\u0259s\u0259l\u0259l\u0259rl\u0259 ba\u011fl\u0131 m\u0259lumat verm\u0259k \u00fc\u00e7\u00fcn.<br data-start=\"1508\" data-end=\"1511\" \/>\ud83d\udccc <strong data-start=\"1514\" data-end=\"1546\">T\u0259hsil v\u0259 akademik jurnallar<\/strong> \u2013 T\u0259dris materiallar\u0131, elmi i\u015fl\u0259r v\u0259 ara\u015fd\u0131rmalar \u00fc\u00e7\u00fcn.<br data-start=\"1602\" data-end=\"1605\" \/>\ud83d\udccc <strong data-start=\"1608\" data-end=\"1646\">M\u0259d\u0259niyy\u0259t v\u0259 inc\u0259s\u0259n\u0259t jurnallar\u0131<\/strong> \u2013 Kino, musiqi, r\u0259ssaml\u0131q v\u0259 dig\u0259r s\u0259n\u0259t sah\u0259l\u0259ri \u00fc\u00e7\u00fcn.<br data-start=\"1702\" data-end=\"1705\" \/>\ud83d\udccc <strong data-start=\"1708\" data-end=\"1734\">Texnologiya jurnallar\u0131<\/strong> \u2013 Yeni texnologiyalar, proqram t\u0259minat\u0131 v\u0259 elektronika sah\u0259si il\u0259 ba\u011fl\u0131 m\u0259lumatlar \u00fc\u00e7\u00fcn.<\/p>\n<\/div>\n<\/div>\n<\/div>\n<\/div>\n<\/div>\n<\/div>\n<\/div>\n<\/div>\n<\/article>\n<\/div>\n<\/div>\n<\/div>\n<\/div>\n<\/div>\n<\/div>\n<\/div>\n<\/div>\n<\/div>\n<\/div>\n<\/div>\n<\/div>\n<\/div>\n<\/div>\n<\/div>\n<\/div>\n<\/article>\n<\/div>\n<\/div>\n<\/div>\n<\/div>\n<\/div>\n<\/div>\n<\/div>\n<\/div>\n<\/div>\n<\/div>\n<\/div>\n<\/div>\n<\/div>\n<\/div>\n<\/div>\n<\/div>\n<\/article>\n<\/div>\n<\/div>\n<\/div>\n<\/div>\n<\/div>\n<\/div>\n<\/div>\n<\/div>\n","protected":false},"excerpt":{"rendered":"<div class=\"flex max-w-full flex-col flex-grow\">\n<div class=\"min-h-8 text-message flex w-full flex-col items-end gap-2 whitespace-normal break-words text-start [.text-message+&amp;]:mt-5\" dir=\"auto\" data-message-author-role=\"assistant\" data-message-id=\"98d38cc5-9248-4116-975b-6a34bf8c7fd1\" data-message-model-slug=\"gpt-4o\">\n<div class=\"flex w-full flex-col gap-1 empty:hidden first:pt-[3px]\">\n<div class=\"markdown prose w-full break-words dark:prose-invert dark\">\n<div class=\"flex max-w-full flex-col flex-grow\">\n<div class=\"min-h-8 text-message flex w-full flex-col items-end gap-2 whitespace-normal break-words text-start [.text-message+&amp;]:mt-5\" dir=\"auto\" data-message-author-role=\"assistant\" data-message-id=\"1906c6ea-43da-4f79-a36c-c894f652ccbe\" data-message-model-slug=\"gpt-4o\">\n<div class=\"flex w-full flex-col gap-1 empty:hidden first:pt-[3px]\">\n<div class=\"markdown prose w-full break-words dark:prose-invert dark\">\n<article class=\"w-full text-token-text-primary focus-visible:outline-2 focus-visible:outline-offset-[-4px]\" dir=\"auto\" data-testid=\"conversation-turn-19\" data-scroll-anchor=\"false\">\n<div class=\"m-auto text-base py-[18px] px-6\">\n<div class=\"mx-auto flex flex-1 text-base gap-4 md:gap-5 lg:gap-6 md:max-w-3xl lg:max-w-[40rem] xl:max-w-[48rem]\">\n<div class=\"group\/conversation-turn relative flex w-full min-w-0 flex-col agent-turn @xs\/thread:px-0 @sm\/thread:px-1.5 @md\/thread:px-4\">\n<div class=\"flex-col gap-1 md:gap-3\">\n<div class=\"flex max-w-full flex-col flex-grow\">\n<div class=\"min-h-8 text-message flex w-full flex-col items-end gap-2 whitespace-normal break-words text-start [.text-message+&amp;]:mt-5\" dir=\"auto\" data-message-author-role=\"assistant\" data-message-id=\"6aa2d671-2b10-4054-aba2-2cd8b179785e\" data-message-model-slug=\"gpt-4o-mini\">\n<div class=\"flex w-full flex-col gap-1 empty:hidden first:pt-[3px]\">\n<div class=\"markdown prose w-full break-words dark:prose-invert dark\">\n<div class=\"flex max-w-full flex-col flex-grow\">\n<div class=\"min-h-8 text-message flex w-full flex-col items-end gap-2 whitespace-normal break-words text-start [.text-message+&amp;]:mt-5\" dir=\"auto\" data-message-author-role=\"assistant\" data-message-id=\"195dffcc-249f-4cce-be96-62f8cdd1629a\" data-message-model-slug=\"gpt-4o-mini\">\n<div class=\"flex w-full flex-col gap-1 empty:hidden first:pt-[3px]\">\n<div class=\"markdown prose w-full break-words dark:prose-invert dark\">\n<h3 data-start=\"1834\" data-end=\"1880\"><strong data-start=\"1838\" data-end=\"1878\">Jurnal \u00c7ap\u0131nda Texniki X\u00fcsusiyy\u0259tl\u0259r<\/strong><\/h3>\n<p data-start=\"1882\" data-end=\"2273\">\ud83d\udccc <strong data-start=\"1885\" data-end=\"1909\">Minimum sifari\u015f say\u0131<\/strong>: 50 \u0259d\u0259d<br data-start=\"1918\" data-end=\"1921\" \/>\ud83d\udccc <strong data-start=\"1924\" data-end=\"1938\">Ka\u011f\u0131z n\u00f6v\u00fc<\/strong>: 130 qr, 170 qr, 250 qr, parlaq v\u0259 mat ka\u011f\u0131z<br data-start=\"1983\" data-end=\"1986\" \/>\ud83d\udccc <strong data-start=\"1989\" data-end=\"2007\">\u00c7ap keyfiyy\u0259ti<\/strong>: Y\u00fcks\u0259k HD r\u0259ngl\u0259r, UV \u00f6rt\u00fck, kabartma (embossing) v\u0259 ya folqa detallar\u0131<br data-start=\"2080\" data-end=\"2083\" \/>\ud83d\udccc <strong data-start=\"2086\" data-end=\"2100\">Laminasiya<\/strong>: Parlaq, mat v\u0259 soft-touch laminasiya variantlar\u0131<br data-start=\"2150\" data-end=\"2153\" \/>\ud83d\udccc <strong data-start=\"2156\" data-end=\"2174\">Dizayn xidm\u0259ti<\/strong>: 100 AZN (loqo, qrafika v\u0259 jurnal m\u00f6vzusuna uy\u011fun dizayn)<br data-start=\"2232\" data-end=\"2235\" \/>\ud83d\udccc <strong data-start=\"2238\" data-end=\"2258\">\u0130stehsal m\u00fcdd\u0259ti<\/strong>: 5-7 i\u015f g\u00fcn\u00fc<\/p>\n<p data-start=\"2275\" data-end=\"2343\">\ud83d\udd39 <strong data-start=\"2278\" data-end=\"2341\">Pe\u015f\u0259kar dizayn v\u0259 \u00e7ap il\u0259 jurnal\u0131n\u0131z\u0131 m\u00fck\u0259mm\u0259l t\u0259qdim edin!<\/strong><\/p>\n<p data-start=\"2345\" data-end=\"2412\">\ud83d\udcde <strong data-start=\"2348\" data-end=\"2391\">Jurnal \u00e7ap\u0131 \u00fc\u00e7\u00fcn biziml\u0259 \u0259laq\u0259 saxlay\u0131n<\/strong>: <strong data-start=\"2393\" data-end=\"2410\">055 292 99 33<\/strong><\/p>\n<p data-start=\"2414\" data-end=\"2634\" data-is-last-node=\"\">Jurnal\u0131n\u0131z\u0131n keyfiyy\u0259tini art\u0131r\u0131n v\u0259 oxucular\u0131n\u0131za \u0259n yax\u015f\u0131 t\u0259cr\u00fcb\u0259ni t\u0259qdim edin! Sizin jurnal\u0131n\u0131z <strong data-start=\"2514\" data-end=\"2553\">oxucular\u0131n diqq\u0259tini c\u0259lb etm\u0259lidir<\/strong>. Biziml\u0259 \u0259laq\u0259 saxlay\u0131n v\u0259 <strong data-start=\"2581\" data-end=\"2608\">keyfiyy\u0259tli jurnal \u00e7ap\u0131<\/strong> il\u0259 i\u015finizi f\u0259rql\u0259ndirin!<\/p>\n<\/div>\n<\/div>\n<\/div>\n<\/div>\n<\/div>\n<\/div>\n<\/div>\n<\/div>\n<\/div>\n<\/div>\n<\/div>\n<\/div>\n<\/article>\n<\/div>\n<\/div>\n<\/div>\n<\/div>\n<\/div>\n<\/div>\n<\/div>\n<\/div>\n","protected":false},"featured_media":1052,"comment_status":"open","ping_status":"closed","template":"","meta":{"om_disable_all_campaigns":false,"_monsterinsights_skip_tracking":false,"_monsterinsights_sitenote_active":false,"_monsterinsights_sitenote_note":"","_monsterinsights_sitenote_category":0,"site-sidebar-layout":"default","site-content-layout":"","ast-site-content-layout":"default","site-content-style":"default","site-sidebar-style":"default","ast-global-header-display":"","ast-banner-title-visibility":"","ast-main-header-display":"","ast-hfb-above-header-display":"","ast-hfb-below-header-display":"","ast-hfb-mobile-header-display":"","site-post-title":"","ast-breadcrumbs-content":"","ast-featured-img":"","footer-sml-layout":"","theme-transparent-header-meta":"default","adv-header-id-meta":"","stick-header-meta":"","header-above-stick-meta":"","header-main-stick-meta":"","header-below-stick-meta":"","astra-migrate-meta-layouts":"set","ast-page-background-enabled":"default","ast-page-background-meta":{"desktop":{"background-color":"","background-image":"","background-repeat":"repeat","background-position":"center center","background-size":"auto","background-attachment":"scroll","background-type":"","background-media":"","overlay-type":"","overlay-color":"","overlay-opacity":"","overlay-gradient":""},"tablet":{"background-color":"","background-image":"","background-repeat":"repeat","background-position":"center center","background-size":"auto","background-attachment":"scroll","background-type":"","background-media":"","overlay-type":"","overlay-color":"","overlay-opacity":"","overlay-gradient":""},"mobile":{"background-color":"","background-image":"","background-repeat":"repeat","background-position":"center center","background-size":"auto","background-attachment":"scroll","background-type":"","background-media":"","overlay-type":"","overlay-color":"","overlay-opacity":"","overlay-gradient":""}},"ast-content-background-meta":{"desktop":{"background-color":"var(--ast-global-color-5)","background-image":"","background-repeat":"repeat","background-position":"center center","background-size":"auto","background-attachment":"scroll","background-type":"","background-media":"","overlay-type":"","overlay-color":"","overlay-opacity":"","overlay-gradient":""},"tablet":{"background-color":"var(--ast-global-color-5)","background-image":"","background-repeat":"repeat","background-position":"center center","background-size":"auto","background-attachment":"scroll","background-type":"","background-media":"","overlay-type":"","overlay-color":"","overlay-opacity":"","overlay-gradient":""},"mobile":{"background-color":"var(--ast-global-color-5)","background-image":"","background-repeat":"repeat","background-position":"center center","background-size":"auto","background-attachment":"scroll","background-type":"","background-media":"","overlay-type":"","overlay-color":"","overlay-opacity":"","overlay-gradient":""}}},"product_brand":[],"product_cat":[24],"product_tag":[40],"class_list":{"0":"post-1048","1":"product","2":"type-product","3":"status-publish","4":"has-post-thumbnail","6":"product_cat-cap-mhsullari","7":"product_tag-jurnallar","8":"desktop-align-left","9":"tablet-align-left","10":"mobile-align-left","12":"first","13":"instock","14":"shipping-taxable","15":"product-type-simple"},"aioseo_notices":[],"_links":{"self":[{"href":"https:\/\/milliprint.az\/index.php?rest_route=\/wp\/v2\/product\/1048","targetHints":{"allow":["GET"]}}],"collection":[{"href":"https:\/\/milliprint.az\/index.php?rest_route=\/wp\/v2\/product"}],"about":[{"href":"https:\/\/milliprint.az\/index.php?rest_route=\/wp\/v2\/types\/product"}],"replies":[{"embeddable":true,"href":"https:\/\/milliprint.az\/index.php?rest_route=%2Fwp%2Fv2%2Fcomments&post=1048"}],"wp:featuredmedia":[{"embeddable":true,"href":"https:\/\/milliprint.az\/index.php?rest_route=\/wp\/v2\/media\/1052"}],"wp:attachment":[{"href":"https:\/\/milliprint.az\/index.php?rest_route=%2Fwp%2Fv2%2Fmedia&parent=1048"}],"wp:term":[{"taxonomy":"product_brand","embeddable":true,"href":"https:\/\/milliprint.az\/index.php?rest_route=%2Fwp%2Fv2%2Fproduct_brand&post=1048"},{"taxonomy":"product_cat","embeddable":true,"href":"https:\/\/milliprint.az\/index.php?rest_route=%2Fwp%2Fv2%2Fproduct_cat&post=1048"},{"taxonomy":"product_tag","embeddable":true,"href":"https:\/\/milliprint.az\/index.php?rest_route=%2Fwp%2Fv2%2Fproduct_tag&post=1048"}],"curies":[{"name":"wp","href":"https:\/\/api.w.org\/{rel}","templated":true}]}}