{"id":1049,"date":"2025-02-18T15:29:15","date_gmt":"2025-02-18T11:29:15","guid":{"rendered":"https:\/\/milliprint.az\/?post_type=product&#038;p=1049"},"modified":"2025-02-18T15:35:03","modified_gmt":"2025-02-18T11:35:03","slug":"kitablarin-hazirlanmasi-kitablarin-qiym%c9%99ti-v%c9%99-sifarisi","status":"publish","type":"product","link":"https:\/\/milliprint.az\/?product=kitablarin-hazirlanmasi-kitablarin-qiym%c9%99ti-v%c9%99-sifarisi","title":{"rendered":"Kitablar\u0131n haz\u0131rlanmas\u0131. Kitablar\u0131n qiym\u0259ti v\u0259 sifari\u015fi"},"content":{"rendered":"<div class=\"flex max-w-full flex-col flex-grow\">\n<div class=\"min-h-8 text-message flex w-full flex-col items-end gap-2 whitespace-normal break-words text-start [.text-message+&amp;]:mt-5\" dir=\"auto\" data-message-author-role=\"assistant\" data-message-id=\"98d38cc5-9248-4116-975b-6a34bf8c7fd1\" data-message-model-slug=\"gpt-4o\">\n<div class=\"flex w-full flex-col gap-1 empty:hidden first:pt-[3px]\">\n<div class=\"markdown prose w-full break-words dark:prose-invert dark\">\n<div class=\"flex max-w-full flex-col flex-grow\">\n<div class=\"min-h-8 text-message flex w-full flex-col items-end gap-2 whitespace-normal break-words text-start [.text-message+&amp;]:mt-5\" dir=\"auto\" data-message-author-role=\"assistant\" data-message-id=\"1906c6ea-43da-4f79-a36c-c894f652ccbe\" data-message-model-slug=\"gpt-4o\">\n<div class=\"flex w-full flex-col gap-1 empty:hidden first:pt-[3px]\">\n<div class=\"markdown prose w-full break-words dark:prose-invert dark\">\n<article class=\"w-full text-token-text-primary focus-visible:outline-2 focus-visible:outline-offset-[-4px]\" dir=\"auto\" data-testid=\"conversation-turn-19\" data-scroll-anchor=\"false\">\n<div class=\"m-auto text-base py-[18px] px-6\">\n<div class=\"mx-auto flex flex-1 text-base gap-4 md:gap-5 lg:gap-6 md:max-w-3xl lg:max-w-[40rem] xl:max-w-[48rem]\">\n<div class=\"group\/conversation-turn relative flex w-full min-w-0 flex-col agent-turn @xs\/thread:px-0 @sm\/thread:px-1.5 @md\/thread:px-4\">\n<div class=\"flex-col gap-1 md:gap-3\">\n<div class=\"flex max-w-full flex-col flex-grow\">\n<div class=\"min-h-8 text-message flex w-full flex-col items-end gap-2 whitespace-normal break-words text-start [.text-message+&amp;]:mt-5\" dir=\"auto\" data-message-author-role=\"assistant\" data-message-id=\"6aa2d671-2b10-4054-aba2-2cd8b179785e\" data-message-model-slug=\"gpt-4o-mini\">\n<div class=\"flex w-full flex-col gap-1 empty:hidden first:pt-[3px]\">\n<div class=\"markdown prose w-full break-words dark:prose-invert dark\">\n<div class=\"flex max-w-full flex-col flex-grow\">\n<div class=\"min-h-8 text-message flex w-full flex-col items-end gap-2 whitespace-normal break-words text-start [.text-message+&amp;]:mt-5\" dir=\"auto\" data-message-author-role=\"assistant\" data-message-id=\"98d38cc5-9248-4116-975b-6a34bf8c7fd1\" data-message-model-slug=\"gpt-4o\">\n<div class=\"flex w-full flex-col gap-1 empty:hidden first:pt-[3px]\">\n<div class=\"markdown prose w-full break-words dark:prose-invert dark\">\n<div class=\"flex max-w-full flex-col flex-grow\">\n<div class=\"min-h-8 text-message flex w-full flex-col items-end gap-2 whitespace-normal break-words text-start [.text-message+&amp;]:mt-5\" dir=\"auto\" data-message-author-role=\"assistant\" data-message-id=\"1906c6ea-43da-4f79-a36c-c894f652ccbe\" data-message-model-slug=\"gpt-4o\">\n<div class=\"flex w-full flex-col gap-1 empty:hidden first:pt-[3px]\">\n<div class=\"markdown prose w-full break-words dark:prose-invert dark\">\n<article class=\"w-full text-token-text-primary focus-visible:outline-2 focus-visible:outline-offset-[-4px]\" dir=\"auto\" data-testid=\"conversation-turn-19\" data-scroll-anchor=\"false\">\n<div class=\"m-auto text-base py-[18px] px-6\">\n<div class=\"mx-auto flex flex-1 text-base gap-4 md:gap-5 lg:gap-6 md:max-w-3xl lg:max-w-[40rem] xl:max-w-[48rem]\">\n<div class=\"group\/conversation-turn relative flex w-full min-w-0 flex-col agent-turn @xs\/thread:px-0 @sm\/thread:px-1.5 @md\/thread:px-4\">\n<div class=\"flex-col gap-1 md:gap-3\">\n<div class=\"flex max-w-full flex-col flex-grow\">\n<div class=\"min-h-8 text-message flex w-full flex-col items-end gap-2 whitespace-normal break-words text-start [.text-message+&amp;]:mt-5\" dir=\"auto\" data-message-author-role=\"assistant\" data-message-id=\"6aa2d671-2b10-4054-aba2-2cd8b179785e\" data-message-model-slug=\"gpt-4o-mini\">\n<div class=\"flex w-full flex-col gap-1 empty:hidden first:pt-[3px]\">\n<div class=\"markdown prose w-full break-words dark:prose-invert dark\">\n<div class=\"flex max-w-full flex-col flex-grow\">\n<div class=\"min-h-8 text-message flex w-full flex-col items-end gap-2 whitespace-normal break-words text-start [.text-message+&amp;]:mt-5\" dir=\"auto\" data-message-author-role=\"assistant\" data-message-id=\"98d38cc5-9248-4116-975b-6a34bf8c7fd1\" data-message-model-slug=\"gpt-4o\">\n<div class=\"flex w-full flex-col gap-1 empty:hidden first:pt-[3px]\">\n<div class=\"markdown prose w-full break-words dark:prose-invert dark\">\n<div class=\"flex max-w-full flex-col flex-grow\">\n<div class=\"min-h-8 text-message flex w-full flex-col items-end gap-2 whitespace-normal break-words text-start [.text-message+&amp;]:mt-5\" dir=\"auto\" data-message-author-role=\"assistant\" data-message-id=\"1906c6ea-43da-4f79-a36c-c894f652ccbe\" data-message-model-slug=\"gpt-4o\">\n<div class=\"flex w-full flex-col gap-1 empty:hidden first:pt-[3px]\">\n<div class=\"markdown prose w-full break-words dark:prose-invert dark\">\n<article class=\"w-full text-token-text-primary focus-visible:outline-2 focus-visible:outline-offset-[-4px]\" dir=\"auto\" data-testid=\"conversation-turn-19\" data-scroll-anchor=\"false\">\n<div class=\"m-auto text-base py-[18px] px-6\">\n<div class=\"mx-auto flex flex-1 text-base gap-4 md:gap-5 lg:gap-6 md:max-w-3xl lg:max-w-[40rem] xl:max-w-[48rem]\">\n<div class=\"group\/conversation-turn relative flex w-full min-w-0 flex-col agent-turn @xs\/thread:px-0 @sm\/thread:px-1.5 @md\/thread:px-4\">\n<div class=\"flex-col gap-1 md:gap-3\">\n<div class=\"flex max-w-full flex-col flex-grow\">\n<div class=\"min-h-8 text-message flex w-full flex-col items-end gap-2 whitespace-normal break-words text-start [.text-message+&amp;]:mt-5\" dir=\"auto\" data-message-author-role=\"assistant\" data-message-id=\"6aa2d671-2b10-4054-aba2-2cd8b179785e\" data-message-model-slug=\"gpt-4o-mini\">\n<div class=\"flex w-full flex-col gap-1 empty:hidden first:pt-[3px]\">\n<div class=\"markdown prose w-full break-words dark:prose-invert dark\">\n<h3 data-start=\"0\" data-end=\"93\"><strong data-start=\"4\" data-end=\"91\">Kitab \u00dczl\u00fckl\u0259ri v\u0259 Etiket \u00c7ap Xidm\u0259ti \u2013 M\u00fc\u0259llifl\u0259r v\u0259 N\u0259\u015friyyatlar \u00dc\u00e7\u00fcn Pe\u015f\u0259kar \u00c7ap<\/strong><\/h3>\n<p data-start=\"95\" data-end=\"377\">M\u00fc\u0259llif v\u0259 n\u0259\u015friyyatlar \u00fc\u00e7\u00fcn <strong data-start=\"124\" data-end=\"183\">m\u00fck\u0259mm\u0259l dizaynl\u0131 v\u0259 y\u00fcks\u0259k keyfiyy\u0259tli kitab \u00fczl\u00fckl\u0259ri<\/strong> \u00e7ap edirik! Kitab\u0131n \u00fcz qab\u0131\u011f\u0131 onun <strong data-start=\"219\" data-end=\"240\">ilk t\u0259\u0259ss\u00fcrat\u0131d\u0131r<\/strong> v\u0259 oxucunun diqq\u0259tini \u00e7\u0259km\u0259k \u00fc\u00e7\u00fcn \u0259sas amill\u0259rd\u0259n biridir. <strong data-start=\"300\" data-end=\"375\">Dizayn\u0131n\u0131z v\u0259 \u00e7ap keyfiyy\u0259tiniz f\u0259rql\u0259nsin, kitab\u0131n\u0131z pe\u015f\u0259kar g\u00f6r\u00fcns\u00fcn!<\/strong><\/p>\n<hr data-start=\"379\" data-end=\"384\" \/>\n<h3 data-start=\"386\" data-end=\"427\"><strong data-start=\"390\" data-end=\"425\">Kitab \u00dczl\u00fckl\u0259rinin \u00dcst\u00fcnl\u00fckl\u0259ri<\/strong><\/h3>\n<p data-start=\"429\" data-end=\"1000\">\u2705 <strong data-start=\"431\" data-end=\"456\">Y\u00fcks\u0259k \u00e7ap keyfiyy\u0259ti<\/strong> \u2013 Parlaq v\u0259 mat laminasiya, x\u00fcsusi \u00f6rt\u00fckl\u0259r v\u0259 premium ka\u011f\u0131z se\u00e7iml\u0259ri.<br data-start=\"528\" data-end=\"531\" \/>\u2705 <strong data-start=\"533\" data-end=\"558\">Dayan\u0131ql\u0131 materiallar<\/strong> \u2013 Cildli v\u0259 yum\u015faq \u00fczl\u00fckl\u0259r \u00fc\u00e7\u00fcn <strong data-start=\"592\" data-end=\"625\">m\u00f6hk\u0259m v\u0259 uzun\u00f6m\u00fcrl\u00fc ka\u011f\u0131zlar<\/strong>.<br data-start=\"626\" data-end=\"629\" \/>\u2705 <strong data-start=\"631\" data-end=\"660\">X\u00fcsusi dizayn variantlar\u0131<\/strong> \u2013 Q\u0131z\u0131l\u0131, g\u00fcm\u00fc\u015f\u00fc folqa, UV \u00e7ap v\u0259 kabartmal\u0131 (embossed) effektl\u0259r.<br data-start=\"727\" data-end=\"730\" \/>\u2705 <strong data-start=\"732\" data-end=\"764\">Suya v\u0259 c\u0131z\u0131qlara davaml\u0131l\u0131q<\/strong> \u2013 Laminasiya v\u0259 qoruyucu \u00f6rt\u00fckl\u0259rl\u0259 kitab\u0131n\u0131z uzun\u00f6m\u00fcrl\u00fc olacaq.<br data-start=\"829\" data-end=\"832\" \/>\u2705 <strong data-start=\"834\" data-end=\"859\">F\u0259rqli \u00f6l\u00e7\u00fc se\u00e7iml\u0259ri<\/strong> \u2013 Standart v\u0259 x\u00fcsusi \u00f6l\u00e7\u00fcl\u00fc kitab formatlar\u0131.<br data-start=\"905\" data-end=\"908\" \/>\u2705 <strong data-start=\"910\" data-end=\"934\">F\u0259rdi dizayn xidm\u0259ti<\/strong> \u2013 M\u00fc\u0259llifl\u0259r v\u0259 n\u0259\u015friyyatlar \u00fc\u00e7\u00fcn <strong data-start=\"969\" data-end=\"986\">unikal dizayn<\/strong> haz\u0131rlan\u0131r.<\/p>\n<hr data-start=\"1002\" data-end=\"1007\" \/>\n<h3 data-start=\"1009\" data-end=\"1081\"><strong data-start=\"1013\" data-end=\"1079\">Kitab \u00dczl\u00fckl\u0259ri v\u0259 Etiketl\u0259r Hans\u0131 N\u00f6v Kitablar \u00dc\u00e7\u00fcn Uy\u011fundur?<\/strong><\/h3>\n<p data-start=\"1083\" data-end=\"1788\">\ud83d\udccc <strong data-start=\"1086\" data-end=\"1105\">B\u0259dii \u0259d\u0259biyyat<\/strong> \u2013 Romanlar, povestl\u0259r, hekay\u0259l\u0259r v\u0259 poeziya kitablar\u0131 \u00fc\u00e7\u00fcn.<br data-start=\"1165\" data-end=\"1168\" \/>\ud83d\udccc <strong data-start=\"1171\" data-end=\"1202\">T\u0259dris v\u0259 akademik kitablar<\/strong> \u2013 D\u0259rslikl\u0259r, elmi ara\u015fd\u0131rmalar v\u0259 t\u0259limat kitablar\u0131 \u00fc\u00e7\u00fcn.<br data-start=\"1261\" data-end=\"1264\" \/>\ud83d\udccc <strong data-start=\"1267\" data-end=\"1301\">Biznes v\u0259 motivasiya kitablar\u0131<\/strong> \u2013 Pe\u015f\u0259kar inki\u015faf, marketinq v\u0259 biznes strategiyas\u0131 kitablar\u0131 \u00fc\u00e7\u00fcn.<br data-start=\"1369\" data-end=\"1372\" \/>\ud83d\udccc <strong data-start=\"1375\" data-end=\"1403\">Dini v\u0259 f\u0259ls\u0259fi kitablar<\/strong> \u2013 M\u00fcq\u0259dd\u0259s m\u0259tnl\u0259r, f\u0259ls\u0259fi d\u00fc\u015f\u00fcnc\u0259l\u0259r v\u0259 ruhani kitablar \u00fc\u00e7\u00fcn.<br data-start=\"1467\" data-end=\"1470\" \/>\ud83d\udccc <strong data-start=\"1473\" data-end=\"1491\">U\u015faq kitablar\u0131<\/strong> \u2013 Na\u011f\u0131llar, t\u0259dris v\u0259 \u0259yl\u0259nc\u0259li kitablar \u00fc\u00e7\u00fcn <strong data-start=\"1538\" data-end=\"1571\">r\u0259ngli v\u0259 c\u0259lbedici dizaynlar<\/strong>.<br data-start=\"1572\" data-end=\"1575\" \/>\ud83d\udccc <strong data-start=\"1578\" data-end=\"1607\">Resept v\u0259 yem\u0259k kitablar\u0131<\/strong> \u2013 Yem\u0259k t\u0259rifl\u0259ri v\u0259 sa\u011flam qidalanma kitablar\u0131 \u00fc\u00e7\u00fcn <strong data-start=\"1661\" data-end=\"1688\">ya\u011f v\u0259 suya davaml\u0131 \u00e7ap<\/strong>.<br data-start=\"1689\" data-end=\"1692\" \/>\ud83d\udccc <strong data-start=\"1695\" data-end=\"1719\">Jurnal v\u0259 kataloqlar<\/strong> \u2013 M\u00fcxt\u0259lif brend v\u0259 reklam materiallar\u0131 \u00fc\u00e7\u00fcn pe\u015f\u0259kar dizaynl\u0131 \u00e7ap.<\/p>\n<\/div>\n<\/div>\n<\/div>\n<\/div>\n<\/div>\n<\/div>\n<\/div>\n<\/div>\n<\/article>\n<\/div>\n<\/div>\n<\/div>\n<\/div>\n<\/div>\n<\/div>\n<\/div>\n<\/div>\n<\/div>\n<\/div>\n<\/div>\n<\/div>\n<\/div>\n<\/div>\n<\/div>\n<\/div>\n<\/article>\n<\/div>\n<\/div>\n<\/div>\n<\/div>\n<\/div>\n<\/div>\n<\/div>\n<\/div>\n<\/div>\n<\/div>\n<\/div>\n<\/div>\n<\/div>\n<\/div>\n<\/div>\n<\/div>\n<\/article>\n<\/div>\n<\/div>\n<\/div>\n<\/div>\n<\/div>\n<\/div>\n<\/div>\n<\/div>\n","protected":false},"excerpt":{"rendered":"<div class=\"flex max-w-full flex-col flex-grow\">\n<div class=\"min-h-8 text-message flex w-full flex-col items-end gap-2 whitespace-normal break-words text-start [.text-message+&amp;]:mt-5\" dir=\"auto\" data-message-author-role=\"assistant\" data-message-id=\"98d38cc5-9248-4116-975b-6a34bf8c7fd1\" data-message-model-slug=\"gpt-4o\">\n<div class=\"flex w-full flex-col gap-1 empty:hidden first:pt-[3px]\">\n<div class=\"markdown prose w-full break-words dark:prose-invert dark\">\n<div class=\"flex max-w-full flex-col flex-grow\">\n<div class=\"min-h-8 text-message flex w-full flex-col items-end gap-2 whitespace-normal break-words text-start [.text-message+&amp;]:mt-5\" dir=\"auto\" data-message-author-role=\"assistant\" data-message-id=\"1906c6ea-43da-4f79-a36c-c894f652ccbe\" data-message-model-slug=\"gpt-4o\">\n<div class=\"flex w-full flex-col gap-1 empty:hidden first:pt-[3px]\">\n<div class=\"markdown prose w-full break-words dark:prose-invert dark\">\n<article class=\"w-full text-token-text-primary focus-visible:outline-2 focus-visible:outline-offset-[-4px]\" dir=\"auto\" data-testid=\"conversation-turn-19\" data-scroll-anchor=\"false\">\n<div class=\"m-auto text-base py-[18px] px-6\">\n<div class=\"mx-auto flex flex-1 text-base gap-4 md:gap-5 lg:gap-6 md:max-w-3xl lg:max-w-[40rem] xl:max-w-[48rem]\">\n<div class=\"group\/conversation-turn relative flex w-full min-w-0 flex-col agent-turn @xs\/thread:px-0 @sm\/thread:px-1.5 @md\/thread:px-4\">\n<div class=\"flex-col gap-1 md:gap-3\">\n<div class=\"flex max-w-full flex-col flex-grow\">\n<div class=\"min-h-8 text-message flex w-full flex-col items-end gap-2 whitespace-normal break-words text-start [.text-message+&amp;]:mt-5\" dir=\"auto\" data-message-author-role=\"assistant\" data-message-id=\"6aa2d671-2b10-4054-aba2-2cd8b179785e\" data-message-model-slug=\"gpt-4o-mini\">\n<div class=\"flex w-full flex-col gap-1 empty:hidden first:pt-[3px]\">\n<div class=\"markdown prose w-full break-words dark:prose-invert dark\">\n<div class=\"flex max-w-full flex-col flex-grow\">\n<div class=\"min-h-8 text-message flex w-full flex-col items-end gap-2 whitespace-normal break-words text-start [.text-message+&amp;]:mt-5\" dir=\"auto\" data-message-author-role=\"assistant\" data-message-id=\"195dffcc-249f-4cce-be96-62f8cdd1629a\" data-message-model-slug=\"gpt-4o-mini\">\n<div class=\"flex w-full flex-col gap-1 empty:hidden first:pt-[3px]\">\n<div class=\"markdown prose w-full break-words dark:prose-invert dark\">\n<h3 data-start=\"1797\" data-end=\"1862\"><strong data-start=\"1801\" data-end=\"1860\">Kitab \u00dczl\u00fckl\u0259ri v\u0259 Etiketl\u0259r \u00dc\u00e7\u00fcn Texniki X\u00fcsusiyy\u0259tl\u0259r<\/strong><\/h3>\n<p data-start=\"1864\" data-end=\"2212\">\ud83d\udccc <strong data-start=\"1867\" data-end=\"1891\">Minimum sifari\u015f say\u0131<\/strong>: 10 \u0259d\u0259d<br data-start=\"1900\" data-end=\"1903\" \/>\ud83d\udccc <strong data-start=\"1906\" data-end=\"1923\">Ka\u011f\u0131z n\u00f6vl\u0259ri<\/strong>: Mat v\u0259 ya parlaq \u00f6rt\u00fckl\u00fc 250-350 qr ka\u011f\u0131z<br data-start=\"1966\" data-end=\"1969\" \/>\ud83d\udccc <strong data-start=\"1972\" data-end=\"1990\">\u00c7ap keyfiyy\u0259ti<\/strong>: HD r\u0259ngli \u00e7ap, UV \u00f6rt\u00fck se\u00e7imi<br data-start=\"2022\" data-end=\"2025\" \/>\ud83d\udccc <strong data-start=\"2028\" data-end=\"2042\">Laminasiya<\/strong>: Parlaq, mat v\u0259 soft-touch laminasiya variantlar\u0131<br data-start=\"2092\" data-end=\"2095\" \/>\ud83d\udccc <strong data-start=\"2098\" data-end=\"2116\">Dizayn xidm\u0259ti<\/strong>: 100 AZN (loqo, qrafika v\u0259 kitab janr\u0131na uy\u011fun dizayn)<br data-start=\"2171\" data-end=\"2174\" \/>\ud83d\udccc <strong data-start=\"2177\" data-end=\"2197\">\u0130stehsal m\u00fcdd\u0259ti<\/strong>: 3-5 i\u015f g\u00fcn\u00fc<\/p>\n<p data-start=\"2214\" data-end=\"2296\">\ud83d\udd39 <strong data-start=\"2217\" data-end=\"2294\">Kitablar\u0131n\u0131z\u0131 m\u00fck\u0259mm\u0259l t\u0259qdim etm\u0259k \u00fc\u00e7\u00fcn keyfiyy\u0259tli \u00e7ap v\u0259 dizayn se\u00e7in!<\/strong><\/p>\n<p data-start=\"2298\" data-end=\"2388\">\ud83d\udcde <strong data-start=\"2301\" data-end=\"2367\">Kitab \u00fczl\u00fckl\u0259ri v\u0259 etiket sifari\u015fi \u00fc\u00e7\u00fcn biziml\u0259 \u0259laq\u0259 saxlay\u0131n<\/strong>: <strong data-start=\"2369\" data-end=\"2386\">055 292 99 33<\/strong><\/p>\n<p data-start=\"2390\" data-end=\"2540\" data-is-last-node=\"\">Sizin kitab\u0131n\u0131z <strong data-start=\"2406\" data-end=\"2445\">oxucular\u0131n diqq\u0259tini c\u0259lb etm\u0259lidir<\/strong>! F\u0259rdi v\u0259 yarad\u0131c\u0131 dizaynlar, y\u00fcks\u0259k \u00e7ap keyfiyy\u0259ti v\u0259 s\u0259rf\u0259li qiym\u0259tl\u0259rl\u0259 xidm\u0259tinizd\u0259yik! \ud83d\ude80<\/p>\n<\/div>\n<\/div>\n<\/div>\n<\/div>\n<\/div>\n<\/div>\n<\/div>\n<\/div>\n<\/div>\n<\/div>\n<\/div>\n<\/div>\n<\/article>\n<\/div>\n<\/div>\n<\/div>\n<\/div>\n<\/div>\n<\/div>\n<\/div>\n<\/div>\n","protected":false},"featured_media":1050,"comment_status":"open","ping_status":"closed","template":"","meta":{"om_disable_all_campaigns":false,"_monsterinsights_skip_tracking":false,"_monsterinsights_sitenote_active":false,"_monsterinsights_sitenote_note":"","_monsterinsights_sitenote_category":0,"site-sidebar-layout":"default","site-content-layout":"","ast-site-content-layout":"default","site-content-style":"default","site-sidebar-style":"default","ast-global-header-display":"","ast-banner-title-visibility":"","ast-main-header-display":"","ast-hfb-above-header-display":"","ast-hfb-below-header-display":"","ast-hfb-mobile-header-display":"","site-post-title":"","ast-breadcrumbs-content":"","ast-featured-img":"","footer-sml-layout":"","theme-transparent-header-meta":"default","adv-header-id-meta":"","stick-header-meta":"","header-above-stick-meta":"","header-main-stick-meta":"","header-below-stick-meta":"","astra-migrate-meta-layouts":"set","ast-page-background-enabled":"default","ast-page-background-meta":{"desktop":{"background-color":"","background-image":"","background-repeat":"repeat","background-position":"center center","background-size":"auto","background-attachment":"scroll","background-type":"","background-media":"","overlay-type":"","overlay-color":"","overlay-opacity":"","overlay-gradient":""},"tablet":{"background-color":"","background-image":"","background-repeat":"repeat","background-position":"center center","background-size":"auto","background-attachment":"scroll","background-type":"","background-media":"","overlay-type":"","overlay-color":"","overlay-opacity":"","overlay-gradient":""},"mobile":{"background-color":"","background-image":"","background-repeat":"repeat","background-position":"center center","background-size":"auto","background-attachment":"scroll","background-type":"","background-media":"","overlay-type":"","overlay-color":"","overlay-opacity":"","overlay-gradient":""}},"ast-content-background-meta":{"desktop":{"background-color":"var(--ast-global-color-5)","background-image":"","background-repeat":"repeat","background-position":"center center","background-size":"auto","background-attachment":"scroll","background-type":"","background-media":"","overlay-type":"","overlay-color":"","overlay-opacity":"","overlay-gradient":""},"tablet":{"background-color":"var(--ast-global-color-5)","background-image":"","background-repeat":"repeat","background-position":"center center","background-size":"auto","background-attachment":"scroll","background-type":"","background-media":"","overlay-type":"","overlay-color":"","overlay-opacity":"","overlay-gradient":""},"mobile":{"background-color":"var(--ast-global-color-5)","background-image":"","background-repeat":"repeat","background-position":"center center","background-size":"auto","background-attachment":"scroll","background-type":"","background-media":"","overlay-type":"","overlay-color":"","overlay-opacity":"","overlay-gradient":""}}},"product_brand":[],"product_cat":[24],"product_tag":[39],"class_list":{"0":"post-1049","1":"product","2":"type-product","3":"status-publish","4":"has-post-thumbnail","6":"product_cat-cap-mhsullari","7":"product_tag-kitablar","8":"desktop-align-left","9":"tablet-align-left","10":"mobile-align-left","12":"first","13":"instock","14":"shipping-taxable","15":"product-type-simple"},"aioseo_notices":[],"_links":{"self":[{"href":"https:\/\/milliprint.az\/index.php?rest_route=\/wp\/v2\/product\/1049","targetHints":{"allow":["GET"]}}],"collection":[{"href":"https:\/\/milliprint.az\/index.php?rest_route=\/wp\/v2\/product"}],"about":[{"href":"https:\/\/milliprint.az\/index.php?rest_route=\/wp\/v2\/types\/product"}],"replies":[{"embeddable":true,"href":"https:\/\/milliprint.az\/index.php?rest_route=%2Fwp%2Fv2%2Fcomments&post=1049"}],"wp:featuredmedia":[{"embeddable":true,"href":"https:\/\/milliprint.az\/index.php?rest_route=\/wp\/v2\/media\/1050"}],"wp:attachment":[{"href":"https:\/\/milliprint.az\/index.php?rest_route=%2Fwp%2Fv2%2Fmedia&parent=1049"}],"wp:term":[{"taxonomy":"product_brand","embeddable":true,"href":"https:\/\/milliprint.az\/index.php?rest_route=%2Fwp%2Fv2%2Fproduct_brand&post=1049"},{"taxonomy":"product_cat","embeddable":true,"href":"https:\/\/milliprint.az\/index.php?rest_route=%2Fwp%2Fv2%2Fproduct_cat&post=1049"},{"taxonomy":"product_tag","embeddable":true,"href":"https:\/\/milliprint.az\/index.php?rest_route=%2Fwp%2Fv2%2Fproduct_tag&post=1049"}],"curies":[{"name":"wp","href":"https:\/\/api.w.org\/{rel}","templated":true}]}}