{"id":1053,"date":"2025-02-18T15:51:44","date_gmt":"2025-02-18T11:51:44","guid":{"rendered":"https:\/\/milliprint.az\/?post_type=product&#038;p=1053"},"modified":"2025-02-18T16:15:03","modified_gmt":"2025-02-18T12:15:03","slug":"q%c9%99zetl%c9%99rin-hazirlanmasi-q%c9%99zetl%c9%99rin-qiym%c9%99ti-v%c9%99-sifarisi","status":"publish","type":"product","link":"https:\/\/milliprint.az\/?product=q%c9%99zetl%c9%99rin-hazirlanmasi-q%c9%99zetl%c9%99rin-qiym%c9%99ti-v%c9%99-sifarisi","title":{"rendered":"Q\u0259zetl\u0259rin haz\u0131rlanmas\u0131. Q\u0259zetl\u0259rin qiym\u0259ti v\u0259 sifari\u015fi"},"content":{"rendered":"<div class=\"flex max-w-full flex-col flex-grow\">\n<div class=\"min-h-8 text-message flex w-full flex-col items-end gap-2 whitespace-normal break-words text-start [.text-message+&amp;]:mt-5\" dir=\"auto\" data-message-author-role=\"assistant\" data-message-id=\"98d38cc5-9248-4116-975b-6a34bf8c7fd1\" data-message-model-slug=\"gpt-4o\">\n<div class=\"flex w-full flex-col gap-1 empty:hidden first:pt-[3px]\">\n<div class=\"markdown prose w-full break-words dark:prose-invert dark\">\n<div class=\"flex max-w-full flex-col flex-grow\">\n<div class=\"min-h-8 text-message flex w-full flex-col items-end gap-2 whitespace-normal break-words text-start [.text-message+&amp;]:mt-5\" dir=\"auto\" data-message-author-role=\"assistant\" data-message-id=\"1906c6ea-43da-4f79-a36c-c894f652ccbe\" data-message-model-slug=\"gpt-4o\">\n<div class=\"flex w-full flex-col gap-1 empty:hidden first:pt-[3px]\">\n<div class=\"markdown prose w-full break-words dark:prose-invert dark\">\n<article class=\"w-full text-token-text-primary focus-visible:outline-2 focus-visible:outline-offset-[-4px]\" dir=\"auto\" data-testid=\"conversation-turn-19\" data-scroll-anchor=\"false\">\n<div class=\"m-auto text-base py-[18px] px-6\">\n<div class=\"mx-auto flex flex-1 text-base gap-4 md:gap-5 lg:gap-6 md:max-w-3xl lg:max-w-[40rem] xl:max-w-[48rem]\">\n<div class=\"group\/conversation-turn relative flex w-full min-w-0 flex-col agent-turn @xs\/thread:px-0 @sm\/thread:px-1.5 @md\/thread:px-4\">\n<div class=\"flex-col gap-1 md:gap-3\">\n<div class=\"flex max-w-full flex-col flex-grow\">\n<div class=\"min-h-8 text-message flex w-full flex-col items-end gap-2 whitespace-normal break-words text-start [.text-message+&amp;]:mt-5\" dir=\"auto\" data-message-author-role=\"assistant\" data-message-id=\"6aa2d671-2b10-4054-aba2-2cd8b179785e\" data-message-model-slug=\"gpt-4o-mini\">\n<div class=\"flex w-full flex-col gap-1 empty:hidden first:pt-[3px]\">\n<div class=\"markdown prose w-full break-words dark:prose-invert dark\">\n<div class=\"flex max-w-full flex-col flex-grow\">\n<div class=\"min-h-8 text-message flex w-full flex-col items-end gap-2 whitespace-normal break-words text-start [.text-message+&amp;]:mt-5\" dir=\"auto\" data-message-author-role=\"assistant\" data-message-id=\"98d38cc5-9248-4116-975b-6a34bf8c7fd1\" data-message-model-slug=\"gpt-4o\">\n<div class=\"flex w-full flex-col gap-1 empty:hidden first:pt-[3px]\">\n<div class=\"markdown prose w-full break-words dark:prose-invert dark\">\n<div class=\"flex max-w-full flex-col flex-grow\">\n<div class=\"min-h-8 text-message flex w-full flex-col items-end gap-2 whitespace-normal break-words text-start [.text-message+&amp;]:mt-5\" dir=\"auto\" data-message-author-role=\"assistant\" data-message-id=\"1906c6ea-43da-4f79-a36c-c894f652ccbe\" data-message-model-slug=\"gpt-4o\">\n<div class=\"flex w-full flex-col gap-1 empty:hidden first:pt-[3px]\">\n<div class=\"markdown prose w-full break-words dark:prose-invert dark\">\n<article class=\"w-full text-token-text-primary focus-visible:outline-2 focus-visible:outline-offset-[-4px]\" dir=\"auto\" data-testid=\"conversation-turn-19\" data-scroll-anchor=\"false\">\n<div class=\"m-auto text-base py-[18px] px-6\">\n<div class=\"mx-auto flex flex-1 text-base gap-4 md:gap-5 lg:gap-6 md:max-w-3xl lg:max-w-[40rem] xl:max-w-[48rem]\">\n<div class=\"group\/conversation-turn relative flex w-full min-w-0 flex-col agent-turn @xs\/thread:px-0 @sm\/thread:px-1.5 @md\/thread:px-4\">\n<div class=\"flex-col gap-1 md:gap-3\">\n<div class=\"flex max-w-full flex-col flex-grow\">\n<div class=\"min-h-8 text-message flex w-full flex-col items-end gap-2 whitespace-normal break-words text-start [.text-message+&amp;]:mt-5\" dir=\"auto\" data-message-author-role=\"assistant\" data-message-id=\"6aa2d671-2b10-4054-aba2-2cd8b179785e\" data-message-model-slug=\"gpt-4o-mini\">\n<div class=\"flex w-full flex-col gap-1 empty:hidden first:pt-[3px]\">\n<div class=\"markdown prose w-full break-words dark:prose-invert dark\">\n<div class=\"flex max-w-full flex-col flex-grow\">\n<div class=\"min-h-8 text-message flex w-full flex-col items-end gap-2 whitespace-normal break-words text-start [.text-message+&amp;]:mt-5\" dir=\"auto\" data-message-author-role=\"assistant\" data-message-id=\"98d38cc5-9248-4116-975b-6a34bf8c7fd1\" data-message-model-slug=\"gpt-4o\">\n<div class=\"flex w-full flex-col gap-1 empty:hidden first:pt-[3px]\">\n<div class=\"markdown prose w-full break-words dark:prose-invert dark\">\n<div class=\"flex max-w-full flex-col flex-grow\">\n<div class=\"min-h-8 text-message flex w-full flex-col items-end gap-2 whitespace-normal break-words text-start [.text-message+&amp;]:mt-5\" dir=\"auto\" data-message-author-role=\"assistant\" data-message-id=\"1906c6ea-43da-4f79-a36c-c894f652ccbe\" data-message-model-slug=\"gpt-4o\">\n<div class=\"flex w-full flex-col gap-1 empty:hidden first:pt-[3px]\">\n<div class=\"markdown prose w-full break-words dark:prose-invert dark\">\n<article class=\"w-full text-token-text-primary focus-visible:outline-2 focus-visible:outline-offset-[-4px]\" dir=\"auto\" data-testid=\"conversation-turn-19\" data-scroll-anchor=\"false\">\n<div class=\"m-auto text-base py-[18px] px-6\">\n<div class=\"mx-auto flex flex-1 text-base gap-4 md:gap-5 lg:gap-6 md:max-w-3xl lg:max-w-[40rem] xl:max-w-[48rem]\">\n<div class=\"group\/conversation-turn relative flex w-full min-w-0 flex-col agent-turn @xs\/thread:px-0 @sm\/thread:px-1.5 @md\/thread:px-4\">\n<div class=\"flex-col gap-1 md:gap-3\">\n<div class=\"flex max-w-full flex-col flex-grow\">\n<div class=\"min-h-8 text-message flex w-full flex-col items-end gap-2 whitespace-normal break-words text-start [.text-message+&amp;]:mt-5\" dir=\"auto\" data-message-author-role=\"assistant\" data-message-id=\"6aa2d671-2b10-4054-aba2-2cd8b179785e\" data-message-model-slug=\"gpt-4o-mini\">\n<div class=\"flex w-full flex-col gap-1 empty:hidden first:pt-[3px]\">\n<div class=\"markdown prose w-full break-words dark:prose-invert dark\">\n<h3 data-start=\"0\" data-end=\"63\"><strong data-start=\"4\" data-end=\"61\">Q\u0259zet \u00c7ap Xidm\u0259ti \u2013 Y\u00fcks\u0259k Keyfiyy\u0259tli v\u0259 S\u00fcr\u0259tli \u00c7ap<\/strong><\/h3>\n<p data-start=\"65\" data-end=\"375\"><strong data-start=\"65\" data-end=\"83\">Q\u0259zetl\u0259rinizin<\/strong> \u00e7ap\u0131n\u0131 <strong data-start=\"91\" data-end=\"110\">pe\u015f\u0259kar \u015f\u0259kild\u0259<\/strong> h\u0259yata ke\u00e7iririk! <strong data-start=\"129\" data-end=\"163\">X\u0259b\u0259rl\u0259r, m\u0259qal\u0259l\u0259r, reklamlar<\/strong> v\u0259 dig\u0259r m\u0259zmunlar\u0131n\u0131z\u0131n <strong data-start=\"189\" data-end=\"210\">a\u015fa\u011f\u0131 qiym\u0259tl\u0259rl\u0259<\/strong>, <strong data-start=\"212\" data-end=\"234\">y\u00fcks\u0259k keyfiyy\u0259tl\u0259<\/strong> \u00e7ap edilm\u0259si \u00fc\u00e7\u00fcn biz\u0259 m\u00fcraci\u0259t ed\u0259 bil\u0259rsiniz. Q\u0259zetl\u0259rinizin h\u0259r bir say\u0131n\u0131 m\u00fck\u0259mm\u0259l \u00e7ap texnologiyas\u0131 v\u0259 canl\u0131 dizaynla t\u0259hvil veririk.<\/p>\n<hr data-start=\"377\" data-end=\"382\" \/>\n<h3 data-start=\"384\" data-end=\"420\"><strong data-start=\"388\" data-end=\"418\">Q\u0259zet \u00c7ap\u0131n\u0131n \u00dcst\u00fcnl\u00fckl\u0259ri<\/strong><\/h3>\n<p data-start=\"422\" data-end=\"942\">\u2705 <strong data-start=\"424\" data-end=\"449\">Y\u00fcks\u0259k \u00e7ap keyfiyy\u0259ti<\/strong> \u2013 M\u00fck\u0259mm\u0259l <strong data-start=\"461\" data-end=\"479\">r\u0259ng d\u0259rinliyi<\/strong> v\u0259 <strong data-start=\"483\" data-end=\"501\">k\u0259skin g\u00f6r\u00fcnt\u00fc<\/strong> il\u0259 \u00e7ap edilir.<br data-start=\"517\" data-end=\"520\" \/>\u2705 <strong data-start=\"522\" data-end=\"549\">S\u00fcr\u0259tli v\u0259 effektiv \u00e7ap<\/strong> \u2013 <strong data-start=\"552\" data-end=\"566\">Tez t\u0259hvil<\/strong> veril\u0259n q\u0259zet \u00e7ap\u0131 il\u0259 vaxt itirm\u0259yin.<br data-start=\"605\" data-end=\"608\" \/>\u2705 <strong data-start=\"610\" data-end=\"638\">F\u0259rdi v\u0259 s\u0259m\u0259r\u0259li dizayn<\/strong> \u2013 M\u00f6vzunuza uy\u011fun, <strong data-start=\"658\" data-end=\"693\">oxucular\u0131 c\u0259lb ed\u0259c\u0259k dizaynlar<\/strong>.<br data-start=\"694\" data-end=\"697\" \/>\u2705 <strong data-start=\"699\" data-end=\"733\">Dayan\u0131ql\u0131 v\u0259 keyfiyy\u0259tli ka\u011f\u0131z<\/strong> \u2013 Q\u0259zetinizin keyfiyy\u0259tli materialla n\u0259\u015fri, oxunmas\u0131 asan olur.<br data-start=\"797\" data-end=\"800\" \/>\u2705 <strong data-start=\"802\" data-end=\"829\">B\u00fct\u00fcn \u00f6l\u00e7\u00fc v\u0259 formatlar<\/strong> \u2013 <strong data-start=\"832\" data-end=\"838\">A3<\/strong>, <strong data-start=\"840\" data-end=\"846\">A4<\/strong>, x\u00fcsusi \u00f6l\u00e7\u00fcl\u0259r il\u0259 q\u0259zet \u00e7ap\u0131.<br data-start=\"878\" data-end=\"881\" \/>\u2705 <strong data-start=\"883\" data-end=\"902\">A\u015fa\u011f\u0131 qiym\u0259tl\u0259r<\/strong> \u2013 H\u0259r b\u00fcdc\u0259y\u0259 uy\u011fun qiym\u0259t se\u00e7iml\u0259ri.<\/p>\n<hr data-start=\"944\" data-end=\"949\" \/>\n<h3 data-start=\"951\" data-end=\"993\"><strong data-start=\"955\" data-end=\"991\">Q\u0259zet \u00c7ap\u0131 Kiml\u0259r \u00dc\u00e7\u00fcn Uy\u011fundur?<\/strong><\/h3>\n<p data-start=\"995\" data-end=\"1521\">\ud83d\udccc <strong data-start=\"998\" data-end=\"1033\">\u0130ctimai x\u0259b\u0259rl\u0259r v\u0259 b\u00fclletenl\u0259r<\/strong> \u2013 H\u0259r g\u00fcn yenil\u0259n\u0259n x\u0259b\u0259rl\u0259r, t\u0259hlil v\u0259 m\u0259lumatlar.<br data-start=\"1085\" data-end=\"1088\" \/>\ud83d\udccc <strong data-start=\"1091\" data-end=\"1111\">Biznes q\u0259zetl\u0259ri<\/strong> \u2013 \u0130qtisadiyyat, maliyy\u0259 v\u0259 \u015firk\u0259t m\u0259lumatlar\u0131.<br data-start=\"1158\" data-end=\"1161\" \/>\ud83d\udccc <strong data-start=\"1164\" data-end=\"1199\">M\u0259d\u0259niyy\u0259t v\u0259 \u0259yl\u0259nc\u0259 q\u0259zetl\u0259ri<\/strong> \u2013 Kino, musiqi, teatr, s\u0259rgi v\u0259 dig\u0259r \u0259yl\u0259nc\u0259 x\u0259b\u0259rl\u0259ri.<br data-start=\"1256\" data-end=\"1259\" \/>\ud83d\udccc <strong data-start=\"1262\" data-end=\"1291\">Sosial v\u0259 siyasi q\u0259zetl\u0259r<\/strong> \u2013 C\u0259miyy\u0259t v\u0259 d\u00f6vl\u0259t m\u0259s\u0259l\u0259l\u0259rini \u0259hat\u0259 ed\u0259n q\u0259zetl\u0259r.<br data-start=\"1346\" data-end=\"1349\" \/>\ud83d\udccc <strong data-start=\"1352\" data-end=\"1379\">T\u0259hsil v\u0259 elmi q\u0259zetl\u0259r<\/strong> \u2013 T\u0259dris materiallar\u0131, elmi t\u0259hlil v\u0259 ara\u015fd\u0131rmalar.<br data-start=\"1431\" data-end=\"1434\" \/>\ud83d\udccc <strong data-start=\"1437\" data-end=\"1469\">Reklam v\u0259 t\u0259\u015fviqat q\u0259zetl\u0259ri<\/strong> \u2013 X\u00fcsusi t\u0259klifl\u0259r, kampaniyalar v\u0259 elanlar \u00fc\u00e7\u00fcn.<\/p>\n<\/div>\n<\/div>\n<\/div>\n<\/div>\n<\/div>\n<\/div>\n<\/div>\n<\/div>\n<\/article>\n<\/div>\n<\/div>\n<\/div>\n<\/div>\n<\/div>\n<\/div>\n<\/div>\n<\/div>\n<\/div>\n<\/div>\n<\/div>\n<\/div>\n<\/div>\n<\/div>\n<\/div>\n<\/div>\n<\/article>\n<\/div>\n<\/div>\n<\/div>\n<\/div>\n<\/div>\n<\/div>\n<\/div>\n<\/div>\n<\/div>\n<\/div>\n<\/div>\n<\/div>\n<\/div>\n<\/div>\n<\/div>\n<\/div>\n<\/article>\n<\/div>\n<\/div>\n<\/div>\n<\/div>\n<\/div>\n<\/div>\n<\/div>\n<\/div>\n","protected":false},"excerpt":{"rendered":"<div class=\"flex max-w-full flex-col flex-grow\">\n<div class=\"min-h-8 text-message flex w-full flex-col items-end gap-2 whitespace-normal break-words text-start [.text-message+&amp;]:mt-5\" dir=\"auto\" data-message-author-role=\"assistant\" data-message-id=\"98d38cc5-9248-4116-975b-6a34bf8c7fd1\" data-message-model-slug=\"gpt-4o\">\n<div class=\"flex w-full flex-col gap-1 empty:hidden first:pt-[3px]\">\n<div class=\"markdown prose w-full break-words dark:prose-invert dark\">\n<div class=\"flex max-w-full flex-col flex-grow\">\n<div class=\"min-h-8 text-message flex w-full flex-col items-end gap-2 whitespace-normal break-words text-start [.text-message+&amp;]:mt-5\" dir=\"auto\" data-message-author-role=\"assistant\" data-message-id=\"1906c6ea-43da-4f79-a36c-c894f652ccbe\" data-message-model-slug=\"gpt-4o\">\n<div class=\"flex w-full flex-col gap-1 empty:hidden first:pt-[3px]\">\n<div class=\"markdown prose w-full break-words dark:prose-invert dark\">\n<article class=\"w-full text-token-text-primary focus-visible:outline-2 focus-visible:outline-offset-[-4px]\" dir=\"auto\" data-testid=\"conversation-turn-19\" data-scroll-anchor=\"false\">\n<div class=\"m-auto text-base py-[18px] px-6\">\n<div class=\"mx-auto flex flex-1 text-base gap-4 md:gap-5 lg:gap-6 md:max-w-3xl lg:max-w-[40rem] xl:max-w-[48rem]\">\n<div class=\"group\/conversation-turn relative flex w-full min-w-0 flex-col agent-turn @xs\/thread:px-0 @sm\/thread:px-1.5 @md\/thread:px-4\">\n<div class=\"flex-col gap-1 md:gap-3\">\n<div class=\"flex max-w-full flex-col flex-grow\">\n<div class=\"min-h-8 text-message flex w-full flex-col items-end gap-2 whitespace-normal break-words text-start [.text-message+&amp;]:mt-5\" dir=\"auto\" data-message-author-role=\"assistant\" data-message-id=\"6aa2d671-2b10-4054-aba2-2cd8b179785e\" data-message-model-slug=\"gpt-4o-mini\">\n<div class=\"flex w-full flex-col gap-1 empty:hidden first:pt-[3px]\">\n<div class=\"markdown prose w-full break-words dark:prose-invert dark\">\n<div class=\"flex max-w-full flex-col flex-grow\">\n<div class=\"min-h-8 text-message flex w-full flex-col items-end gap-2 whitespace-normal break-words text-start [.text-message+&amp;]:mt-5\" dir=\"auto\" data-message-author-role=\"assistant\" data-message-id=\"195dffcc-249f-4cce-be96-62f8cdd1629a\" data-message-model-slug=\"gpt-4o-mini\">\n<div class=\"flex w-full flex-col gap-1 empty:hidden first:pt-[3px]\">\n<div class=\"markdown prose w-full break-words dark:prose-invert dark\">\n<h3 data-start=\"1530\" data-end=\"1575\"><strong data-start=\"1534\" data-end=\"1573\">Q\u0259zet \u00c7ap\u0131nda Texniki X\u00fcsusiyy\u0259tl\u0259r<\/strong><\/h3>\n<p data-start=\"1577\" data-end=\"1925\">\ud83d\udccc <strong data-start=\"1580\" data-end=\"1604\">Minimum sifari\u015f say\u0131<\/strong>: 1000 \u0259d\u0259d<br data-start=\"1615\" data-end=\"1618\" \/>\ud83d\udccc <strong data-start=\"1621\" data-end=\"1635\">Ka\u011f\u0131z n\u00f6v\u00fc<\/strong>: 60 qr, 70 qr, 80 qr q\u0259zet ka\u011f\u0131z\u0131<br data-start=\"1669\" data-end=\"1672\" \/>\ud83d\udccc <strong data-start=\"1675\" data-end=\"1693\">\u00c7ap keyfiyy\u0259ti<\/strong>: R\u0259ngli v\u0259 siyah\u0131 a\u011f \u00e7ap, y\u00fcks\u0259k \u00e7\u00f6z\u00fcn\u00fcrl\u00fck<br data-start=\"1737\" data-end=\"1740\" \/>\ud83d\udccc <strong data-start=\"1743\" data-end=\"1757\">Laminasiya<\/strong>: \u0130st\u0259y\u0259 g\u00f6r\u0259, <strong data-start=\"1772\" data-end=\"1779\">mat<\/strong> v\u0259 ya <strong data-start=\"1786\" data-end=\"1796\">parlaq<\/strong> laminasiya<br data-start=\"1807\" data-end=\"1810\" \/>\ud83d\udccc <strong data-start=\"1813\" data-end=\"1831\">Dizayn xidm\u0259ti<\/strong>: 80 AZN (q\u0259zetin ba\u015fl\u0131\u011f\u0131, m\u0259qal\u0259 dizayn\u0131, reklamlar)<br data-start=\"1884\" data-end=\"1887\" \/>\ud83d\udccc <strong data-start=\"1890\" data-end=\"1910\">\u0130stehsal m\u00fcdd\u0259ti<\/strong>: 3-5 i\u015f g\u00fcn\u00fc<\/p>\n<p data-start=\"1927\" data-end=\"1991\">\ud83d\udd39 <strong data-start=\"1930\" data-end=\"1989\">Q\u0259zetinizin m\u00fck\u0259mm\u0259l n\u0259\u015fri \u00fc\u00e7\u00fcn biziml\u0259 \u0259laq\u0259 saxlay\u0131n!<\/strong><\/p>\n<p data-start=\"1993\" data-end=\"2051\">\ud83d\udcde <strong data-start=\"1996\" data-end=\"2030\">Q\u0259zet \u00e7ap\u0131 \u00fc\u00e7\u00fcn biz\u0259 z\u0259ng edin<\/strong>: <strong data-start=\"2032\" data-end=\"2049\">055 292 99 33<\/strong><\/p>\n<p data-start=\"2053\" data-end=\"2198\" data-is-last-node=\"\">Q\u0259zetl\u0259rinizin \u00e7ap\u0131nda keyfiyy\u0259t\u0259 \u00f6n\u0259m verirsinizs\u0259, <strong data-start=\"2106\" data-end=\"2126\">biz\u0259 etibar edin<\/strong>. Biziml\u0259 \u0259laq\u0259 saxlay\u0131n, <strong data-start=\"2152\" data-end=\"2197\">oxucular\u0131n\u0131za pe\u015f\u0259kar n\u0259\u015frl\u0259r t\u0259qdim edin<\/strong>!<\/p>\n<\/div>\n<\/div>\n<\/div>\n<\/div>\n<\/div>\n<\/div>\n<\/div>\n<\/div>\n<\/div>\n<\/div>\n<\/div>\n<\/div>\n<\/article>\n<\/div>\n<\/div>\n<\/div>\n<\/div>\n<\/div>\n<\/div>\n<\/div>\n<\/div>\n","protected":false},"featured_media":1059,"comment_status":"open","ping_status":"closed","template":"","meta":{"om_disable_all_campaigns":false,"_monsterinsights_skip_tracking":false,"_monsterinsights_sitenote_active":false,"_monsterinsights_sitenote_note":"","_monsterinsights_sitenote_category":0,"site-sidebar-layout":"default","site-content-layout":"","ast-site-content-layout":"default","site-content-style":"default","site-sidebar-style":"default","ast-global-header-display":"","ast-banner-title-visibility":"","ast-main-header-display":"","ast-hfb-above-header-display":"","ast-hfb-below-header-display":"","ast-hfb-mobile-header-display":"","site-post-title":"","ast-breadcrumbs-content":"","ast-featured-img":"","footer-sml-layout":"","theme-transparent-header-meta":"default","adv-header-id-meta":"","stick-header-meta":"","header-above-stick-meta":"","header-main-stick-meta":"","header-below-stick-meta":"","astra-migrate-meta-layouts":"set","ast-page-background-enabled":"default","ast-page-background-meta":{"desktop":{"background-color":"","background-image":"","background-repeat":"repeat","background-position":"center center","background-size":"auto","background-attachment":"scroll","background-type":"","background-media":"","overlay-type":"","overlay-color":"","overlay-opacity":"","overlay-gradient":""},"tablet":{"background-color":"","background-image":"","background-repeat":"repeat","background-position":"center center","background-size":"auto","background-attachment":"scroll","background-type":"","background-media":"","overlay-type":"","overlay-color":"","overlay-opacity":"","overlay-gradient":""},"mobile":{"background-color":"","background-image":"","background-repeat":"repeat","background-position":"center center","background-size":"auto","background-attachment":"scroll","background-type":"","background-media":"","overlay-type":"","overlay-color":"","overlay-opacity":"","overlay-gradient":""}},"ast-content-background-meta":{"desktop":{"background-color":"var(--ast-global-color-5)","background-image":"","background-repeat":"repeat","background-position":"center center","background-size":"auto","background-attachment":"scroll","background-type":"","background-media":"","overlay-type":"","overlay-color":"","overlay-opacity":"","overlay-gradient":""},"tablet":{"background-color":"var(--ast-global-color-5)","background-image":"","background-repeat":"repeat","background-position":"center center","background-size":"auto","background-attachment":"scroll","background-type":"","background-media":"","overlay-type":"","overlay-color":"","overlay-opacity":"","overlay-gradient":""},"mobile":{"background-color":"var(--ast-global-color-5)","background-image":"","background-repeat":"repeat","background-position":"center center","background-size":"auto","background-attachment":"scroll","background-type":"","background-media":"","overlay-type":"","overlay-color":"","overlay-opacity":"","overlay-gradient":""}}},"product_brand":[],"product_cat":[24],"product_tag":[41],"class_list":{"0":"post-1053","1":"product","2":"type-product","3":"status-publish","4":"has-post-thumbnail","6":"product_cat-cap-mhsullari","7":"product_tag-qzetlr","8":"desktop-align-left","9":"tablet-align-left","10":"mobile-align-left","12":"first","13":"instock","14":"shipping-taxable","15":"product-type-simple"},"aioseo_notices":[],"_links":{"self":[{"href":"https:\/\/milliprint.az\/index.php?rest_route=\/wp\/v2\/product\/1053","targetHints":{"allow":["GET"]}}],"collection":[{"href":"https:\/\/milliprint.az\/index.php?rest_route=\/wp\/v2\/product"}],"about":[{"href":"https:\/\/milliprint.az\/index.php?rest_route=\/wp\/v2\/types\/product"}],"replies":[{"embeddable":true,"href":"https:\/\/milliprint.az\/index.php?rest_route=%2Fwp%2Fv2%2Fcomments&post=1053"}],"wp:featuredmedia":[{"embeddable":true,"href":"https:\/\/milliprint.az\/index.php?rest_route=\/wp\/v2\/media\/1059"}],"wp:attachment":[{"href":"https:\/\/milliprint.az\/index.php?rest_route=%2Fwp%2Fv2%2Fmedia&parent=1053"}],"wp:term":[{"taxonomy":"product_brand","embeddable":true,"href":"https:\/\/milliprint.az\/index.php?rest_route=%2Fwp%2Fv2%2Fproduct_brand&post=1053"},{"taxonomy":"product_cat","embeddable":true,"href":"https:\/\/milliprint.az\/index.php?rest_route=%2Fwp%2Fv2%2Fproduct_cat&post=1053"},{"taxonomy":"product_tag","embeddable":true,"href":"https:\/\/milliprint.az\/index.php?rest_route=%2Fwp%2Fv2%2Fproduct_tag&post=1053"}],"curies":[{"name":"wp","href":"https:\/\/api.w.org\/{rel}","templated":true}]}}