{"id":1054,"date":"2025-02-18T15:53:18","date_gmt":"2025-02-18T11:53:18","guid":{"rendered":"https:\/\/milliprint.az\/?post_type=product&#038;p=1054"},"modified":"2025-02-18T15:55:16","modified_gmt":"2025-02-18T11:55:16","slug":"t%c9%99dris-v%c9%99saitl%c9%99rinin-hazirlanmasi-t%c9%99dris-v%c9%99saitl%c9%99rinin-qiym%c9%99ti-v%c9%99-sifarisi","status":"publish","type":"product","link":"https:\/\/milliprint.az\/?product=t%c9%99dris-v%c9%99saitl%c9%99rinin-hazirlanmasi-t%c9%99dris-v%c9%99saitl%c9%99rinin-qiym%c9%99ti-v%c9%99-sifarisi","title":{"rendered":"T\u0259dris v\u0259saitl\u0259rinin haz\u0131rlanmas\u0131. T\u0259dris v\u0259saitl\u0259rinin qiym\u0259ti v\u0259 sifari\u015fi"},"content":{"rendered":"<div class=\"flex max-w-full flex-col flex-grow\">\n<div class=\"min-h-8 text-message flex w-full flex-col items-end gap-2 whitespace-normal break-words text-start [.text-message+&amp;]:mt-5\" dir=\"auto\" data-message-author-role=\"assistant\" data-message-id=\"98d38cc5-9248-4116-975b-6a34bf8c7fd1\" data-message-model-slug=\"gpt-4o\">\n<div class=\"flex w-full flex-col gap-1 empty:hidden first:pt-[3px]\">\n<div class=\"markdown prose w-full break-words dark:prose-invert dark\">\n<div class=\"flex max-w-full flex-col flex-grow\">\n<div class=\"min-h-8 text-message flex w-full flex-col items-end gap-2 whitespace-normal break-words text-start [.text-message+&amp;]:mt-5\" dir=\"auto\" data-message-author-role=\"assistant\" data-message-id=\"1906c6ea-43da-4f79-a36c-c894f652ccbe\" data-message-model-slug=\"gpt-4o\">\n<div class=\"flex w-full flex-col gap-1 empty:hidden first:pt-[3px]\">\n<div class=\"markdown prose w-full break-words dark:prose-invert dark\">\n<article class=\"w-full text-token-text-primary focus-visible:outline-2 focus-visible:outline-offset-[-4px]\" dir=\"auto\" data-testid=\"conversation-turn-19\" data-scroll-anchor=\"false\">\n<div class=\"m-auto text-base py-[18px] px-6\">\n<div class=\"mx-auto flex flex-1 text-base gap-4 md:gap-5 lg:gap-6 md:max-w-3xl lg:max-w-[40rem] xl:max-w-[48rem]\">\n<div class=\"group\/conversation-turn relative flex w-full min-w-0 flex-col agent-turn @xs\/thread:px-0 @sm\/thread:px-1.5 @md\/thread:px-4\">\n<div class=\"flex-col gap-1 md:gap-3\">\n<div class=\"flex max-w-full flex-col flex-grow\">\n<div class=\"min-h-8 text-message flex w-full flex-col items-end gap-2 whitespace-normal break-words text-start [.text-message+&amp;]:mt-5\" dir=\"auto\" data-message-author-role=\"assistant\" data-message-id=\"6aa2d671-2b10-4054-aba2-2cd8b179785e\" data-message-model-slug=\"gpt-4o-mini\">\n<div class=\"flex w-full flex-col gap-1 empty:hidden first:pt-[3px]\">\n<div class=\"markdown prose w-full break-words dark:prose-invert dark\">\n<div class=\"flex max-w-full flex-col flex-grow\">\n<div class=\"min-h-8 text-message flex w-full flex-col items-end gap-2 whitespace-normal break-words text-start [.text-message+&amp;]:mt-5\" dir=\"auto\" data-message-author-role=\"assistant\" data-message-id=\"98d38cc5-9248-4116-975b-6a34bf8c7fd1\" data-message-model-slug=\"gpt-4o\">\n<div class=\"flex w-full flex-col gap-1 empty:hidden first:pt-[3px]\">\n<div class=\"markdown prose w-full break-words dark:prose-invert dark\">\n<div class=\"flex max-w-full flex-col flex-grow\">\n<div class=\"min-h-8 text-message flex w-full flex-col items-end gap-2 whitespace-normal break-words text-start [.text-message+&amp;]:mt-5\" dir=\"auto\" data-message-author-role=\"assistant\" data-message-id=\"1906c6ea-43da-4f79-a36c-c894f652ccbe\" data-message-model-slug=\"gpt-4o\">\n<div class=\"flex w-full flex-col gap-1 empty:hidden first:pt-[3px]\">\n<div class=\"markdown prose w-full break-words dark:prose-invert dark\">\n<article class=\"w-full text-token-text-primary focus-visible:outline-2 focus-visible:outline-offset-[-4px]\" dir=\"auto\" data-testid=\"conversation-turn-19\" data-scroll-anchor=\"false\">\n<div class=\"m-auto text-base py-[18px] px-6\">\n<div class=\"mx-auto flex flex-1 text-base gap-4 md:gap-5 lg:gap-6 md:max-w-3xl lg:max-w-[40rem] xl:max-w-[48rem]\">\n<div class=\"group\/conversation-turn relative flex w-full min-w-0 flex-col agent-turn @xs\/thread:px-0 @sm\/thread:px-1.5 @md\/thread:px-4\">\n<div class=\"flex-col gap-1 md:gap-3\">\n<div class=\"flex max-w-full flex-col flex-grow\">\n<div class=\"min-h-8 text-message flex w-full flex-col items-end gap-2 whitespace-normal break-words text-start [.text-message+&amp;]:mt-5\" dir=\"auto\" data-message-author-role=\"assistant\" data-message-id=\"6aa2d671-2b10-4054-aba2-2cd8b179785e\" data-message-model-slug=\"gpt-4o-mini\">\n<div class=\"flex w-full flex-col gap-1 empty:hidden first:pt-[3px]\">\n<div class=\"markdown prose w-full break-words dark:prose-invert dark\">\n<div class=\"flex max-w-full flex-col flex-grow\">\n<div class=\"min-h-8 text-message flex w-full flex-col items-end gap-2 whitespace-normal break-words text-start [.text-message+&amp;]:mt-5\" dir=\"auto\" data-message-author-role=\"assistant\" data-message-id=\"98d38cc5-9248-4116-975b-6a34bf8c7fd1\" data-message-model-slug=\"gpt-4o\">\n<div class=\"flex w-full flex-col gap-1 empty:hidden first:pt-[3px]\">\n<div class=\"markdown prose w-full break-words dark:prose-invert dark\">\n<div class=\"flex max-w-full flex-col flex-grow\">\n<div class=\"min-h-8 text-message flex w-full flex-col items-end gap-2 whitespace-normal break-words text-start [.text-message+&amp;]:mt-5\" dir=\"auto\" data-message-author-role=\"assistant\" data-message-id=\"1906c6ea-43da-4f79-a36c-c894f652ccbe\" data-message-model-slug=\"gpt-4o\">\n<div class=\"flex w-full flex-col gap-1 empty:hidden first:pt-[3px]\">\n<div class=\"markdown prose w-full break-words dark:prose-invert dark\">\n<article class=\"w-full text-token-text-primary focus-visible:outline-2 focus-visible:outline-offset-[-4px]\" dir=\"auto\" data-testid=\"conversation-turn-19\" data-scroll-anchor=\"false\">\n<div class=\"m-auto text-base py-[18px] px-6\">\n<div class=\"mx-auto flex flex-1 text-base gap-4 md:gap-5 lg:gap-6 md:max-w-3xl lg:max-w-[40rem] xl:max-w-[48rem]\">\n<div class=\"group\/conversation-turn relative flex w-full min-w-0 flex-col agent-turn @xs\/thread:px-0 @sm\/thread:px-1.5 @md\/thread:px-4\">\n<div class=\"flex-col gap-1 md:gap-3\">\n<div class=\"flex max-w-full flex-col flex-grow\">\n<div class=\"min-h-8 text-message flex w-full flex-col items-end gap-2 whitespace-normal break-words text-start [.text-message+&amp;]:mt-5\" dir=\"auto\" data-message-author-role=\"assistant\" data-message-id=\"6aa2d671-2b10-4054-aba2-2cd8b179785e\" data-message-model-slug=\"gpt-4o-mini\">\n<div class=\"flex w-full flex-col gap-1 empty:hidden first:pt-[3px]\">\n<div class=\"markdown prose w-full break-words dark:prose-invert dark\">\n<h3 data-start=\"0\" data-end=\"78\"><strong data-start=\"4\" data-end=\"78\">T\u0259dris V\u0259saitl\u0259ri \u00c7ap Xidm\u0259ti \u2013 Y\u00fcks\u0259k Keyfiyy\u0259tli T\u0259hsil Materiallar\u0131<\/strong><\/h3>\n<p data-start=\"80\" data-end=\"432\"><strong data-start=\"80\" data-end=\"101\">T\u0259dris v\u0259saitl\u0259ri<\/strong> \u00e7ap\u0131 il\u0259 t\u0259hsiliniz\u0259 v\u0259 d\u0259rsl\u0259riniz\u0259 <strong data-start=\"139\" data-end=\"158\">pe\u015f\u0259kar yana\u015fma<\/strong>! Biz y\u00fcks\u0259k keyfiyy\u0259tli <strong data-start=\"183\" data-end=\"206\">t\u0259dris materiallar\u0131<\/strong>, <strong data-start=\"208\" data-end=\"231\">t\u0259limat kitab\u00e7alar\u0131<\/strong>, <strong data-start=\"233\" data-end=\"263\">m\u00fc\u0259lliml\u0259r \u00fc\u00e7\u00fcn b\u0259l\u0259d\u00e7il\u0259r<\/strong> v\u0259 <strong data-start=\"267\" data-end=\"301\">\u015fagirdl\u0259r \u00fc\u00e7\u00fcn d\u0259rs v\u0259saitl\u0259ri<\/strong> t\u0259qdim edirik. T\u0259dris m\u00f6vzular\u0131n\u0131z\u0131 m\u00fck\u0259mm\u0259l dizaynla, <strong data-start=\"357\" data-end=\"372\">oxumaq asan<\/strong>, <strong data-start=\"374\" data-end=\"387\">c\u0259lbedici<\/strong> v\u0259 <strong data-start=\"391\" data-end=\"412\">\u00f6yr\u0259nilm\u0259si rahat<\/strong> \u015f\u0259kild\u0259 \u00e7ap edirik.<\/p>\n<hr data-start=\"434\" data-end=\"437\" \/>\n<h3 data-start=\"439\" data-end=\"480\"><strong data-start=\"443\" data-end=\"480\">T\u0259dris V\u0259saitl\u0259rinin \u00dcst\u00fcnl\u00fckl\u0259ri<\/strong><\/h3>\n<p data-start=\"482\" data-end=\"1104\">\u2705 <strong data-start=\"484\" data-end=\"509\">Y\u00fcks\u0259k \u00e7ap keyfiyy\u0259ti<\/strong> \u2013 R\u0259ngl\u0259r v\u0259 \u015f\u0259kill\u0259r \u0259n y\u00fcks\u0259k d\u0259qiqlikl\u0259 \u00e7ap olunur, m\u0259zmun ayd\u0131n v\u0259 oxunaql\u0131d\u0131r.<br data-start=\"593\" data-end=\"596\" \/>\u2705 <strong data-start=\"598\" data-end=\"623\">D\u0259rsl\u0259r\u0259 uy\u011fun dizayn<\/strong> \u2013 H\u0259r bir t\u0259dris m\u00f6vzusuna uy\u011fun <strong data-start=\"657\" data-end=\"675\">\u00f6z\u0259l dizaynlar<\/strong> v\u0259 <strong data-start=\"679\" data-end=\"692\">qrafikl\u0259r<\/strong>.<br data-start=\"693\" data-end=\"696\" \/>\u2705 <strong data-start=\"698\" data-end=\"716\">S\u00fcr\u0259tli t\u0259hvil<\/strong> \u2013 T\u0259dris d\u00f6vr\u00fcn\u0259 uy\u011fun olaraq <strong data-start=\"747\" data-end=\"770\">tez v\u0259 effektiv \u00e7ap<\/strong>.<br data-start=\"771\" data-end=\"774\" \/>\u2705 <strong data-start=\"776\" data-end=\"806\">M\u00fcxt\u0259lif \u00f6l\u00e7\u00fc v\u0259 formatlar<\/strong> \u2013 <strong data-start=\"809\" data-end=\"815\">A4<\/strong>, <strong data-start=\"817\" data-end=\"823\">A3<\/strong>, <strong data-start=\"825\" data-end=\"846\">dizayn format\u0131nda<\/strong> \u00e7ap se\u00e7iml\u0259ri.<br data-start=\"861\" data-end=\"864\" \/>\u2705 <strong data-start=\"866\" data-end=\"889\">Davaml\u0131 materiallar<\/strong> \u2013 Kitab\u00e7alar\u0131n\u0131z\u0131n <strong data-start=\"909\" data-end=\"924\">uzun \u00f6m\u00fcrl\u00fc<\/strong> v\u0259 <strong data-start=\"928\" data-end=\"953\">q\u0131r\u0131lmadan istifad\u0259si<\/strong> \u00fc\u00e7\u00fcn keyfiyy\u0259tli ka\u011f\u0131z istifad\u0259 edilir.<br data-start=\"993\" data-end=\"996\" \/>\u2705 <strong data-start=\"998\" data-end=\"1030\">B\u00fct\u00fcn t\u0259hsil n\u00f6vl\u0259rin\u0259 uy\u011fun<\/strong> \u2013 <strong data-start=\"1033\" data-end=\"1075\">\u00dcmumi t\u0259hsil, ali t\u0259hsil, pe\u015f\u0259 t\u0259hsili<\/strong> v\u0259 <strong data-start=\"1079\" data-end=\"1101\">t\u0259lim materiallar\u0131<\/strong>.<\/p>\n<hr data-start=\"1106\" data-end=\"1109\" \/>\n<h3 data-start=\"1111\" data-end=\"1166\"><strong data-start=\"1115\" data-end=\"1166\">T\u0259dris V\u0259saitl\u0259rinin \u00c7ap\u0131 Kiml\u0259r \u00dc\u00e7\u00fcn Uy\u011fundur?<\/strong><\/h3>\n<p data-start=\"1168\" data-end=\"1788\">\ud83d\udccc <strong data-start=\"1171\" data-end=\"1206\">M\u00fc\u0259lliml\u0259r v\u0259 T\u0259dris M\u0259rk\u0259zl\u0259ri<\/strong> \u2013 T\u0259dris planlar\u0131, d\u0259rs materiallar\u0131, b\u0259l\u0259d\u00e7il\u0259r v\u0259 dig\u0259r t\u0259dris resurslar\u0131.<br data-start=\"1283\" data-end=\"1286\" \/>\ud83d\udccc <strong data-start=\"1289\" data-end=\"1321\">Ali v\u0259 Pe\u015f\u0259 T\u0259hsil Qurumlar\u0131<\/strong> \u2013 Universitetl\u0259r, kollecl\u0259r v\u0259 t\u0259lim m\u0259rk\u0259zl\u0259ri \u00fc\u00e7\u00fcn d\u0259rs v\u0259saitl\u0259ri.<br data-start=\"1391\" data-end=\"1394\" \/>\ud83d\udccc <strong data-start=\"1397\" data-end=\"1432\">\u015e\u0259xsi T\u0259limat\u00e7\u0131lar v\u0259 M\u0259\u015fq\u00e7il\u0259r<\/strong> \u2013 F\u0259rdi t\u0259dris proqramlar\u0131, m\u0259\u015fq\u00e7i v\u0259 m\u00fc\u0259lliml\u0259r \u00fc\u00e7\u00fcn x\u00fcsusi materiallar.<br data-start=\"1506\" data-end=\"1509\" \/>\ud83d\udccc <strong data-start=\"1512\" data-end=\"1547\">T\u0259dris Avadanl\u0131qlar\u0131 Sat\u0131c\u0131lar\u0131<\/strong> \u2013 T\u0259hsil \u00fc\u00e7\u00fcn al\u0259t v\u0259 materiallar\u0131n t\u0259bli\u011fat\u0131 v\u0259 izah\u0131.<br data-start=\"1603\" data-end=\"1606\" \/>\ud83d\udccc <strong data-start=\"1609\" data-end=\"1651\">U\u015faq Ba\u011f\u00e7alar\u0131 v\u0259 \u0130lk T\u0259hsil Qurumlar\u0131<\/strong> \u2013 U\u015faqlar \u00fc\u00e7\u00fcn oyun v\u0259 t\u0259hsil materiallar\u0131.<br data-start=\"1695\" data-end=\"1698\" \/>\ud83d\udccc <strong data-start=\"1701\" data-end=\"1738\">Yarad\u0131c\u0131l\u0131q v\u0259 T\u0259dris Proqramlar\u0131<\/strong> \u2013 Yarat\u0131c\u0131 v\u0259 praktiki t\u0259liml\u0259r \u00fc\u00e7\u00fcn materiallar.<\/p>\n<\/div>\n<\/div>\n<\/div>\n<\/div>\n<\/div>\n<\/div>\n<\/div>\n<\/div>\n<\/article>\n<\/div>\n<\/div>\n<\/div>\n<\/div>\n<\/div>\n<\/div>\n<\/div>\n<\/div>\n<\/div>\n<\/div>\n<\/div>\n<\/div>\n<\/div>\n<\/div>\n<\/div>\n<\/div>\n<\/article>\n<\/div>\n<\/div>\n<\/div>\n<\/div>\n<\/div>\n<\/div>\n<\/div>\n<\/div>\n<\/div>\n<\/div>\n<\/div>\n<\/div>\n<\/div>\n<\/div>\n<\/div>\n<\/div>\n<\/article>\n<\/div>\n<\/div>\n<\/div>\n<\/div>\n<\/div>\n<\/div>\n<\/div>\n<\/div>\n","protected":false},"excerpt":{"rendered":"<div class=\"flex max-w-full flex-col flex-grow\">\n<div class=\"min-h-8 text-message flex w-full flex-col items-end gap-2 whitespace-normal break-words text-start [.text-message+&amp;]:mt-5\" dir=\"auto\" data-message-author-role=\"assistant\" data-message-id=\"98d38cc5-9248-4116-975b-6a34bf8c7fd1\" data-message-model-slug=\"gpt-4o\">\n<div class=\"flex w-full flex-col gap-1 empty:hidden first:pt-[3px]\">\n<div class=\"markdown prose w-full break-words dark:prose-invert dark\">\n<div class=\"flex max-w-full flex-col flex-grow\">\n<div class=\"min-h-8 text-message flex w-full flex-col items-end gap-2 whitespace-normal break-words text-start [.text-message+&amp;]:mt-5\" dir=\"auto\" data-message-author-role=\"assistant\" data-message-id=\"1906c6ea-43da-4f79-a36c-c894f652ccbe\" data-message-model-slug=\"gpt-4o\">\n<div class=\"flex w-full flex-col gap-1 empty:hidden first:pt-[3px]\">\n<div class=\"markdown prose w-full break-words dark:prose-invert dark\">\n<article class=\"w-full text-token-text-primary focus-visible:outline-2 focus-visible:outline-offset-[-4px]\" dir=\"auto\" data-testid=\"conversation-turn-19\" data-scroll-anchor=\"false\">\n<div class=\"m-auto text-base py-[18px] px-6\">\n<div class=\"mx-auto flex flex-1 text-base gap-4 md:gap-5 lg:gap-6 md:max-w-3xl lg:max-w-[40rem] xl:max-w-[48rem]\">\n<div class=\"group\/conversation-turn relative flex w-full min-w-0 flex-col agent-turn @xs\/thread:px-0 @sm\/thread:px-1.5 @md\/thread:px-4\">\n<div class=\"flex-col gap-1 md:gap-3\">\n<div class=\"flex max-w-full flex-col flex-grow\">\n<div class=\"min-h-8 text-message flex w-full flex-col items-end gap-2 whitespace-normal break-words text-start [.text-message+&amp;]:mt-5\" dir=\"auto\" data-message-author-role=\"assistant\" data-message-id=\"6aa2d671-2b10-4054-aba2-2cd8b179785e\" data-message-model-slug=\"gpt-4o-mini\">\n<div class=\"flex w-full flex-col gap-1 empty:hidden first:pt-[3px]\">\n<div class=\"markdown prose w-full break-words dark:prose-invert dark\">\n<div class=\"flex max-w-full flex-col flex-grow\">\n<div class=\"min-h-8 text-message flex w-full flex-col items-end gap-2 whitespace-normal break-words text-start [.text-message+&amp;]:mt-5\" dir=\"auto\" data-message-author-role=\"assistant\" data-message-id=\"195dffcc-249f-4cce-be96-62f8cdd1629a\" data-message-model-slug=\"gpt-4o-mini\">\n<div class=\"flex w-full flex-col gap-1 empty:hidden first:pt-[3px]\">\n<div class=\"markdown prose w-full break-words dark:prose-invert dark\">\n<h3 data-start=\"1795\" data-end=\"1853\"><strong data-start=\"1799\" data-end=\"1853\">T\u0259dris V\u0259saitl\u0259rinin \u00c7ap\u0131nda Texniki X\u00fcsusiyy\u0259tl\u0259r<\/strong><\/h3>\n<p data-start=\"1855\" data-end=\"2208\">\ud83d\udccc <strong data-start=\"1858\" data-end=\"1882\">Minimum sifari\u015f say\u0131<\/strong>: 100 \u0259d\u0259d<br data-start=\"1892\" data-end=\"1895\" \/>\ud83d\udccc <strong data-start=\"1898\" data-end=\"1912\">Ka\u011f\u0131z n\u00f6v\u00fc<\/strong>: 80 qr \u2013 130 qr mat v\u0259 ya parlaq ka\u011f\u0131z<br data-start=\"1951\" data-end=\"1954\" \/>\ud83d\udccc <strong data-start=\"1957\" data-end=\"1975\">\u00c7ap keyfiyy\u0259ti<\/strong>: R\u0259ngli v\u0259 siyah\u0131 a\u011f \u00e7ap, y\u00fcks\u0259k \u00e7\u00f6z\u00fcn\u00fcrl\u00fck<br data-start=\"2019\" data-end=\"2022\" \/>\ud83d\udccc <strong data-start=\"2025\" data-end=\"2043\">Dizayn xidm\u0259ti<\/strong>: 80 AZN (t\u0259dris material\u0131 dizayn\u0131, qrafikl\u0259r, \u015f\u0259kill\u0259r)<br data-start=\"2099\" data-end=\"2102\" \/>\ud83d\udccc <strong data-start=\"2105\" data-end=\"2119\">Laminasiya<\/strong>: \u0130st\u0259y\u0259 g\u00f6r\u0259, <strong data-start=\"2134\" data-end=\"2141\">mat<\/strong> v\u0259 ya <strong data-start=\"2148\" data-end=\"2158\">parlaq<\/strong> laminasiya<br data-start=\"2169\" data-end=\"2172\" \/>\ud83d\udccc <strong data-start=\"2175\" data-end=\"2195\">\u0130stehsal m\u00fcdd\u0259ti<\/strong>: 3-5 i\u015f g\u00fcn\u00fc<\/p>\n<\/div>\n<\/div>\n<\/div>\n<\/div>\n<\/div>\n<\/div>\n<\/div>\n<\/div>\n<\/div>\n<\/div>\n<\/div>\n<\/div>\n<\/article>\n<\/div>\n<\/div>\n<\/div>\n<\/div>\n<\/div>\n<\/div>\n<\/div>\n<\/div>\n","protected":false},"featured_media":1055,"comment_status":"open","ping_status":"closed","template":"","meta":{"om_disable_all_campaigns":false,"_monsterinsights_skip_tracking":false,"_monsterinsights_sitenote_active":false,"_monsterinsights_sitenote_note":"","_monsterinsights_sitenote_category":0,"site-sidebar-layout":"default","site-content-layout":"","ast-site-content-layout":"default","site-content-style":"default","site-sidebar-style":"default","ast-global-header-display":"","ast-banner-title-visibility":"","ast-main-header-display":"","ast-hfb-above-header-display":"","ast-hfb-below-header-display":"","ast-hfb-mobile-header-display":"","site-post-title":"","ast-breadcrumbs-content":"","ast-featured-img":"","footer-sml-layout":"","theme-transparent-header-meta":"default","adv-header-id-meta":"","stick-header-meta":"","header-above-stick-meta":"","header-main-stick-meta":"","header-below-stick-meta":"","astra-migrate-meta-layouts":"set","ast-page-background-enabled":"default","ast-page-background-meta":{"desktop":{"background-color":"","background-image":"","background-repeat":"repeat","background-position":"center center","background-size":"auto","background-attachment":"scroll","background-type":"","background-media":"","overlay-type":"","overlay-color":"","overlay-opacity":"","overlay-gradient":""},"tablet":{"background-color":"","background-image":"","background-repeat":"repeat","background-position":"center center","background-size":"auto","background-attachment":"scroll","background-type":"","background-media":"","overlay-type":"","overlay-color":"","overlay-opacity":"","overlay-gradient":""},"mobile":{"background-color":"","background-image":"","background-repeat":"repeat","background-position":"center center","background-size":"auto","background-attachment":"scroll","background-type":"","background-media":"","overlay-type":"","overlay-color":"","overlay-opacity":"","overlay-gradient":""}},"ast-content-background-meta":{"desktop":{"background-color":"var(--ast-global-color-5)","background-image":"","background-repeat":"repeat","background-position":"center center","background-size":"auto","background-attachment":"scroll","background-type":"","background-media":"","overlay-type":"","overlay-color":"","overlay-opacity":"","overlay-gradient":""},"tablet":{"background-color":"var(--ast-global-color-5)","background-image":"","background-repeat":"repeat","background-position":"center center","background-size":"auto","background-attachment":"scroll","background-type":"","background-media":"","overlay-type":"","overlay-color":"","overlay-opacity":"","overlay-gradient":""},"mobile":{"background-color":"var(--ast-global-color-5)","background-image":"","background-repeat":"repeat","background-position":"center center","background-size":"auto","background-attachment":"scroll","background-type":"","background-media":"","overlay-type":"","overlay-color":"","overlay-opacity":"","overlay-gradient":""}}},"product_brand":[],"product_cat":[24],"product_tag":[42],"class_list":{"0":"post-1054","1":"product","2":"type-product","3":"status-publish","4":"has-post-thumbnail","6":"product_cat-cap-mhsullari","7":"product_tag-tdris-vsaitlri","8":"desktop-align-left","9":"tablet-align-left","10":"mobile-align-left","12":"first","13":"instock","14":"shipping-taxable","15":"product-type-simple"},"aioseo_notices":[],"_links":{"self":[{"href":"https:\/\/milliprint.az\/index.php?rest_route=\/wp\/v2\/product\/1054","targetHints":{"allow":["GET"]}}],"collection":[{"href":"https:\/\/milliprint.az\/index.php?rest_route=\/wp\/v2\/product"}],"about":[{"href":"https:\/\/milliprint.az\/index.php?rest_route=\/wp\/v2\/types\/product"}],"replies":[{"embeddable":true,"href":"https:\/\/milliprint.az\/index.php?rest_route=%2Fwp%2Fv2%2Fcomments&post=1054"}],"wp:featuredmedia":[{"embeddable":true,"href":"https:\/\/milliprint.az\/index.php?rest_route=\/wp\/v2\/media\/1055"}],"wp:attachment":[{"href":"https:\/\/milliprint.az\/index.php?rest_route=%2Fwp%2Fv2%2Fmedia&parent=1054"}],"wp:term":[{"taxonomy":"product_brand","embeddable":true,"href":"https:\/\/milliprint.az\/index.php?rest_route=%2Fwp%2Fv2%2Fproduct_brand&post=1054"},{"taxonomy":"product_cat","embeddable":true,"href":"https:\/\/milliprint.az\/index.php?rest_route=%2Fwp%2Fv2%2Fproduct_cat&post=1054"},{"taxonomy":"product_tag","embeddable":true,"href":"https:\/\/milliprint.az\/index.php?rest_route=%2Fwp%2Fv2%2Fproduct_tag&post=1054"}],"curies":[{"name":"wp","href":"https:\/\/api.w.org\/{rel}","templated":true}]}}