{"id":1056,"date":"2025-02-18T15:55:53","date_gmt":"2025-02-18T11:55:53","guid":{"rendered":"https:\/\/milliprint.az\/?post_type=product&#038;p=1056"},"modified":"2025-02-18T15:58:50","modified_gmt":"2025-02-18T11:58:50","slug":"diplomlar-v%c9%99-sertifikatlarin-hazirlanmasi-diplomlar-v%c9%99-sertifikatlarin-qiym%c9%99ti-v%c9%99-sifarisi","status":"publish","type":"product","link":"https:\/\/milliprint.az\/?product=diplomlar-v%c9%99-sertifikatlarin-hazirlanmasi-diplomlar-v%c9%99-sertifikatlarin-qiym%c9%99ti-v%c9%99-sifarisi","title":{"rendered":"Diplomlar v\u0259 sertifikatlar\u0131n haz\u0131rlanmas\u0131. Diplomlar v\u0259 sertifikatlar\u0131n qiym\u0259ti v\u0259 sifari\u015fi"},"content":{"rendered":"<div class=\"flex max-w-full flex-col flex-grow\">\n<div class=\"min-h-8 text-message flex w-full flex-col items-end gap-2 whitespace-normal break-words text-start [.text-message+&amp;]:mt-5\" dir=\"auto\" data-message-author-role=\"assistant\" data-message-id=\"98d38cc5-9248-4116-975b-6a34bf8c7fd1\" data-message-model-slug=\"gpt-4o\">\n<div class=\"flex w-full flex-col gap-1 empty:hidden first:pt-[3px]\">\n<div class=\"markdown prose w-full break-words dark:prose-invert dark\">\n<div class=\"flex max-w-full flex-col flex-grow\">\n<div class=\"min-h-8 text-message flex w-full flex-col items-end gap-2 whitespace-normal break-words text-start [.text-message+&amp;]:mt-5\" dir=\"auto\" data-message-author-role=\"assistant\" data-message-id=\"1906c6ea-43da-4f79-a36c-c894f652ccbe\" data-message-model-slug=\"gpt-4o\">\n<div class=\"flex w-full flex-col gap-1 empty:hidden first:pt-[3px]\">\n<div class=\"markdown prose w-full break-words dark:prose-invert dark\">\n<article class=\"w-full text-token-text-primary focus-visible:outline-2 focus-visible:outline-offset-[-4px]\" dir=\"auto\" data-testid=\"conversation-turn-19\" data-scroll-anchor=\"false\">\n<div class=\"m-auto text-base py-[18px] px-6\">\n<div class=\"mx-auto flex flex-1 text-base gap-4 md:gap-5 lg:gap-6 md:max-w-3xl lg:max-w-[40rem] xl:max-w-[48rem]\">\n<div class=\"group\/conversation-turn relative flex w-full min-w-0 flex-col agent-turn @xs\/thread:px-0 @sm\/thread:px-1.5 @md\/thread:px-4\">\n<div class=\"flex-col gap-1 md:gap-3\">\n<div class=\"flex max-w-full flex-col flex-grow\">\n<div class=\"min-h-8 text-message flex w-full flex-col items-end gap-2 whitespace-normal break-words text-start [.text-message+&amp;]:mt-5\" dir=\"auto\" data-message-author-role=\"assistant\" data-message-id=\"6aa2d671-2b10-4054-aba2-2cd8b179785e\" data-message-model-slug=\"gpt-4o-mini\">\n<div class=\"flex w-full flex-col gap-1 empty:hidden first:pt-[3px]\">\n<div class=\"markdown prose w-full break-words dark:prose-invert dark\">\n<div class=\"flex max-w-full flex-col flex-grow\">\n<div class=\"min-h-8 text-message flex w-full flex-col items-end gap-2 whitespace-normal break-words text-start [.text-message+&amp;]:mt-5\" dir=\"auto\" data-message-author-role=\"assistant\" data-message-id=\"98d38cc5-9248-4116-975b-6a34bf8c7fd1\" data-message-model-slug=\"gpt-4o\">\n<div class=\"flex w-full flex-col gap-1 empty:hidden first:pt-[3px]\">\n<div class=\"markdown prose w-full break-words dark:prose-invert dark\">\n<div class=\"flex max-w-full flex-col flex-grow\">\n<div class=\"min-h-8 text-message flex w-full flex-col items-end gap-2 whitespace-normal break-words text-start [.text-message+&amp;]:mt-5\" dir=\"auto\" data-message-author-role=\"assistant\" data-message-id=\"1906c6ea-43da-4f79-a36c-c894f652ccbe\" data-message-model-slug=\"gpt-4o\">\n<div class=\"flex w-full flex-col gap-1 empty:hidden first:pt-[3px]\">\n<div class=\"markdown prose w-full break-words dark:prose-invert dark\">\n<article class=\"w-full text-token-text-primary focus-visible:outline-2 focus-visible:outline-offset-[-4px]\" dir=\"auto\" data-testid=\"conversation-turn-19\" data-scroll-anchor=\"false\">\n<div class=\"m-auto text-base py-[18px] px-6\">\n<div class=\"mx-auto flex flex-1 text-base gap-4 md:gap-5 lg:gap-6 md:max-w-3xl lg:max-w-[40rem] xl:max-w-[48rem]\">\n<div class=\"group\/conversation-turn relative flex w-full min-w-0 flex-col agent-turn @xs\/thread:px-0 @sm\/thread:px-1.5 @md\/thread:px-4\">\n<div class=\"flex-col gap-1 md:gap-3\">\n<div class=\"flex max-w-full flex-col flex-grow\">\n<div class=\"min-h-8 text-message flex w-full flex-col items-end gap-2 whitespace-normal break-words text-start [.text-message+&amp;]:mt-5\" dir=\"auto\" data-message-author-role=\"assistant\" data-message-id=\"6aa2d671-2b10-4054-aba2-2cd8b179785e\" data-message-model-slug=\"gpt-4o-mini\">\n<div class=\"flex w-full flex-col gap-1 empty:hidden first:pt-[3px]\">\n<div class=\"markdown prose w-full break-words dark:prose-invert dark\">\n<div class=\"flex max-w-full flex-col flex-grow\">\n<div class=\"min-h-8 text-message flex w-full flex-col items-end gap-2 whitespace-normal break-words text-start [.text-message+&amp;]:mt-5\" dir=\"auto\" data-message-author-role=\"assistant\" data-message-id=\"98d38cc5-9248-4116-975b-6a34bf8c7fd1\" data-message-model-slug=\"gpt-4o\">\n<div class=\"flex w-full flex-col gap-1 empty:hidden first:pt-[3px]\">\n<div class=\"markdown prose w-full break-words dark:prose-invert dark\">\n<div class=\"flex max-w-full flex-col flex-grow\">\n<div class=\"min-h-8 text-message flex w-full flex-col items-end gap-2 whitespace-normal break-words text-start [.text-message+&amp;]:mt-5\" dir=\"auto\" data-message-author-role=\"assistant\" data-message-id=\"1906c6ea-43da-4f79-a36c-c894f652ccbe\" data-message-model-slug=\"gpt-4o\">\n<div class=\"flex w-full flex-col gap-1 empty:hidden first:pt-[3px]\">\n<div class=\"markdown prose w-full break-words dark:prose-invert dark\">\n<article class=\"w-full text-token-text-primary focus-visible:outline-2 focus-visible:outline-offset-[-4px]\" dir=\"auto\" data-testid=\"conversation-turn-19\" data-scroll-anchor=\"false\">\n<div class=\"m-auto text-base py-[18px] px-6\">\n<div class=\"mx-auto flex flex-1 text-base gap-4 md:gap-5 lg:gap-6 md:max-w-3xl lg:max-w-[40rem] xl:max-w-[48rem]\">\n<div class=\"group\/conversation-turn relative flex w-full min-w-0 flex-col agent-turn @xs\/thread:px-0 @sm\/thread:px-1.5 @md\/thread:px-4\">\n<div class=\"flex-col gap-1 md:gap-3\">\n<div class=\"flex max-w-full flex-col flex-grow\">\n<div class=\"min-h-8 text-message flex w-full flex-col items-end gap-2 whitespace-normal break-words text-start [.text-message+&amp;]:mt-5\" dir=\"auto\" data-message-author-role=\"assistant\" data-message-id=\"6aa2d671-2b10-4054-aba2-2cd8b179785e\" data-message-model-slug=\"gpt-4o-mini\">\n<div class=\"flex w-full flex-col gap-1 empty:hidden first:pt-[3px]\">\n<div class=\"markdown prose w-full break-words dark:prose-invert dark\">\n<h3 data-start=\"375\" data-end=\"421\"><strong data-start=\"379\" data-end=\"421\">Diplom v\u0259 Sertifikatlar\u0131n \u00dcst\u00fcnl\u00fckl\u0259ri<\/strong><\/h3>\n<p data-start=\"423\" data-end=\"1051\">\u2705 <strong data-start=\"425\" data-end=\"451\">Y\u00fcks\u0259k keyfiyy\u0259tli \u00e7ap<\/strong> \u2013 <strong data-start=\"454\" data-end=\"471\">Canl\u0131 r\u0259ngl\u0259r<\/strong> v\u0259 <strong data-start=\"475\" data-end=\"515\">q\u0131z\u0131l, g\u00fcm\u00fc\u015f v\u0259 dig\u0259r x\u00fcsusi r\u0259ngl\u0259r<\/strong> il\u0259 \u00e7ap olunur.<br data-start=\"531\" data-end=\"534\" \/>\u2705 <strong data-start=\"536\" data-end=\"569\">Davaml\u0131 v\u0259 prestijli ka\u011f\u0131zlar<\/strong> \u2013 <strong data-start=\"572\" data-end=\"596\">Qal\u0131n v\u0259 z\u0259rif ka\u011f\u0131z<\/strong>, diplomlar\u0131n v\u0259 sertifikatlar\u0131n uzun m\u00fcdd\u0259t saxlanmas\u0131 \u00fc\u00e7\u00fcn.<br data-start=\"657\" data-end=\"660\" \/>\u2705 <strong data-start=\"662\" data-end=\"686\">F\u0259rdi dizayn xidm\u0259ti<\/strong> \u2013 H\u0259r m\u00fc\u015ft\u0259rinin t\u0259l\u0259bl\u0259rin\u0259 uy\u011fun <strong data-start=\"722\" data-end=\"737\">\u00f6z\u0259l dizayn<\/strong> v\u0259 <strong data-start=\"741\" data-end=\"761\">loqo yerl\u0259\u015fdirm\u0259<\/strong>.<br data-start=\"762\" data-end=\"765\" \/>\u2705 <strong data-start=\"767\" data-end=\"785\">S\u00fcr\u0259tli t\u0259hvil<\/strong> \u2013 Sifari\u015fin t\u0259hvil verilm\u0259si s\u00fcr\u0259tli v\u0259 t\u0259hl\u00fck\u0259siz \u015f\u0259kild\u0259.<br data-start=\"845\" data-end=\"848\" \/>\u2705 <strong data-start=\"850\" data-end=\"880\">Pe\u015f\u0259kar t\u0259sdiq v\u0259 m\u00f6h\u00fcrl\u0259r<\/strong> \u2013 Diplom v\u0259 sertifikatlar\u0131n <strong data-start=\"909\" data-end=\"932\">r\u0259smi t\u0259sdiql\u0259nm\u0259si<\/strong> \u00fc\u00e7\u00fcn <strong data-start=\"938\" data-end=\"961\">m\u00f6h\u00fcrl\u0259r v\u0259 imzalar<\/strong>.<br data-start=\"962\" data-end=\"965\" \/>\u2705 <strong data-start=\"967\" data-end=\"996\">\u00c7e\u015fidli \u00f6l\u00e7\u00fc v\u0259 formatlar<\/strong> \u2013 A4, A3, <strong data-start=\"1007\" data-end=\"1024\">\u0259lav\u0259 \u00f6l\u00e7\u00fcl\u0259r<\/strong> v\u0259 <strong data-start=\"1028\" data-end=\"1048\">dizayn se\u00e7iml\u0259ri<\/strong>.<\/p>\n<hr data-start=\"1053\" data-end=\"1056\" \/>\n<h3 data-start=\"1058\" data-end=\"1114\"><strong data-start=\"1062\" data-end=\"1114\">Diplomlar v\u0259 Sertifikatlar Kiml\u0259r \u00dc\u00e7\u00fcn Uy\u011fundur?<\/strong><\/h3>\n<p data-start=\"1116\" data-end=\"1704\">\ud83d\udccc <strong data-start=\"1119\" data-end=\"1139\">T\u0259hsil Qurumlar\u0131<\/strong> \u2013 Universitetl\u0259r, kollecl\u0259r v\u0259 m\u0259kt\u0259bl\u0259r \u00fc\u00e7\u00fcn <strong data-start=\"1186\" data-end=\"1213\">diplom v\u0259 sertifikatlar<\/strong>.<br data-start=\"1214\" data-end=\"1217\" \/>\ud83d\udccc <strong data-start=\"1220\" data-end=\"1245\">Pe\u015f\u0259 T\u0259lim M\u0259rk\u0259zl\u0259ri<\/strong> \u2013 M\u0259\u015f\u011fulluq kurslar\u0131 v\u0259 pe\u015f\u0259 t\u0259hsili \u00fc\u00e7\u00fcn sertifikatlar.<br data-start=\"1302\" data-end=\"1305\" \/>\ud83d\udccc <strong data-start=\"1308\" data-end=\"1341\">Korporativ v\u0259 \u0130\u015f T\u0259\u015fkilatlar\u0131<\/strong> \u2013 \u0130\u015f\u00e7il\u0259r \u00fc\u00e7\u00fcn u\u011fur sertifikatlar\u0131, m\u00fckafat diplomlar\u0131.<br data-start=\"1397\" data-end=\"1400\" \/>\ud83d\udccc <strong data-start=\"1403\" data-end=\"1438\">T\u0259lim v\u0259 Seminar T\u0259\u015fkilat\u00e7\u0131lar\u0131<\/strong> \u2013 Seminarlar, t\u0259liml\u0259r v\u0259 t\u0259hsil proqramlar\u0131 \u00fc\u00e7\u00fcn diplom v\u0259 sertifikatlar.<br data-start=\"1513\" data-end=\"1516\" \/>\ud83d\udccc <strong data-start=\"1519\" data-end=\"1551\">\u0130dman Federasiyalar\u0131 v\u0259 Klub<\/strong> \u2013 \u0130dman f\u0259aliyy\u0259tl\u0259rind\u0259 i\u015ftirak\u00e7\u0131 sertifikatlar\u0131.<br data-start=\"1602\" data-end=\"1605\" \/>\ud83d\udccc <strong data-start=\"1608\" data-end=\"1635\">Yarad\u0131c\u0131l\u0131q Proqramlar\u0131<\/strong> \u2013 Yarad\u0131c\u0131l\u0131q kurslar\u0131na qat\u0131lanlar \u00fc\u00e7\u00fcn diplomlar v\u0259 sertifikatlar.<\/p>\n<\/div>\n<\/div>\n<\/div>\n<\/div>\n<\/div>\n<\/div>\n<\/div>\n<\/div>\n<\/article>\n<\/div>\n<\/div>\n<\/div>\n<\/div>\n<\/div>\n<\/div>\n<\/div>\n<\/div>\n<\/div>\n<\/div>\n<\/div>\n<\/div>\n<\/div>\n<\/div>\n<\/div>\n<\/div>\n<\/article>\n<\/div>\n<\/div>\n<\/div>\n<\/div>\n<\/div>\n<\/div>\n<\/div>\n<\/div>\n<\/div>\n<\/div>\n<\/div>\n<\/div>\n<\/div>\n<\/div>\n<\/div>\n<\/div>\n<\/article>\n<\/div>\n<\/div>\n<\/div>\n<\/div>\n<\/div>\n<\/div>\n<\/div>\n<\/div>\n","protected":false},"excerpt":{"rendered":"<div class=\"flex max-w-full flex-col flex-grow\">\n<div class=\"min-h-8 text-message flex w-full flex-col items-end gap-2 whitespace-normal break-words text-start [.text-message+&amp;]:mt-5\" dir=\"auto\" data-message-author-role=\"assistant\" data-message-id=\"98d38cc5-9248-4116-975b-6a34bf8c7fd1\" data-message-model-slug=\"gpt-4o\">\n<div class=\"flex w-full flex-col gap-1 empty:hidden first:pt-[3px]\">\n<div class=\"markdown prose w-full break-words dark:prose-invert dark\">\n<div class=\"flex max-w-full flex-col flex-grow\">\n<div class=\"min-h-8 text-message flex w-full flex-col items-end gap-2 whitespace-normal break-words text-start [.text-message+&amp;]:mt-5\" dir=\"auto\" data-message-author-role=\"assistant\" data-message-id=\"1906c6ea-43da-4f79-a36c-c894f652ccbe\" data-message-model-slug=\"gpt-4o\">\n<div class=\"flex w-full flex-col gap-1 empty:hidden first:pt-[3px]\">\n<div class=\"markdown prose w-full break-words dark:prose-invert dark\">\n<article class=\"w-full text-token-text-primary focus-visible:outline-2 focus-visible:outline-offset-[-4px]\" dir=\"auto\" data-testid=\"conversation-turn-19\" data-scroll-anchor=\"false\">\n<div class=\"m-auto text-base py-[18px] px-6\">\n<div class=\"mx-auto flex flex-1 text-base gap-4 md:gap-5 lg:gap-6 md:max-w-3xl lg:max-w-[40rem] xl:max-w-[48rem]\">\n<div class=\"group\/conversation-turn relative flex w-full min-w-0 flex-col agent-turn @xs\/thread:px-0 @sm\/thread:px-1.5 @md\/thread:px-4\">\n<div class=\"flex-col gap-1 md:gap-3\">\n<div class=\"flex max-w-full flex-col flex-grow\">\n<div class=\"min-h-8 text-message flex w-full flex-col items-end gap-2 whitespace-normal break-words text-start [.text-message+&amp;]:mt-5\" dir=\"auto\" data-message-author-role=\"assistant\" data-message-id=\"6aa2d671-2b10-4054-aba2-2cd8b179785e\" data-message-model-slug=\"gpt-4o-mini\">\n<div class=\"flex w-full flex-col gap-1 empty:hidden first:pt-[3px]\">\n<div class=\"markdown prose w-full break-words dark:prose-invert dark\">\n<div class=\"flex max-w-full flex-col flex-grow\">\n<div class=\"min-h-8 text-message flex w-full flex-col items-end gap-2 whitespace-normal break-words text-start [.text-message+&amp;]:mt-5\" dir=\"auto\" data-message-author-role=\"assistant\" data-message-id=\"195dffcc-249f-4cce-be96-62f8cdd1629a\" data-message-model-slug=\"gpt-4o-mini\">\n<div class=\"flex w-full flex-col gap-1 empty:hidden first:pt-[3px]\">\n<div class=\"markdown prose w-full break-words dark:prose-invert dark\">\n<h3 data-start=\"1711\" data-end=\"1770\"><strong data-start=\"1715\" data-end=\"1770\">Diplomlar v\u0259 Sertifikatlar\u0131n Texniki X\u00fcsusiyy\u0259tl\u0259ri<\/strong><\/h3>\n<p data-start=\"1772\" data-end=\"2184\">\ud83d\udccc <strong data-start=\"1775\" data-end=\"1799\">Minimum sifari\u015f say\u0131<\/strong>: 10 \u0259d\u0259d<br data-start=\"1808\" data-end=\"1811\" \/>\ud83d\udccc <strong data-start=\"1814\" data-end=\"1828\">Ka\u011f\u0131z n\u00f6v\u00fc<\/strong>: 250 qr v\u0259 ya daha qal\u0131n <strong data-start=\"1854\" data-end=\"1878\">q\u0131z\u0131l v\u0259 g\u00fcm\u00fc\u015f ka\u011f\u0131z<\/strong><br data-start=\"1878\" data-end=\"1881\" \/>\ud83d\udccc <strong data-start=\"1884\" data-end=\"1902\">\u00c7ap keyfiyy\u0259ti<\/strong>: R\u0259ngli \u00e7ap, <strong data-start=\"1916\" data-end=\"1937\">q\u0131z\u0131l\/g\u00fcm\u00fc\u015f \u00fczl\u00fck<\/strong>, <strong data-start=\"1939\" data-end=\"1949\">parlaq<\/strong> v\u0259 ya <strong data-start=\"1956\" data-end=\"1974\">mat laminasiya<\/strong><br data-start=\"1974\" data-end=\"1977\" \/>\ud83d\udccc <strong data-start=\"1980\" data-end=\"2013\">Laminasiya v\u0259 \u0259lav\u0259 qrafikl\u0259r<\/strong>: <strong data-start=\"2015\" data-end=\"2032\">Mat v\u0259 parlaq<\/strong> laminasiya, <strong data-start=\"2045\" data-end=\"2066\">qrafik elementl\u0259r<\/strong> v\u0259 <strong data-start=\"2070\" data-end=\"2082\">m\u00f6h\u00fcrl\u0259r<\/strong><br data-start=\"2082\" data-end=\"2085\" \/>\ud83d\udccc <strong data-start=\"2088\" data-end=\"2106\">Dizayn xidm\u0259ti<\/strong>: 80 AZN (diplom v\u0259 sertifikat dizayn\u0131)<br data-start=\"2145\" data-end=\"2148\" \/>\ud83d\udccc <strong data-start=\"2151\" data-end=\"2171\">\u0130stehsal m\u00fcdd\u0259ti<\/strong>: 3-5 i\u015f g\u00fcn\u00fc<\/p>\n<hr data-start=\"2186\" data-end=\"2189\" \/>\n<h3 data-start=\"2191\" data-end=\"2259\"><strong data-start=\"2195\" data-end=\"2259\">Diplomlar v\u0259 Sertifikatlar \u00c7ap\u0131 \u00dc\u00e7\u00fcn Biziml\u0259 \u018flaq\u0259 Saxlay\u0131n!<\/strong><\/h3>\n<p data-start=\"2261\" data-end=\"2338\">\ud83d\udcde <strong data-start=\"2264\" data-end=\"2319\">Qiym\u0259tl\u0259r v\u0259 sifari\u015fl\u0259r \u00fc\u00e7\u00fcn biziml\u0259 \u0259laq\u0259 saxlay\u0131n<\/strong>: <strong data-start=\"2321\" data-end=\"2338\">055 292 99 33<\/strong><\/p>\n<p data-start=\"2340\" data-end=\"2602\" data-is-last-node=\"\">Diplom v\u0259 sertifikatlar\u0131n\u0131z\u0131 <strong data-start=\"2369\" data-end=\"2388\">pe\u015f\u0259kar \u015f\u0259kild\u0259<\/strong> \u00e7ap edin v\u0259 m\u00fckafatlar\u0131n\u0131z\u0131 <strong data-start=\"2417\" data-end=\"2453\">prestijli s\u0259n\u0259dl\u0259rl\u0259 t\u0259qdim edin<\/strong>. <strong data-start=\"2455\" data-end=\"2497\">F\u0259rdi dizayn v\u0259 y\u00fcks\u0259k keyfiyy\u0259tli \u00e7ap<\/strong> il\u0259 u\u011furlar\u0131n\u0131z\u0131 qeyd edin! Biziml\u0259 \u0259laq\u0259 saxlay\u0131n v\u0259 <strong data-start=\"2552\" data-end=\"2601\">sertifikatlar\u0131n\u0131z\u0131 m\u00fck\u0259mm\u0259l formada \u0259ld\u0259 edin<\/strong>!<\/p>\n<\/div>\n<\/div>\n<\/div>\n<\/div>\n<\/div>\n<\/div>\n<\/div>\n<\/div>\n<\/div>\n<\/div>\n<\/div>\n<\/div>\n<\/article>\n<\/div>\n<\/div>\n<\/div>\n<\/div>\n<\/div>\n<\/div>\n<\/div>\n<\/div>\n","protected":false},"featured_media":1057,"comment_status":"open","ping_status":"closed","template":"","meta":{"om_disable_all_campaigns":false,"_monsterinsights_skip_tracking":false,"_monsterinsights_sitenote_active":false,"_monsterinsights_sitenote_note":"","_monsterinsights_sitenote_category":0,"site-sidebar-layout":"default","site-content-layout":"","ast-site-content-layout":"default","site-content-style":"default","site-sidebar-style":"default","ast-global-header-display":"","ast-banner-title-visibility":"","ast-main-header-display":"","ast-hfb-above-header-display":"","ast-hfb-below-header-display":"","ast-hfb-mobile-header-display":"","site-post-title":"","ast-breadcrumbs-content":"","ast-featured-img":"","footer-sml-layout":"","theme-transparent-header-meta":"default","adv-header-id-meta":"","stick-header-meta":"","header-above-stick-meta":"","header-main-stick-meta":"","header-below-stick-meta":"","astra-migrate-meta-layouts":"set","ast-page-background-enabled":"default","ast-page-background-meta":{"desktop":{"background-color":"","background-image":"","background-repeat":"repeat","background-position":"center center","background-size":"auto","background-attachment":"scroll","background-type":"","background-media":"","overlay-type":"","overlay-color":"","overlay-opacity":"","overlay-gradient":""},"tablet":{"background-color":"","background-image":"","background-repeat":"repeat","background-position":"center center","background-size":"auto","background-attachment":"scroll","background-type":"","background-media":"","overlay-type":"","overlay-color":"","overlay-opacity":"","overlay-gradient":""},"mobile":{"background-color":"","background-image":"","background-repeat":"repeat","background-position":"center center","background-size":"auto","background-attachment":"scroll","background-type":"","background-media":"","overlay-type":"","overlay-color":"","overlay-opacity":"","overlay-gradient":""}},"ast-content-background-meta":{"desktop":{"background-color":"var(--ast-global-color-5)","background-image":"","background-repeat":"repeat","background-position":"center center","background-size":"auto","background-attachment":"scroll","background-type":"","background-media":"","overlay-type":"","overlay-color":"","overlay-opacity":"","overlay-gradient":""},"tablet":{"background-color":"var(--ast-global-color-5)","background-image":"","background-repeat":"repeat","background-position":"center center","background-size":"auto","background-attachment":"scroll","background-type":"","background-media":"","overlay-type":"","overlay-color":"","overlay-opacity":"","overlay-gradient":""},"mobile":{"background-color":"var(--ast-global-color-5)","background-image":"","background-repeat":"repeat","background-position":"center center","background-size":"auto","background-attachment":"scroll","background-type":"","background-media":"","overlay-type":"","overlay-color":"","overlay-opacity":"","overlay-gradient":""}}},"product_brand":[],"product_cat":[24],"product_tag":[43],"class_list":{"0":"post-1056","1":"product","2":"type-product","3":"status-publish","4":"has-post-thumbnail","6":"product_cat-cap-mhsullari","7":"product_tag-diplomlar-v-sertifikatlar","8":"desktop-align-left","9":"tablet-align-left","10":"mobile-align-left","12":"first","13":"instock","14":"shipping-taxable","15":"product-type-simple"},"aioseo_notices":[],"_links":{"self":[{"href":"https:\/\/milliprint.az\/index.php?rest_route=\/wp\/v2\/product\/1056","targetHints":{"allow":["GET"]}}],"collection":[{"href":"https:\/\/milliprint.az\/index.php?rest_route=\/wp\/v2\/product"}],"about":[{"href":"https:\/\/milliprint.az\/index.php?rest_route=\/wp\/v2\/types\/product"}],"replies":[{"embeddable":true,"href":"https:\/\/milliprint.az\/index.php?rest_route=%2Fwp%2Fv2%2Fcomments&post=1056"}],"wp:featuredmedia":[{"embeddable":true,"href":"https:\/\/milliprint.az\/index.php?rest_route=\/wp\/v2\/media\/1057"}],"wp:attachment":[{"href":"https:\/\/milliprint.az\/index.php?rest_route=%2Fwp%2Fv2%2Fmedia&parent=1056"}],"wp:term":[{"taxonomy":"product_brand","embeddable":true,"href":"https:\/\/milliprint.az\/index.php?rest_route=%2Fwp%2Fv2%2Fproduct_brand&post=1056"},{"taxonomy":"product_cat","embeddable":true,"href":"https:\/\/milliprint.az\/index.php?rest_route=%2Fwp%2Fv2%2Fproduct_cat&post=1056"},{"taxonomy":"product_tag","embeddable":true,"href":"https:\/\/milliprint.az\/index.php?rest_route=%2Fwp%2Fv2%2Fproduct_tag&post=1056"}],"curies":[{"name":"wp","href":"https:\/\/api.w.org\/{rel}","templated":true}]}}